{"id":1304,"date":"2013-02-09T16:27:39","date_gmt":"2013-02-09T15:27:39","guid":{"rendered":"http:\/\/scheidung-beratung-online.de\/?page_id=1304"},"modified":"2023-09-26T10:07:24","modified_gmt":"2023-09-26T09:07:24","slug":"scheidungskosten","status":"publish","type":"page","link":"https:\/\/scheidung-beratung-online.de\/?page_id=1304","title":{"rendered":"SCHEIDUNGSKOSTEN"},"content":{"rendered":"<p><span style=\"font-family: arial, helvetica, sans-serif; font-size: 16px;\"><span style=\"color: #000000; font-weight: bold;\">Wie hoch sind die Scheidungskosten bei der<\/span><strong style=\"color: #000000;\"> Online-Kanzlei Twitting?<\/strong><\/span><\/p>\n<ul>\n<li><span style=\"font-size: 16px; font-family: arial, helvetica, sans-serif;\">Kostenauskunft telefonisch m\u00f6glich. Rufen Sie uns an<\/span><\/li>\n<li><span style=\"color: #000000; font-size: 16px; font-family: arial, helvetica, sans-serif;\">kostenfreie Scheidung bei geringem Einkommen<\/span><\/li>\n<li><span style=\"color: #000000; font-size: 16px; font-family: arial, helvetica, sans-serif;\"><a href=\"http:\/\/scheidung-beratung-online.de\/?p=214\">komfortable Ratenzahlung ist m\u00f6glich<\/a><\/span><\/li>\n<li><span style=\"color: #000000; font-size: 16px; font-family: arial, helvetica, sans-serif;\">Schutz vor unn\u00f6tigen Kosten<\/span><\/li>\n<\/ul>\n<p><span style=\"font-size: 16px; font-family: arial, helvetica, sans-serif;\">Die Online-Kanzlei Twitting garantiert Ihnen, in jeder Phase des Scheidungsverfahrens auf einen m\u00f6glichst geringen Gegenstandswert hinzuwirken, um die Kosten so gering wie m\u00f6glich zu halten.<\/span><\/p>\n<h1><span style=\"color: #000000;\"><span style=\"font-family: arial, helvetica, sans-serif; font-size: 16px;\">Sie wollen wissen, wie hoch die Kosten ganz pr\u00e4zise sind?\u00a0<\/span><\/span><\/h1>\n<ul>\n<li><span style=\"font-size: 16px; font-family: arial, helvetica, sans-serif;\">senden Sie eine Email an <strong><span style=\"text-decoration: underline;\"><a href=\"mailto:info@twitting.eu\">info@twitting.eu<\/a><\/span><\/strong><span style=\"color: #000000;\">\u00a0oder\u00a0<\/span><\/span><\/li>\n<li><span style=\"font-size: 16px; font-family: arial, helvetica, sans-serif;\">rufen Sie an unter <strong>02331 409319<\/strong><span style=\"color: #000000;\">\u00a0<\/span><\/span><\/li>\n<\/ul>\n<p><span style=\"font-family: arial, helvetica, sans-serif; font-size: 16px;\"><span style=\"color: #000000;\"><strong>Wir machen Ihnen einen Kostenvoranschlag, der nat\u00fcrlich kostenlos ist.<\/strong><\/span> <strong><a href=\"http:\/\/scheidung-beratung-online.de\/\">Startseite<\/a><\/strong><\/span><\/p>\n","protected":false},"excerpt":{"rendered":"<p>Wie hoch sind die Scheidungskosten bei der Online-Kanzlei Twitting? Kostenauskunft telefonisch m\u00f6glich. Rufen Sie uns an kostenfreie Scheidung bei geringem Einkommen komfortable Ratenzahlung ist m\u00f6glich Schutz vor unn\u00f6tigen Kosten Die Online-Kanzlei Twitting garantiert Ihnen, in jeder Phase des Scheidungsverfahrens auf &hellip; <a href=\"https:\/\/scheidung-beratung-online.de\/?page_id=1304\">Weiterlesen <span class=\"meta-nav\">&rarr;<\/span><\/a><\/p>\n","protected":false},"author":1,"featured_media":0,"parent":0,"menu_order":3,"comment_status":"open","ping_status":"closed","template":"","meta":[],"aioseo_notices":[],"acf":[],"_links":{"self":[{"href":"https:\/\/scheidung-beratung-online.de\/index.php?rest_route=\/wp\/v2\/pages\/1304"}],"collection":[{"href":"https:\/\/scheidung-beratung-online.de\/index.php?rest_route=\/wp\/v2\/pages"}],"about":[{"href":"https:\/\/scheidung-beratung-online.de\/index.php?rest_route=\/wp\/v2\/types\/page"}],"author":[{"embeddable":true,"href":"https:\/\/scheidung-beratung-online.de\/index.php?rest_route=\/wp\/v2\/users\/1"}],"replies":[{"embeddable":true,"href":"https:\/\/scheidung-beratung-online.de\/index.php?rest_route=%2Fwp%2Fv2%2Fcomments&post=1304"}],"version-history":[{"count":116,"href":"https:\/\/scheidung-beratung-online.de\/index.php?rest_route=\/wp\/v2\/pages\/1304\/revisions"}],"predecessor-version":[{"id":2915,"href":"https:\/\/scheidung-beratung-online.de\/index.php?rest_route=\/wp\/v2\/pages\/1304\/revisions\/2915"}],"wp:attachment":[{"href":"https:\/\/scheidung-beratung-online.de\/index.php?rest_route=%2Fwp%2Fv2%2Fmedia&parent=1304"}],"curies":[{"name":"wp","href":"https:\/\/api.w.org\/{rel}","templated":true}]}}