{"id":1686,"date":"2013-03-24T13:33:13","date_gmt":"2013-03-24T12:33:13","guid":{"rendered":"http:\/\/scheidung-beratung-online.de\/?page_id=1686"},"modified":"2023-06-29T12:37:11","modified_gmt":"2023-06-29T11:37:11","slug":"welches-gericht-ist-zustandig","status":"publish","type":"page","link":"https:\/\/scheidung-beratung-online.de\/?page_id=1686","title":{"rendered":"Welches Gericht ist zust\u00e4ndig?"},"content":{"rendered":"<p><span style=\"font-size: 16px; font-family: arial, helvetica, sans-serif;\"><span style=\"color: #000000;\">Sie wollen die Scheidung aus dem Ausland? Sie wollen wissen, welches Gericht in Deutschland f\u00fcr Sie da ist?!<\/span> \u00a0 <span style=\"color: #000000;\">Wenn Ehe-Mann und Ehe-Frau Deutsche sind oder aber einer von beiden jedenfalls Deutscher ist, dann ist das so:<\/span><\/span><\/p>\n<ul>\n<li><span style=\"color: #000000; font-size: 16px; font-family: arial, helvetica, sans-serif;\">Leben beide im Ausland, so ist das Gericht Berlin Sch\u00f6neberg das richtige Gericht.<\/span><\/li>\n<li><span style=\"font-family: arial, helvetica, sans-serif; font-size: 16px;\">Lebt nur einer im Ausland und der andere in Deutschland und gibt es keine<span style=\"color: #000000;\"> Kinder, dann ist das Gericht f\u00fcr die Scheidung da, wo der Ehepartner wohnt, der in Deutschland lebt.<\/span><\/span><\/li>\n<\/ul>\n<p><span style=\"font-size: 16px; font-family: arial, helvetica, sans-serif;\"><span style=\"color: #000000;\">Sie wollen es ganz genau wissen, dann sehen Sie sich mein<\/span> <a title=\"Video Gericht zust\u00e4ndig internationale Scheidung\" href=\"https:\/\/www.youtube.com\/watch?v=7Qk-OyCg0lc\" target=\"_blank\" rel=\"noopener\">Video auf YouTube<\/a> <span style=\"color: #000000;\">an.<\/span><\/span><\/p>\n<p><span style=\"font-size: medium;\"><span style=\"font-family: arial, helvetica, sans-serif; font-size: 16px;\"><span style=\"color: #000000;\">Ich erkl\u00e4re Ihnen gerne auch pers\u00f6nlich, welches Gericht das richtige f\u00fcr Ihre Scheidung ist.<\/span>\u00a0<span style=\"color: #000000;\">\u00dcbrigens: Die Online-Kanzlei Twitting kann die Scheidung f\u00fcr Sie vor jedem Gericht in Deutschland einreichen.<\/span><\/span><\/span><\/p>\n<p><span style=\"font-size: medium;\">\u00a0Zur\u00fcck zu <a href=\"https:\/\/scheidung-beratung-online.de\/?page_id=2087\">&#8222;Scheidung aus dem Ausland&#8220;<\/a> \u00a0<\/span><\/p>\n<p dir=\"ltr\"><span style=\"font-family: arial, helvetica, sans-serif; font-size: 16px;\">Wir freuen uns darauf, Ihnen zu helfen. F\u00fcllen Sie das <a title=\"Scheidungsformular\" href=\"http:\/\/scheidung-beratung-online.de\/?page_id=2148\" target=\"_blank\" rel=\"noopener\">Scheidungsformular<\/a>\u00a0aus oder nehmen Sie \u00fcber Telefon oder E-Mail Kontakt zu uns auf:<\/span><\/p>\n<p dir=\"ltr\"><span style=\"font-family: arial, helvetica, sans-serif; font-size: 16px;\"><strong>Telefon: 02331-409319<\/strong><\/span><\/p>\n<p dir=\"ltr\"><span style=\"font-family: arial, helvetica, sans-serif; font-size: 16px;\">E-Mail:<strong>\u00a0info@twitting.eu<\/strong><\/span><\/p>\n","protected":false},"excerpt":{"rendered":"<p>Sie wollen die Scheidung aus dem Ausland? Sie wollen wissen, welches Gericht in Deutschland f\u00fcr Sie da ist?! \u00a0 Wenn Ehe-Mann und Ehe-Frau Deutsche sind oder aber einer von beiden jedenfalls Deutscher ist, dann ist das so: Leben beide im &hellip; <a href=\"https:\/\/scheidung-beratung-online.de\/?page_id=1686\">Weiterlesen <span class=\"meta-nav\">&rarr;<\/span><\/a><\/p>\n","protected":false},"author":1,"featured_media":0,"parent":2,"menu_order":0,"comment_status":"open","ping_status":"open","template":"","meta":[],"aioseo_notices":[],"acf":[],"_links":{"self":[{"href":"https:\/\/scheidung-beratung-online.de\/index.php?rest_route=\/wp\/v2\/pages\/1686"}],"collection":[{"href":"https:\/\/scheidung-beratung-online.de\/index.php?rest_route=\/wp\/v2\/pages"}],"about":[{"href":"https:\/\/scheidung-beratung-online.de\/index.php?rest_route=\/wp\/v2\/types\/page"}],"author":[{"embeddable":true,"href":"https:\/\/scheidung-beratung-online.de\/index.php?rest_route=\/wp\/v2\/users\/1"}],"replies":[{"embeddable":true,"href":"https:\/\/scheidung-beratung-online.de\/index.php?rest_route=%2Fwp%2Fv2%2Fcomments&post=1686"}],"version-history":[{"count":25,"href":"https:\/\/scheidung-beratung-online.de\/index.php?rest_route=\/wp\/v2\/pages\/1686\/revisions"}],"predecessor-version":[{"id":2924,"href":"https:\/\/scheidung-beratung-online.de\/index.php?rest_route=\/wp\/v2\/pages\/1686\/revisions\/2924"}],"up":[{"embeddable":true,"href":"https:\/\/scheidung-beratung-online.de\/index.php?rest_route=\/wp\/v2\/pages\/2"}],"wp:attachment":[{"href":"https:\/\/scheidung-beratung-online.de\/index.php?rest_route=%2Fwp%2Fv2%2Fmedia&parent=1686"}],"curies":[{"name":"wp","href":"https:\/\/api.w.org\/{rel}","templated":true}]}}