{"id":1726,"date":"2013-04-23T18:17:02","date_gmt":"2013-04-23T17:17:02","guid":{"rendered":"http:\/\/scheidung-beratung-online.de\/?page_id=1726"},"modified":"2025-10-05T18:39:50","modified_gmt":"2025-10-05T17:39:50","slug":"garantie-scheidung-so-gunstig-wie-moglich","status":"publish","type":"page","link":"https:\/\/scheidung-beratung-online.de\/?page_id=1726","title":{"rendered":"GARANTIE: SCHEIDUNG-SO-G\u00dcNSTIG-WIE-M\u00d6GLICH!"},"content":{"rendered":"<h1><span style=\"font-size: medium;\"><a href=\"https:\/\/scheidung-beratung-online.de\/wp-content\/uploads\/2025\/01\/Kosten_sparen_Scheidung_AdobeStock_383298566-scaled.jpeg\"><img decoding=\"async\" loading=\"lazy\" class=\"alignright wp-image-3227\" src=\"https:\/\/scheidung-beratung-online.de\/wp-content\/uploads\/2025\/01\/Kosten_sparen_Scheidung_AdobeStock_383298566-1024x410.jpeg\" alt=\"\" width=\"450\" height=\"180\" srcset=\"https:\/\/scheidung-beratung-online.de\/wp-content\/uploads\/2025\/01\/Kosten_sparen_Scheidung_AdobeStock_383298566-1024x410.jpeg 1024w, https:\/\/scheidung-beratung-online.de\/wp-content\/uploads\/2025\/01\/Kosten_sparen_Scheidung_AdobeStock_383298566-300x120.jpeg 300w, https:\/\/scheidung-beratung-online.de\/wp-content\/uploads\/2025\/01\/Kosten_sparen_Scheidung_AdobeStock_383298566-768x307.jpeg 768w, https:\/\/scheidung-beratung-online.de\/wp-content\/uploads\/2025\/01\/Kosten_sparen_Scheidung_AdobeStock_383298566-1536x614.jpeg 1536w, https:\/\/scheidung-beratung-online.de\/wp-content\/uploads\/2025\/01\/Kosten_sparen_Scheidung_AdobeStock_383298566-2048x819.jpeg 2048w, https:\/\/scheidung-beratung-online.de\/wp-content\/uploads\/2025\/01\/Kosten_sparen_Scheidung_AdobeStock_383298566-500x200.jpeg 500w\" sizes=\"(max-width: 450px) 100vw, 450px\" \/><\/a><\/span><\/h1>\n<p><span style=\"font-size: medium;\">Die Online-Kanzlei Twitting wird bei jedem Schritt des Scheidungsverfahrens darauf achten, Kosten zu sparen.\u00a0<\/span><\/p>\n<p><span style=\"color: #000000; font-size: medium;\">So kann gespart werden: (Scheidung kostenlos mit Verfahrenskostenhilfe, <\/span><a style=\"font-size: medium;\" href=\"http:\/\/scheidung-beratung-online.de\/?p=959\">hier klicken!<\/a><span style=\"color: #000000; font-size: medium;\">)<\/span><\/p>\n<h1><span style=\"font-size: medium;\">I. Eine Einigung mit dem Ehepartner <strong>spart den zweiten Rechtsanwalt<\/strong>.\u00a0<\/span><\/h1>\n<p><span style=\"font-size: medium;\">Nur der Ehepartner braucht einen Anwalt, der die Scheidung einreicht. Der andere Ehepartner muss sich keinen Anwalt nehmen.<\/span><\/p>\n<h1><span style=\"font-size: medium;\">II. Das Ziel: Niedriger Verfahrenswert. 30% Reduzierung.<\/span><\/h1>\n<p><span style=\"font-size: medium;\"><span style=\"color: #000000;\">Was die Scheidung kostet, h\u00e4ngt von dem Verfahrenswert ab. Um diesen<\/span><span style=\"color: #000000;\"> gering zu halten, wird die Kanzlei-Twitting bei Gericht beantragen, den Verfahrenswert um bis zu 30% zu reduzieren. Entsprechend dem Beschluss des Oberlandesgericht D\u00fcsseldorf vom 17.03.1999, 5 WF 222\/98, ist eine entsprechende Verringerung des Verfahrenswertes bei einer Scheidung ohne Streit m\u00f6glich.<\/span><\/span><\/p>\n<h1><span style=\"font-size: medium;\">III. <strong>Vermeiden Sie Streit \u00fcber Unterhalt, Verm\u00f6gensausgleich oder Sorgerecht.<\/strong><\/span><\/h1>\n<p><span style=\"font-size: medium;\"> <span style=\"color: #000000;\">Stellen Sie einen Scheidungsantrag, macht das Gericht auch nur die Scheidung. Verzichten Sie auf alles Zus\u00e4tzliche, das die Kosten nur aufbl\u00e4ht. Einigen Sie sich stattdessen au\u00dfergerichtlich mit Ihrem Partner. Das hilft Kosten zu sparen.<\/span><\/span><\/p>\n<h1><span style=\"font-size: medium;\">IV. Kein pers\u00f6nlicher Termin beim Anwalt.<\/span><\/h1>\n<p><span style=\"font-size: medium;\"><span style=\"color: #000000;\">Sie brauchen bei uns keinen pers\u00f6nlichen <span style=\"font-size: 16px;\">Termin,<\/span> es sei denn, Sie wollen einen. Dadurch verschwenden keine Zeit f\u00fcr die Anreise zu einem Termin. Wir erledigen alles mit moderen Kommunikationsmitteln.<\/span><\/span><\/p>\n<h1>V. Keine Anreise zu Gericht.<\/h1>\n<p><span style=\"font-size: medium; color: #000000;\">Wohnen Sie weit weg vom Gericht in Deutschland, dann beantragen wir bei Gericht, dass Sie nicht zum Scheidungstermin erscheinen m\u00fcssen. Statt dessen werden Sie per Videokonferenz teilnehmen oder ein schriftliche Erkl\u00e4rung zum Scheidungswunsch abgeben k\u00f6nnen.<\/span><\/p>\n<h1><span style=\"color: #000000; font-size: medium;\">VI. <\/span><span style=\"font-size: medium;\"><span style=\"color: #000000;\">Komfortable Zahlung der Anwaltskosten in Raten.<\/span><\/span><\/h1>\n<p><span style=\"font-size: medium;\"><span style=\"color: #000000;\">Sie k\u00f6nnen die Anwaltskosten in Raten zahlen. Das ist bei der Kanzlei Twitting kein Problem.<\/span><\/span><\/p>\n<p dir=\"ltr\"><span style=\"font-size: 16px;\">Wir freuen uns darauf, Ihnen zu helfen.\u00a0F\u00fcllen Sie einfach das\u00a0<a href=\"https:\/\/scheidung-beratung-online.de\/?page_id=2148\" target=\"_blank\" rel=\"noopener\">Scheidungsformular<\/a>\u00a0aus oder nehmen Sie direkt Kontakt zu uns auf:<\/span><\/p>\n<p dir=\"ltr\"><span style=\"font-size: 16px;\">Festnetz aus Deutschland:\u00a0<a href=\"tel:+492331409319\"><strong>02331 409319<\/strong><\/a><\/span><\/p>\n<p dir=\"ltr\"><span style=\"font-size: 16px;\">Festnetz aus dem Ausland:\u00a0<a href=\"tel:+492331409319\"><strong>+492331409319<\/strong><\/a><\/span><\/p>\n<p dir=\"ltr\"><span style=\"font-size: 16px;\">Handy:\u00a0<strong><a href=\"tel:+491721570178\">+491721570178<\/a><\/strong><\/span><\/p>\n<p dir=\"ltr\"><span style=\"font-size: 16px;\">E-Mail:<strong>\u00a0<a href=\"mailto:info@twitting.eu\">info@twitting.eu<\/a><\/strong><\/span><\/p>\n<p dir=\"ltr\"><span style=\"font-size: 16px;\"><strong><a href=\"https:\/\/wa.me\/491721570178\">WhatsApp<\/a><\/strong><\/span><\/p>\n<p><a href=\"http:\/\/scheidung-beratung-online.de\/\"><span style=\"font-size: 16px;\">Startseite<\/span><\/a><\/p>\n","protected":false},"excerpt":{"rendered":"<p>Die Online-Kanzlei Twitting wird bei jedem Schritt des Scheidungsverfahrens darauf achten, Kosten zu sparen.\u00a0 So kann gespart werden: (Scheidung kostenlos mit Verfahrenskostenhilfe, hier klicken!) I. Eine Einigung mit dem Ehepartner spart den zweiten Rechtsanwalt.\u00a0 Nur der Ehepartner braucht einen Anwalt, &hellip; <a href=\"https:\/\/scheidung-beratung-online.de\/?page_id=1726\">Weiterlesen <span class=\"meta-nav\">&rarr;<\/span><\/a><\/p>\n","protected":false},"author":1,"featured_media":0,"parent":1304,"menu_order":0,"comment_status":"open","ping_status":"open","template":"","meta":[],"aioseo_notices":[],"acf":[],"_links":{"self":[{"href":"https:\/\/scheidung-beratung-online.de\/index.php?rest_route=\/wp\/v2\/pages\/1726"}],"collection":[{"href":"https:\/\/scheidung-beratung-online.de\/index.php?rest_route=\/wp\/v2\/pages"}],"about":[{"href":"https:\/\/scheidung-beratung-online.de\/index.php?rest_route=\/wp\/v2\/types\/page"}],"author":[{"embeddable":true,"href":"https:\/\/scheidung-beratung-online.de\/index.php?rest_route=\/wp\/v2\/users\/1"}],"replies":[{"embeddable":true,"href":"https:\/\/scheidung-beratung-online.de\/index.php?rest_route=%2Fwp%2Fv2%2Fcomments&post=1726"}],"version-history":[{"count":28,"href":"https:\/\/scheidung-beratung-online.de\/index.php?rest_route=\/wp\/v2\/pages\/1726\/revisions"}],"predecessor-version":[{"id":3886,"href":"https:\/\/scheidung-beratung-online.de\/index.php?rest_route=\/wp\/v2\/pages\/1726\/revisions\/3886"}],"up":[{"embeddable":true,"href":"https:\/\/scheidung-beratung-online.de\/index.php?rest_route=\/wp\/v2\/pages\/1304"}],"wp:attachment":[{"href":"https:\/\/scheidung-beratung-online.de\/index.php?rest_route=%2Fwp%2Fv2%2Fmedia&parent=1726"}],"curies":[{"name":"wp","href":"https:\/\/api.w.org\/{rel}","templated":true}]}}