{"id":2142,"date":"2017-09-01T18:49:05","date_gmt":"2017-09-01T17:49:05","guid":{"rendered":"http:\/\/scheidung-beratung-online.de\/?page_id=2142"},"modified":"2025-05-01T20:05:29","modified_gmt":"2025-05-01T19:05:29","slug":"scheidungskosten-2","status":"publish","type":"page","link":"https:\/\/scheidung-beratung-online.de\/?page_id=2142","title":{"rendered":"Scheidungskostenrechner &#8211; erstaunlich schnell und individuell"},"content":{"rendered":"<p><span style=\"font-family: helvetica, arial, sans-serif; font-size: 16px;\">Was kostet eine Scheidung? Das ist eine wichtige Frage, die eine exakte Antwort verdient.<\/span><\/p>\n<p><span style=\"font-family: helvetica, arial, sans-serif; font-size: 16px;\">Die Scheidungskosten bestehen aus Anwalts- und Gerichtsgeb\u00fchren. Diese richten sich nach dem sog. &#8222;Verfahrenswert&#8220;, der auf dem Nettoeinkommen und dem Verm\u00f6gen der Eheleute basiert. Beim Verm\u00f6gen gibt es allerdings Freibetr\u00e4ge und vom Einkommen existieren bestimmte Abz\u00fcge, z.B. ein Bonus f\u00fcr jedes Kind.<\/span><\/p>\n<p><span style=\"font-family: helvetica, arial, sans-serif;\"><span style=\"font-size: 16px;\">Maschinell mit Hilfe sogenannter &#8222;Online-Scheidungskostenrechner&#8220; ermittelte<a href=\"https:\/\/scheidung-beratung-online.de\/wp-content\/uploads\/2025\/01\/Kosten_sparen_Scheidung_AdobeStock_383298566-scaled.jpeg\"><img decoding=\"async\" loading=\"lazy\" class=\"alignright wp-image-3227\" src=\"https:\/\/scheidung-beratung-online.de\/wp-content\/uploads\/2025\/01\/Kosten_sparen_Scheidung_AdobeStock_383298566-300x120.jpeg\" alt=\"\" width=\"450\" height=\"180\" srcset=\"https:\/\/scheidung-beratung-online.de\/wp-content\/uploads\/2025\/01\/Kosten_sparen_Scheidung_AdobeStock_383298566-300x120.jpeg 300w, https:\/\/scheidung-beratung-online.de\/wp-content\/uploads\/2025\/01\/Kosten_sparen_Scheidung_AdobeStock_383298566-1024x410.jpeg 1024w, https:\/\/scheidung-beratung-online.de\/wp-content\/uploads\/2025\/01\/Kosten_sparen_Scheidung_AdobeStock_383298566-768x307.jpeg 768w, https:\/\/scheidung-beratung-online.de\/wp-content\/uploads\/2025\/01\/Kosten_sparen_Scheidung_AdobeStock_383298566-1536x614.jpeg 1536w, https:\/\/scheidung-beratung-online.de\/wp-content\/uploads\/2025\/01\/Kosten_sparen_Scheidung_AdobeStock_383298566-2048x819.jpeg 2048w, https:\/\/scheidung-beratung-online.de\/wp-content\/uploads\/2025\/01\/Kosten_sparen_Scheidung_AdobeStock_383298566-500x200.jpeg 500w\" sizes=\"(max-width: 450px) 100vw, 450px\" \/><\/a> Geb\u00fchren sind oft falsch. Ein<\/span><span style=\"font-size: 16px;\"> Scheidungskostenrechner ber\u00fccksichtigt nur Standardverh\u00e4ltnisse, aber nicht die <\/span><span style=\"font-size: 16px;\">individuelle, wirtschaftliche und famili\u00e4re Situation jedes Ehegatten. Jede Scheidung ist anders und deswegen ist auch jede Kostenermittlung anders. Selbstverst\u00e4ndlich werden von mir Optionen der <a href=\"https:\/\/scheidung-beratung-online.de\/?page_id=1726\" target=\"_blank\" rel=\"noopener\">Kostensparung<\/a> ber\u00fccksichtigt, wie der M\u00f6glichkeit bei einer einvernehmlichen \/ einfachen Scheidung eine Verringerung des Verfahrenswertes um bis zu 30% zu erreichen und damit eine deutliche Reduzierung der Kosten sicherzustellen.\u00a0<\/span><\/span><\/p>\n<p><span style=\"font-size: 16px;\">Nehmen Sie einfach Kontakt zu mir auf und ich berechne Ihnen garantiert die genauen Kosten Ihres Scheidungsverfahrens. Gerne sende ich Ihnen gratis einen detallierten Kostenvoranschlag.<\/span><\/p>\n<p dir=\"ltr\"><span style=\"font-size: 16px;\">Festnetz aus Deutschland:\u00a0<a href=\"tel:+492331409319\"><strong>02331 409319<\/strong><\/a><\/span><\/p>\n<p dir=\"ltr\"><span style=\"font-size: 16px;\">Festnetz aus dem Ausland:\u00a0<a href=\"tel:+492331409319\"><strong>+492331409319<\/strong><\/a><\/span><\/p>\n<p dir=\"ltr\"><span style=\"font-size: 16px;\">Handy:\u00a0<strong><a href=\"tel:+491721570178\">+491721570178<\/a><\/strong><\/span><\/p>\n<p dir=\"ltr\"><span style=\"font-size: 16px;\">E-Mail:<strong>\u00a0<a href=\"mailto:info@twitting.eu\">info@twitting.eu<\/a><\/strong><\/span><\/p>\n<p dir=\"ltr\"><span style=\"font-size: 16px;\"><strong><a href=\"https:\/\/wa.me\/491721570178\">WhatsApp<\/a><\/strong><\/span><\/p>\n<p><a href=\"http:\/\/scheidung-beratung-online.de\/\"><span style=\"font-size: 16px;\">Startseite<\/span><\/a><\/p>\n","protected":false},"excerpt":{"rendered":"<p>Was kostet eine Scheidung? Das ist eine wichtige Frage, die eine exakte Antwort verdient. Die Scheidungskosten bestehen aus Anwalts- und Gerichtsgeb\u00fchren. Diese richten sich nach dem sog. &#8222;Verfahrenswert&#8220;, der auf dem Nettoeinkommen und dem Verm\u00f6gen der Eheleute basiert. Beim Verm\u00f6gen &hellip; <a href=\"https:\/\/scheidung-beratung-online.de\/?page_id=2142\">Weiterlesen <span class=\"meta-nav\">&rarr;<\/span><\/a><\/p>\n","protected":false},"author":1,"featured_media":0,"parent":0,"menu_order":0,"comment_status":"open","ping_status":"open","template":"","meta":[],"aioseo_notices":[],"acf":[],"_links":{"self":[{"href":"https:\/\/scheidung-beratung-online.de\/index.php?rest_route=\/wp\/v2\/pages\/2142"}],"collection":[{"href":"https:\/\/scheidung-beratung-online.de\/index.php?rest_route=\/wp\/v2\/pages"}],"about":[{"href":"https:\/\/scheidung-beratung-online.de\/index.php?rest_route=\/wp\/v2\/types\/page"}],"author":[{"embeddable":true,"href":"https:\/\/scheidung-beratung-online.de\/index.php?rest_route=\/wp\/v2\/users\/1"}],"replies":[{"embeddable":true,"href":"https:\/\/scheidung-beratung-online.de\/index.php?rest_route=%2Fwp%2Fv2%2Fcomments&post=2142"}],"version-history":[{"count":39,"href":"https:\/\/scheidung-beratung-online.de\/index.php?rest_route=\/wp\/v2\/pages\/2142\/revisions"}],"predecessor-version":[{"id":3615,"href":"https:\/\/scheidung-beratung-online.de\/index.php?rest_route=\/wp\/v2\/pages\/2142\/revisions\/3615"}],"wp:attachment":[{"href":"https:\/\/scheidung-beratung-online.de\/index.php?rest_route=%2Fwp%2Fv2%2Fmedia&parent=2142"}],"curies":[{"name":"wp","href":"https:\/\/api.w.org\/{rel}","templated":true}]}}