{"id":2154,"date":"2017-09-01T19:20:31","date_gmt":"2017-09-01T18:20:31","guid":{"rendered":"http:\/\/scheidung-beratung-online.de\/?page_id=2154"},"modified":"2024-01-01T18:32:36","modified_gmt":"2024-01-01T17:32:36","slug":"scheidungsanwalt","status":"publish","type":"page","link":"https:\/\/scheidung-beratung-online.de\/?page_id=2154","title":{"rendered":"SCHEIDUNGSANWALT"},"content":{"rendered":"<p dir=\"ltr\"><span style=\"font-family: arial, helvetica, sans-serif; font-size: 16px;\"><span style=\"color: #000000;\">Ich bin Ihr pers\u00f6nl<\/span><span style=\"color: #000000;\">icher Scheidungsanwalt.<\/span><\/span><\/p>\n<p dir=\"ltr\"><span style=\"color: #000000; font-size: medium;\"><a href=\"https:\/\/scheidung-beratung-online.de\/wp-content\/uploads\/2017\/09\/RA-Twitting-KB1.jpg\"><img decoding=\"async\" loading=\"lazy\" class=\" wp-image-2735 alignright\" title=\"Scheidung Anwalt Twitting\" src=\"https:\/\/scheidung-beratung-online.de\/wp-content\/uploads\/2017\/09\/RA-Twitting-KB1-274x300.jpg\" alt=\"Scheidungsanwalt\" width=\"278\" height=\"303\" srcset=\"https:\/\/scheidung-beratung-online.de\/wp-content\/uploads\/2017\/09\/RA-Twitting-KB1-274x300.jpg 274w, https:\/\/scheidung-beratung-online.de\/wp-content\/uploads\/2017\/09\/RA-Twitting-KB1-938x1024.jpg 938w, https:\/\/scheidung-beratung-online.de\/wp-content\/uploads\/2017\/09\/RA-Twitting-KB1.jpg 1876w\" sizes=\"(max-width: 278px) 100vw, 278px\" \/><\/a><span style=\"font-family: arial, helvetica, sans-serif; font-size: 16px;\">Seit mehr als 25 Jahren \u00fcbernehme ich Scheidungsmandate. Die entsprechende Erfahrung zahlt sich f\u00fcr Sie aus.<\/span><\/span><\/p>\n<p dir=\"ltr\"><span style=\"color: #000000; font-size: 16px; font-family: arial, helvetica, sans-serif;\">Von Anfang an habe ich auch internationale Scheidungen vertreten, also solche Scheidungen mit Ehepartnern unterschiedlicher Nationalit\u00e4ten und Wohnorten auf der ganzen Welt. Davon werden Sie profitieren.<\/span><\/p>\n<p dir=\"ltr\"><span style=\"font-size: 16px; color: #000000; font-family: arial, helvetica, sans-serif;\">Meine T\u00e4tigkeit als Anwalt habe ich 1996 begonnen. Mein Studium habe ich an der Ruhr-Universit\u00e4t Bochum absolviert.<\/span><\/p>\n<p dir=\"ltr\"><span style=\"font-family: arial, helvetica, sans-serif; font-size: 16px;\"><strong>Kontakt<\/strong><\/span><\/p>\n<p dir=\"ltr\"><span style=\"font-family: arial, helvetica, sans-serif; font-size: 16px;\">Telefon aus Deutschland: <\/span><span style=\"font-size: 16px;\"><strong>02331 409319<\/strong><\/span><\/p>\n<p dir=\"ltr\"><span style=\"font-family: arial, helvetica, sans-serif; font-size: 16px;\">Telefon aus dem Ausland: <strong>+492331409319<\/strong><\/span><\/p>\n<p dir=\"ltr\"><span style=\"font-family: arial, helvetica, sans-serif; font-size: 16px;\">E-Mail:<\/span><strong><span style=\"font-family: arial, helvetica, sans-serif; font-size: 16px;\">\u00a0info@twitting.eu<\/span><code><\/code><\/strong><\/p>\n","protected":false},"excerpt":{"rendered":"<p>Ich bin Ihr pers\u00f6nlicher Scheidungsanwalt. Seit mehr als 25 Jahren \u00fcbernehme ich Scheidungsmandate. Die entsprechende Erfahrung zahlt sich f\u00fcr Sie aus. Von Anfang an habe ich auch internationale Scheidungen vertreten, also solche Scheidungen mit Ehepartnern unterschiedlicher Nationalit\u00e4ten und Wohnorten auf &hellip; <a href=\"https:\/\/scheidung-beratung-online.de\/?page_id=2154\">Weiterlesen <span class=\"meta-nav\">&rarr;<\/span><\/a><\/p>\n","protected":false},"author":1,"featured_media":0,"parent":0,"menu_order":0,"comment_status":"open","ping_status":"open","template":"","meta":[],"aioseo_notices":[],"acf":[],"_links":{"self":[{"href":"https:\/\/scheidung-beratung-online.de\/index.php?rest_route=\/wp\/v2\/pages\/2154"}],"collection":[{"href":"https:\/\/scheidung-beratung-online.de\/index.php?rest_route=\/wp\/v2\/pages"}],"about":[{"href":"https:\/\/scheidung-beratung-online.de\/index.php?rest_route=\/wp\/v2\/types\/page"}],"author":[{"embeddable":true,"href":"https:\/\/scheidung-beratung-online.de\/index.php?rest_route=\/wp\/v2\/users\/1"}],"replies":[{"embeddable":true,"href":"https:\/\/scheidung-beratung-online.de\/index.php?rest_route=%2Fwp%2Fv2%2Fcomments&post=2154"}],"version-history":[{"count":31,"href":"https:\/\/scheidung-beratung-online.de\/index.php?rest_route=\/wp\/v2\/pages\/2154\/revisions"}],"predecessor-version":[{"id":3059,"href":"https:\/\/scheidung-beratung-online.de\/index.php?rest_route=\/wp\/v2\/pages\/2154\/revisions\/3059"}],"wp:attachment":[{"href":"https:\/\/scheidung-beratung-online.de\/index.php?rest_route=%2Fwp%2Fv2%2Fmedia&parent=2154"}],"curies":[{"name":"wp","href":"https:\/\/api.w.org\/{rel}","templated":true}]}}