{"id":2216,"date":"2017-09-05T08:08:26","date_gmt":"2017-09-05T07:08:26","guid":{"rendered":"http:\/\/scheidung-beratung-online.de\/?page_id=2216"},"modified":"2023-06-29T16:32:19","modified_gmt":"2023-06-29T15:32:19","slug":"scheidung-mit-auslander","status":"publish","type":"page","link":"https:\/\/scheidung-beratung-online.de\/?page_id=2216","title":{"rendered":"Scheidung von Ausl\u00e4nder"},"content":{"rendered":"<p><span style=\"font-size: medium;\"><strong><span style=\"font-family: arial, helvetica, sans-serif; font-size: 16px;\">Was ist bei der Scheidung von einem Ausl\u00e4nder oder von einer Ausl\u00e4nderin zu beachten?<\/span><\/strong><a href=\"http:\/\/scheidung-beratung-online.de\/wp-content\/uploads\/2017\/09\/Scheidung-couple.jpg\"><img decoding=\"async\" loading=\"lazy\" class=\"alignright size-medium wp-image-2323\" title=\"Internationale Scheidung\" src=\"http:\/\/scheidung-beratung-online.de\/wp-content\/uploads\/2017\/09\/Scheidung-couple-300x200.jpg\" alt=\"\" width=\"300\" height=\"200\" srcset=\"https:\/\/scheidung-beratung-online.de\/wp-content\/uploads\/2017\/09\/Scheidung-couple-300x200.jpg 300w, https:\/\/scheidung-beratung-online.de\/wp-content\/uploads\/2017\/09\/Scheidung-couple.jpg 424w\" sizes=\"(max-width: 300px) 100vw, 300px\" \/><\/a><\/span><\/p>\n<p><span style=\"color: #000000; font-weight: bold; font-family: arial, helvetica, sans-serif; font-size: 16px;\">Deutsches Gericht<\/span><\/p>\n<p><span style=\"font-family: arial, helvetica, sans-serif; font-size: 16px;\">Sind Sie selbst Deutsche oder Deutscher, so ist immer ein Gericht in Deutschland zust\u00e4ndig. Das gilt auch, wenn Sie mit einem Ausl\u00e4nder oder einer Ausl\u00e4nderin verheiratet sind. <\/span><\/p>\n<p><span style=\"font-family: arial, helvetica, sans-serif; font-size: 16px;\">Dabei ist es egal, ob Sie in Deutschland oder im Ausland wohnen. Sind beide Ehepartner Ausl\u00e4nder, dann kann der Antrag auf Ehescheidung trotzdem vor einem deutschen Gericht gestellt werden, wenn beide in Deutschland wohnen.<\/span><\/p>\n<ul>\n<li><span style=\"font-family: arial, helvetica, sans-serif; font-size: 16px;\">Achtung: Bei einer Scheidung von einem Ausl\u00e4nder sind oft Gerichte in mehreren L\u00e4ndern gleichzeitig zust\u00e4ndig. Dann kommt es darauf an, in welchem Land der Antrag auf Ehescheidung zuerst gestellt wird.<\/span><\/li>\n<li><span style=\"font-family: arial, helvetica, sans-serif; font-size: 16px;\">Achtung:\u00a0 Deutschland-Bonus <a title=\"Scheidung kostenlos. Verfahrenskostenhilfe.\" href=\"http:\/\/scheidung-beratung-online.de\/?page_id=2095\" target=\"_blank\" rel=\"noopener\">+++Scheidung kostenlos+++<\/a> mit <a title=\"Kostenlose Scheidung. Verfahrenskostenhilfe.\" href=\"http:\/\/scheidung-beratung-online.de\/?page_id=2095\" target=\"_blank\" rel=\"noopener\">Verfahrenskostenhilfe<\/a>.<\/span><\/li>\n<\/ul>\n<h1><span style=\"font-family: arial, helvetica, sans-serif; font-size: 16px;\">Welches Recht gilt<\/span><\/h1>\n<p><span style=\"font-size: 16px; font-family: arial, helvetica, sans-serif;\">Wo Sie geheiratet haben, ist f\u00fcr das Scheidungsrecht egal. Welches Recht Anwendung findet ist in der <a title=\"Internationale Scheidung. Welches Recht gilt.\" href=\"http:\/\/scheidung-beratung-online.de\/?page_id=1694\" target=\"_blank\" rel=\"noopener\">&#8222;Rom-III-Verordnung&#8220;<\/a> geregelt. Nach dieser Verordnung k\u00f6nnen Sie in vielen F\u00e4llen das Recht f\u00fcr Ihre Scheidung selbst w\u00e4hlen.<\/span><\/p>\n<h1><span style=\"font-family: arial, helvetica, sans-serif; font-size: 16px;\">Wird die Scheidung im Ausland anerkannt<\/span><\/h1>\n<p><span style=\"font-size: 16px; font-family: arial, helvetica, sans-serif;\">Sind Sie Ausl\u00e4nder, so ist es sehr wichtig, dass die Deutsche Scheidung auch in Ihrem Heimatland anerkannt wird. Sonst k\u00f6nnen Sie nicht wieder heiraten. F\u00fcr eine neue Heirat brauchen Sie n\u00e4mlich aus Ihrem Heimatland eine Bescheinigung, dass Sie wirklich geschieden sind.\u00a0Ob und unter welchen Regeln die Deutsche Scheidung in welchem Land der Erde anerkannt wird ist sehr kompliziert und kann an dieser Stelle nicht umfassend erkl\u00e4rt werden. \u00a0\u00a0<\/span><\/p>\n<h1><span style=\"font-family: arial, helvetica, sans-serif; font-size: 16px;\">Sie haben Fragen?<\/span><\/h1>\n<p><span style=\"font-family: arial, helvetica, sans-serif; font-size: 16px;\">Hier erhalten Sie Antworten. Die Erstberatung ist kostenlos: Telefon international <strong>+492331409319<\/strong>\u00a0 Telefon aus Deutschland <strong>02331-409319<\/strong> Email:\u00a0<strong><a href=\"mailto:info@twitting.eu\">info@twitting.eu<\/a>\u00a0<\/strong><\/span><\/p>\n","protected":false},"excerpt":{"rendered":"<p>Was ist bei der Scheidung von einem Ausl\u00e4nder oder von einer Ausl\u00e4nderin zu beachten? Deutsches Gericht Sind Sie selbst Deutsche oder Deutscher, so ist immer ein Gericht in Deutschland zust\u00e4ndig. Das gilt auch, wenn Sie mit einem Ausl\u00e4nder oder einer &hellip; <a href=\"https:\/\/scheidung-beratung-online.de\/?page_id=2216\">Weiterlesen <span class=\"meta-nav\">&rarr;<\/span><\/a><\/p>\n","protected":false},"author":1,"featured_media":0,"parent":0,"menu_order":0,"comment_status":"open","ping_status":"open","template":"","meta":[],"aioseo_notices":[],"acf":[],"_links":{"self":[{"href":"https:\/\/scheidung-beratung-online.de\/index.php?rest_route=\/wp\/v2\/pages\/2216"}],"collection":[{"href":"https:\/\/scheidung-beratung-online.de\/index.php?rest_route=\/wp\/v2\/pages"}],"about":[{"href":"https:\/\/scheidung-beratung-online.de\/index.php?rest_route=\/wp\/v2\/types\/page"}],"author":[{"embeddable":true,"href":"https:\/\/scheidung-beratung-online.de\/index.php?rest_route=\/wp\/v2\/users\/1"}],"replies":[{"embeddable":true,"href":"https:\/\/scheidung-beratung-online.de\/index.php?rest_route=%2Fwp%2Fv2%2Fcomments&post=2216"}],"version-history":[{"count":22,"href":"https:\/\/scheidung-beratung-online.de\/index.php?rest_route=\/wp\/v2\/pages\/2216\/revisions"}],"predecessor-version":[{"id":2938,"href":"https:\/\/scheidung-beratung-online.de\/index.php?rest_route=\/wp\/v2\/pages\/2216\/revisions\/2938"}],"wp:attachment":[{"href":"https:\/\/scheidung-beratung-online.de\/index.php?rest_route=%2Fwp%2Fv2%2Fmedia&parent=2216"}],"curies":[{"name":"wp","href":"https:\/\/api.w.org\/{rel}","templated":true}]}}