{"id":2466,"date":"2017-12-15T09:43:08","date_gmt":"2017-12-15T08:43:08","guid":{"rendered":"http:\/\/scheidung-beratung-online.de\/?page_id=2466"},"modified":"2023-06-29T11:16:40","modified_gmt":"2023-06-29T10:16:40","slug":"anerkennung-auslandischer-scheidung-in-deutschland","status":"publish","type":"page","link":"https:\/\/scheidung-beratung-online.de\/?page_id=2466","title":{"rendered":"Anerkennung ausl\u00e4ndischer Scheidung in Deutschland"},"content":{"rendered":"<p><span style=\"font-family: arial, helvetica, sans-serif; font-size: 16px;\">Ehescheidungen aus dem Ausland werden in Deutschland nicht immer automatisch anerkannt. Eine neue Ehe kann man in Deutschland nicht schlie\u00dfen, solange die im Ausland geschiedene Ehe nicht in Deutschland anerkannt wird.<\/span><\/p>\n<p><span style=\"font-family: arial, helvetica, sans-serif; font-size: 16px;\">Ehescheidungen aus EU-Mitgliedsstaaten (au\u00dfer D\u00e4nemark) m\u00fcssen nicht in Deutschland anerkannt werden.<\/span><\/p>\n<p><span style=\"font-family: arial, helvetica, sans-serif; font-size: 16px;\">Aber, wenn eine Anerkennung gew\u00fcnscht wird, kann man die Anerkennung der Scheidung durch das Familiengericht deklarieren.<\/span><\/p>\n<p><span style=\"font-family: arial, helvetica, sans-serif; font-size: 16px;\">F\u00fcr die Anerkennung eine Ehescheidung aus Nicht-EU-Mitgliedstaaten und D\u00e4nemark braucht man Originale der Heiratsurkunde und der Scheidungsurkunde \u00a0mit deutscher \u00dcbersetzung. Falls die Heiratsurkunde verloren gegangen ist, beantragen wir gerne eine neue beim zust\u00e4ndigen Standesamt.<\/span><\/p>\n<p><span style=\"font-family: arial, helvetica, sans-serif; font-size: 16px;\">Bei der Anerkennung der Scheidung handelt sich um einen Bescheid der Landesjustizverwaltung des Bundeslandes, in dem ein Ehegatte seinen gew\u00f6hnlichen Aufenthalt hat. Wann keiner der Ehegatten seinen Aufenthalt in Deutschland hat, aber eine neue Ehe in Deutschland geschlossen werden soll, richtet sich die \u00f6rtliche Zust\u00e4ndigkeit nach dem Ort der geplanten Eheschlie\u00dfung.<\/span><\/p>\n<p><span style=\"font-family: arial, helvetica, sans-serif; font-size: 16px;\">Nach Anerkennung der ausl\u00e4ndische Scheidung besucht man das Einwohnermeldeamt, um den Familienstand \u00e4ndern zu lassen. Nur dann darf man wieder eine neue Ehe in Deutschland schlie\u00dfen.<\/span><\/p>\n<p dir=\"ltr\"><span style=\"font-family: arial, helvetica, sans-serif; font-size: 16px;\">Wir freuen uns darauf, Ihnen zu helfen. F\u00fcllen Sie das <a title=\"Scheidungsformular\" href=\"http:\/\/scheidung-beratung-online.de\/?page_id=2148\" target=\"_blank\" rel=\"noopener\">Scheidungsformular<\/a>\u00a0aus oder nehmen Sie \u00fcber Telefon oder E-Mail Kontakt zu uns auf:<\/span><\/p>\n<p dir=\"ltr\"><span style=\"font-family: arial, helvetica, sans-serif; font-size: 16px;\"><strong>Telefon: 02331-409319<\/strong><\/span><\/p>\n<p dir=\"ltr\"><span style=\"font-family: arial, helvetica, sans-serif; font-size: 16px;\">E-Mail:<strong>\u00a0info@twitting.eu<\/strong><\/span><\/p>\n","protected":false},"excerpt":{"rendered":"<p>Ehescheidungen aus dem Ausland werden in Deutschland nicht immer automatisch anerkannt. Eine neue Ehe kann man in Deutschland nicht schlie\u00dfen, solange die im Ausland geschiedene Ehe nicht in Deutschland anerkannt wird. Ehescheidungen aus EU-Mitgliedsstaaten (au\u00dfer D\u00e4nemark) m\u00fcssen nicht in Deutschland &hellip; <a href=\"https:\/\/scheidung-beratung-online.de\/?page_id=2466\">Weiterlesen <span class=\"meta-nav\">&rarr;<\/span><\/a><\/p>\n","protected":false},"author":1,"featured_media":0,"parent":0,"menu_order":0,"comment_status":"open","ping_status":"open","template":"","meta":[],"aioseo_notices":[],"acf":[],"_links":{"self":[{"href":"https:\/\/scheidung-beratung-online.de\/index.php?rest_route=\/wp\/v2\/pages\/2466"}],"collection":[{"href":"https:\/\/scheidung-beratung-online.de\/index.php?rest_route=\/wp\/v2\/pages"}],"about":[{"href":"https:\/\/scheidung-beratung-online.de\/index.php?rest_route=\/wp\/v2\/types\/page"}],"author":[{"embeddable":true,"href":"https:\/\/scheidung-beratung-online.de\/index.php?rest_route=\/wp\/v2\/users\/1"}],"replies":[{"embeddable":true,"href":"https:\/\/scheidung-beratung-online.de\/index.php?rest_route=%2Fwp%2Fv2%2Fcomments&post=2466"}],"version-history":[{"count":3,"href":"https:\/\/scheidung-beratung-online.de\/index.php?rest_route=\/wp\/v2\/pages\/2466\/revisions"}],"predecessor-version":[{"id":2906,"href":"https:\/\/scheidung-beratung-online.de\/index.php?rest_route=\/wp\/v2\/pages\/2466\/revisions\/2906"}],"wp:attachment":[{"href":"https:\/\/scheidung-beratung-online.de\/index.php?rest_route=%2Fwp%2Fv2%2Fmedia&parent=2466"}],"curies":[{"name":"wp","href":"https:\/\/api.w.org\/{rel}","templated":true}]}}