{"id":2488,"date":"2018-01-29T22:06:35","date_gmt":"2018-01-29T21:06:35","guid":{"rendered":"http:\/\/scheidung-beratung-online.de\/?page_id=2488"},"modified":"2023-06-29T11:39:12","modified_gmt":"2023-06-29T10:39:12","slug":"aufenthaltserlaubnis-nach-trennung-oder-scheidung","status":"publish","type":"page","link":"https:\/\/scheidung-beratung-online.de\/?page_id=2488","title":{"rendered":"Aufenthaltserlaubnis nach Trennung oder Scheidung"},"content":{"rendered":"<p><span style=\"font-family: arial, helvetica, sans-serif; font-size: 16px;\">Ausl\u00e4nder, die mit Deutschen verheiratet sind, besitzen eine befristete Aufenthaltserlaubnis oder Niederlassungserlaubnis. <\/span><\/p>\n<p><span style=\"font-size: 16px; font-family: arial, helvetica, sans-serif;\">Wenn Ehegatten <strong>l\u00e4nger als 3 Jahre verheiratet sind<\/strong>, wird die Aufenthaltserlaubnis f\u00fcr mindestens ein Jahr verl\u00e4ngert. Auch nach diesem Jahr kann man den Titel wiederum verl\u00e4ngern lassen. <\/span><\/p>\n<p><span style=\"font-size: 16px; font-family: arial, helvetica, sans-serif;\">Trennen sich die Eheleute, kann der ausl\u00e4ndische Gatte in Deutschland bleiben, wenn er eine EU-Staatsangeh\u00f6rigkeit hat. Ist das nicht so, so kann auch der<strong> Nicht-EU-Ausl\u00e4nder nach einer Trennung in Deutschland bleiben, wenn die das eheliche Zusammenleben mindestens 3 Jahre gedauert hat oder<\/strong><\/span><\/p>\n<ul>\n<li><span style=\"font-size: 16px; font-family: arial, helvetica, sans-serif;\">der Ausl\u00e4nder ein eigenes Einkommen nachweist oder<\/span><\/li>\n<li><span style=\"font-size: 16px; font-family: arial, helvetica, sans-serif;\">gemeinsame, eheliche Kinder vorhanden sind<\/span><\/li>\n<\/ul>\n<p><span style=\"font-size: 16px; font-family: arial, helvetica, sans-serif;\">Ist keine der vorgenannten Voraussetzungen erf\u00fcllt, so wird die Aufenthaltserlaubnis entzogen oder nicht mehr verl\u00e4ngert. <\/span><\/p>\n<p><span style=\"font-size: 16px; font-family: arial, helvetica, sans-serif;\">Es gibt noch einen weitere M\u00f6glichkeit, unter der die Aufenthaltserlaubnis trotz Trennung vor Ablauf von 3 Jahren nicht erlischt: Bei einem H\u00e4rtefall. <\/span><\/p>\n<p><span style=\"font-size: 16px; font-family: arial, helvetica, sans-serif;\">Dieser liegt bei h\u00e4uslicher Gewalt vor. Indizien sind das Stellen von Strafanzeigen oder der Umzug in ein Frauenhaus. <\/span><\/p>\n<p><strong><span style=\"font-size: 16px; font-family: arial, helvetica, sans-serif;\">Die Kanzlei Twitting ber\u00e4t Sie direkt:<\/span><\/strong><\/p>\n<p><span style=\"font-size: 16px; font-family: arial, helvetica, sans-serif;\">rufen Sie an unter\u00a0<strong>+492331409319<\/strong><\/span><\/p>\n<p><span style=\"font-size: 16px; font-family: arial, helvetica, sans-serif;\">oder\u00a0senden Sie eine Email an<strong>\u00a0<a href=\"mailto:info@twitting.eu\">info@twitting.eu<\/a><\/strong><\/span><\/p>\n","protected":false},"excerpt":{"rendered":"<p>Ausl\u00e4nder, die mit Deutschen verheiratet sind, besitzen eine befristete Aufenthaltserlaubnis oder Niederlassungserlaubnis. Wenn Ehegatten l\u00e4nger als 3 Jahre verheiratet sind, wird die Aufenthaltserlaubnis f\u00fcr mindestens ein Jahr verl\u00e4ngert. Auch nach diesem Jahr kann man den Titel wiederum verl\u00e4ngern lassen. Trennen &hellip; <a href=\"https:\/\/scheidung-beratung-online.de\/?page_id=2488\">Weiterlesen <span class=\"meta-nav\">&rarr;<\/span><\/a><\/p>\n","protected":false},"author":1,"featured_media":0,"parent":0,"menu_order":0,"comment_status":"open","ping_status":"open","template":"","meta":[],"aioseo_notices":[],"acf":[],"_links":{"self":[{"href":"https:\/\/scheidung-beratung-online.de\/index.php?rest_route=\/wp\/v2\/pages\/2488"}],"collection":[{"href":"https:\/\/scheidung-beratung-online.de\/index.php?rest_route=\/wp\/v2\/pages"}],"about":[{"href":"https:\/\/scheidung-beratung-online.de\/index.php?rest_route=\/wp\/v2\/types\/page"}],"author":[{"embeddable":true,"href":"https:\/\/scheidung-beratung-online.de\/index.php?rest_route=\/wp\/v2\/users\/1"}],"replies":[{"embeddable":true,"href":"https:\/\/scheidung-beratung-online.de\/index.php?rest_route=%2Fwp%2Fv2%2Fcomments&post=2488"}],"version-history":[{"count":4,"href":"https:\/\/scheidung-beratung-online.de\/index.php?rest_route=\/wp\/v2\/pages\/2488\/revisions"}],"predecessor-version":[{"id":2913,"href":"https:\/\/scheidung-beratung-online.de\/index.php?rest_route=\/wp\/v2\/pages\/2488\/revisions\/2913"}],"wp:attachment":[{"href":"https:\/\/scheidung-beratung-online.de\/index.php?rest_route=%2Fwp%2Fv2%2Fmedia&parent=2488"}],"curies":[{"name":"wp","href":"https:\/\/api.w.org\/{rel}","templated":true}]}}