{"id":2494,"date":"2018-02-10T11:21:13","date_gmt":"2018-02-10T10:21:13","guid":{"rendered":"http:\/\/scheidung-beratung-online.de\/?page_id=2494"},"modified":"2023-06-28T09:11:11","modified_gmt":"2023-06-28T08:11:11","slug":"scheidung-fragen-und-antworten","status":"publish","type":"page","link":"https:\/\/scheidung-beratung-online.de\/?page_id=2494","title":{"rendered":"Scheidung. Fragen und Antworten"},"content":{"rendered":"<h1><span style=\"font-family: arial, helvetica, sans-serif; font-size: 16px;\">Wie lange muss man getrennt leben?<\/span><\/h1>\n<p><span style=\"font-family: arial, helvetica, sans-serif; font-size: 16px;\">Die Ehepartner m\u00fcssen mindestens 1 Jahr getrennt voneinander leben.<\/span><\/p>\n<p><span style=\"font-family: arial, helvetica, sans-serif; font-size: 16px;\">Erg\u00e4nzung: Bei einem H\u00e4rtefall gibt es die M\u00f6glichkeit der Scheidung vor dem Ablauf des Trennungsjahrs. Nach 3 Jahren Getrenntleben wird die Ehe geschieden, auch wenn der andere Ehegatte keine Scheidung will.<\/span><\/p>\n<h1><span style=\"color: #000000; font-weight: bold; font-family: arial, helvetica, sans-serif; font-size: 16px;\">Wo getrennt Leben?<\/span><\/h1>\n<p><span style=\"font-family: arial, helvetica, sans-serif; font-size: 16px;\">Kann man in der gemeinsamen Wohnung getrennt wohnen. Ja. Dann d\u00fcrfen sich die Ehepartnern nicht mehr gegenseitig versorgen und keinen Sex mehr haben (Trennung von Tisch und Bett). Wohnt man unter 2 verschiedenen Adressen, so ist der Beweis f\u00fcr die Trennung automatisch erbracht.<\/span><\/p>\n<h1><span style=\"font-family: arial, helvetica, sans-serif; font-size: 16px;\">Was muss kann man nach Trennung, bzw. Scheidung regeln?<\/span><\/h1>\n<ul>\n<li><span style=\"font-family: arial, helvetica, sans-serif; font-size: 16px;\">\u00a0<a href=\"http:\/\/scheidung-beratung-online.de\/?p=2472\" target=\"_blank\" rel=\"noopener\">Unterhalt<\/a><\/span><\/li>\n<li><span style=\"font-family: arial, helvetica, sans-serif; font-size: 16px;\">Besitz an der Ehewohnung<\/span><\/li>\n<li><span style=\"font-family: arial, helvetica, sans-serif; font-size: 16px;\">Verteilung des Hausrats<\/span><\/li>\n<li><span style=\"font-family: arial, helvetica, sans-serif; font-size: 16px;\">Aufteilung der Konten, des Verm\u00f6gens<\/span><\/li>\n<li><span style=\"font-family: arial, helvetica, sans-serif; font-size: 16px;\">Krankenversicherung<\/span><\/li>\n<li><span style=\"font-family: arial, helvetica, sans-serif; font-size: 16px;\"><a href=\"http:\/\/scheidung-beratung-online.de\/?p=2617\">Sorgerecht, Umgangsrecht<\/a> und <a href=\"http:\/\/scheidung-beratung-online.de\/?p=2582\" target=\"_blank\" rel=\"noopener\">Unterhalt die Kinder<\/a> betreffend<\/span><\/li>\n<\/ul>\n<p><span style=\"font-family: arial, helvetica, sans-serif; font-size: 16px;\">Um den Versorgungsausgleich k\u00fcmmert sich das Gericht im Rahmen des Scheidungsverfahren automatisch. Beim Versorgungsausgleich werden die Renten der Ehegatten gerecht aufgeteilt. Wenn die Ehe kurz und kinderlos war kann der Versorgungsausgleich ausgeschlossen werden.<\/span><\/p>\n<h1><span style=\"font-family: arial, helvetica, sans-serif; font-size: 16px;\">\u00a0Kann man ohne Anwalt geschieden werden?<\/span><\/h1>\n<p><span style=\"font-family: arial, helvetica, sans-serif; font-size: 16px;\">In Deutschland muss die Person, die den Antrag auf Scheidung stellt, einen Anwalt haben. Der andere Ehepartner braucht keinen eigenen Anwalt. Wenn man sich einig ist, kommen die Ehepartner also mit einem Anwalt aus. Gibt es Streit zwischen den Ehegatten, muss jede Partei einen eigenen Anwalt haben.<\/span><\/p>\n<h1>Was kostet eine Scheidung?<\/h1>\n<p><span style=\"font-family: arial, helvetica, sans-serif; font-size: 16px;\">Es ist nicht einfach, Scheidungskosten im Internet selbst zu berechnen. Es gibt immer Fragen und Nuancen.\u00a0 Rufen Sie mich an um eine exakte Kostenauskunft telefonisch zu erhalten: <strong>02331 409319.<\/strong><\/span><\/p>\n<p><span style=\"font-family: arial, helvetica, sans-serif; font-size: 16px;\">Die Scheidung kann auch komplett kostenlos sein. Das geht mit Verfahrenskostenhilfe <a href=\"http:\/\/scheidung-beratung-online.de\/?page_id=2095\" target=\"_blank\" rel=\"noopener\">hier klicken<\/a><\/span><\/p>\n<h1><span style=\"font-family: arial, helvetica, sans-serif; font-size: 16px;\">Wie lange dauert eine Scheidung?<\/span><\/h1>\n<p>Generell 2-4 Monate. Das h\u00e4ngt von den rechtlichen Ma\u00dfnahmen des Gerichts ab.<\/p>\n<h1><span style=\"font-family: arial, helvetica, sans-serif; font-size: 16px;\">Wenn der Ehepartner sich nicht trennen will oder die Scheidung ablehnt. Was kann man dagegen machen?<\/span><\/h1>\n<p><span style=\"font-family: arial, helvetica, sans-serif; font-size: 16px;\">Eine Trennung ist immer m\u00f6glich, auch wann der andere Partner keine Trennung will. <a href=\"http:\/\/scheidung-beratung-online.de\/?p=2502\" target=\"_blank\" rel=\"noopener\">mehr lesen<\/a><\/span><\/p>\n<p dir=\"ltr\"><span style=\"font-family: arial, helvetica, sans-serif; font-size: 16px;\">Wir freuen uns darauf, Ihnen zu helfen. F\u00fcllen Sie einfach das\u00a0<a title=\"Scheidungsformular\" href=\"http:\/\/scheidung-beratung-online.de\/?page_id=2148\" target=\"_blank\" rel=\"noopener\">Scheidungsformular<\/a>\u00a0aus oder nehmen Sie \u00fcber Telefon oder E-Mail Kontakt zu uns auf:<\/span><\/p>\n<p dir=\"ltr\"><span style=\"font-family: arial, helvetica, sans-serif; font-size: 16px;\"><strong>Telefon: 02331-409319<\/strong><\/span><\/p>\n<p dir=\"ltr\"><span style=\"font-family: arial, helvetica, sans-serif; font-size: 16px;\">E-Mail:<strong>\u00a0info@twitting.eu<\/strong><\/span><\/p>\n","protected":false},"excerpt":{"rendered":"<p>Wie lange muss man getrennt leben? Die Ehepartner m\u00fcssen mindestens 1 Jahr getrennt voneinander leben. Erg\u00e4nzung: Bei einem H\u00e4rtefall gibt es die M\u00f6glichkeit der Scheidung vor dem Ablauf des Trennungsjahrs. Nach 3 Jahren Getrenntleben wird die Ehe geschieden, auch wenn &hellip; <a href=\"https:\/\/scheidung-beratung-online.de\/?page_id=2494\">Weiterlesen <span class=\"meta-nav\">&rarr;<\/span><\/a><\/p>\n","protected":false},"author":1,"featured_media":0,"parent":0,"menu_order":0,"comment_status":"open","ping_status":"open","template":"","meta":[],"aioseo_notices":[],"acf":[],"_links":{"self":[{"href":"https:\/\/scheidung-beratung-online.de\/index.php?rest_route=\/wp\/v2\/pages\/2494"}],"collection":[{"href":"https:\/\/scheidung-beratung-online.de\/index.php?rest_route=\/wp\/v2\/pages"}],"about":[{"href":"https:\/\/scheidung-beratung-online.de\/index.php?rest_route=\/wp\/v2\/types\/page"}],"author":[{"embeddable":true,"href":"https:\/\/scheidung-beratung-online.de\/index.php?rest_route=\/wp\/v2\/users\/1"}],"replies":[{"embeddable":true,"href":"https:\/\/scheidung-beratung-online.de\/index.php?rest_route=%2Fwp%2Fv2%2Fcomments&post=2494"}],"version-history":[{"count":15,"href":"https:\/\/scheidung-beratung-online.de\/index.php?rest_route=\/wp\/v2\/pages\/2494\/revisions"}],"predecessor-version":[{"id":2848,"href":"https:\/\/scheidung-beratung-online.de\/index.php?rest_route=\/wp\/v2\/pages\/2494\/revisions\/2848"}],"wp:attachment":[{"href":"https:\/\/scheidung-beratung-online.de\/index.php?rest_route=%2Fwp%2Fv2%2Fmedia&parent=2494"}],"curies":[{"name":"wp","href":"https:\/\/api.w.org\/{rel}","templated":true}]}}