{"id":2532,"date":"2018-09-06T06:25:37","date_gmt":"2018-09-06T05:25:37","guid":{"rendered":"http:\/\/scheidung-beratung-online.de\/?page_id=2532"},"modified":"2023-06-29T16:39:16","modified_gmt":"2023-06-29T15:39:16","slug":"trennungsjahrunterhalt-unterhalt-nach-scheidung-kindesunterhalt","status":"publish","type":"page","link":"https:\/\/scheidung-beratung-online.de\/?page_id=2532","title":{"rendered":"Trennungsjahrunterhalt, Unterhalt nach Scheidung, Kindesunterhalt"},"content":{"rendered":"<p><span style=\"color: #000000; font-weight: bold; font-family: arial, helvetica, sans-serif; font-size: 16px;\">Trennungsunterhalt<\/span><\/p>\n<p><span style=\"font-family: arial, helvetica, sans-serif; font-size: 16px;\">Der Trennungsunterhalt beginnt mit der faktischen Trennung \u00a0und endet mit der Rechtskraft des Scheidungsbeschlusses. Die Ehefrau ist nach der Scheidung grunds\u00e4tzlich verpflichtet, ihren Lebensunterhalt vollst\u00e4ndig allein zu finanzieren. Ausnahmen davon sp\u00e4ter im Text.<\/span><\/p>\n<p><span style=\"color: #000000; font-weight: bold; font-family: arial, helvetica, sans-serif; font-size: 16px;\">Berechnung des Trennungsunterhaltes<\/span><\/p>\n<p><span style=\"font-family: arial, helvetica, sans-serif; font-size: 16px;\">Um den Trennungsunterhalt zu berechnen, muss erst das <strong>bereinigte Nettoeinkommen <\/strong>eines jeden Ehepartners bemessen werden. Das geht so: Vom Bruttoeinkommen (bei Angestellten aus dem Durchschnittseinkommen der letzten 12 Monate, bei Selbst\u00e4ndigen und Freiberuflern aus dem Durchschnittseinkommen der letzten 3 Jahre) werden abgezogen:<\/span><\/p>\n<ul>\n<li><span style=\"font-family: arial, helvetica, sans-serif; font-size: 16px;\">Lohnsteuer<\/span><\/li>\n<li><span style=\"font-family: arial, helvetica, sans-serif; font-size: 16px;\">Sozialversicherungsabgaben wie Krankenkassenbeitr\u00e4ge, Rentenbeitr\u00e4ge<\/span><\/li>\n<li><span style=\"font-family: arial, helvetica, sans-serif; font-size: 16px;\">Altersvorsorgeleistungen<\/span><\/li>\n<li><span style=\"font-family: arial, helvetica, sans-serif; font-size: 16px;\">Berufsbedingte Aufwendungen (5% des Nettoeinkommens oder konkret)<\/span><\/li>\n<li><span style=\"font-family: arial, helvetica, sans-serif; font-size: 16px;\">Fortbildungskosten<\/span><\/li>\n<li><span style=\"font-family: arial, helvetica, sans-serif; font-size: 16px;\">Kindesunterhalt<\/span><\/li>\n<li><span style=\"font-family: arial, helvetica, sans-serif; font-size: 16px;\">Ehebedingte Kredite<\/span><\/li>\n<\/ul>\n<p><span style=\"font-family: arial, helvetica, sans-serif; font-size: 16px;\">Bei der Trennung muss der finanziell besser gestellte Ehegatte den Lebensunterhalt das anderen Ehepartners sicherstellen.<\/span><\/p>\n<ul>\n<li><span style=\"font-family: arial, helvetica, sans-serif; font-size: 16px;\">Falls die <strong>Ehefrau<\/strong> nicht erwerbst\u00e4tig ist, <strong>bekommt<\/strong> sie <strong>3\/7 des bereinigen Nettoeinkommens<\/strong> des erwerbst\u00e4tigen Ehemannes.<\/span><\/li>\n<li><span style=\"font-family: arial, helvetica, sans-serif; font-size: 16px;\">Falls die Ehefrau einen Job hat, aber weniger verdient, erh\u00e4lt sie 3\/7 aus der Differenz zwischen bereinigten Nettoeinkommen des Ehemannes und ihre, Einkommen.<\/span><\/li>\n<\/ul>\n<p><span style=\"font-family: arial, helvetica, sans-serif; font-size: 16px;\">Die Ehefrau bekommt die H\u00e4lfte aus allen anderen Einkommensarten Ehemannes z.B., die H\u00e4lfte aus Vermietung, Arbeitslosengeld, Renten, Steuerr\u00fcckzahlungen, Sonderzahlungen wie Urlaubsgeld, Sachleistungen des Arbeitgebers (Dienstwagen, Kantinenessen) usw. Neben dem Unterhalt zahlt der leistungsf\u00e4hige Ehemann der Ehefrau noch:<\/span><\/p>\n<ul>\n<li><span style=\"font-family: arial, helvetica, sans-serif; font-size: 16px;\">Krankenversicherung und Pflegeversicherung, Kosten wegen Krankheit<\/span><\/li>\n<li><span style=\"font-family: arial, helvetica, sans-serif; font-size: 16px;\">Berufsausbildung und Schulausbildung, Fortbildung, Umschulung<\/span><\/li>\n<li><span style=\"font-family: arial, helvetica, sans-serif; font-size: 16px;\">Umzugskosten<\/span><\/li>\n<li><span style=\"font-family: arial, helvetica, sans-serif; font-size: 16px;\">Scheidungskosten<\/span><\/li>\n<\/ul>\n<p><span style=\"font-family: arial, helvetica, sans-serif; font-size: 16px;\">Nach all den Kosten, die der leistungsf\u00e4hige Ehegatte zu zahlen hat, m\u00fcssen ihm mindestens 1.200 Euro als Selbstbedarf bleiben. Falls die Leistungsf\u00e4higkeit des unterhaltsverpflichteten Ehemannes nicht reicht oder der Ehemann sich weigert, kann sich die Ehefrau an das Jobcenter wenden.<\/span><\/p>\n<h1><span style=\"font-family: arial, helvetica, sans-serif; font-size: 16px;\"><strong>\u00a0<\/strong><\/span><strong><span style=\"font-family: arial, helvetica, sans-serif; font-size: 16px;\">Unterhalt nach Scheidung (nachehelicher Unterhalt)<\/span><\/strong><\/h1>\n<p><span style=\"font-family: arial, helvetica, sans-serif; font-size: 16px;\">Grunds\u00e4tzlich muss die Ehefrau nach der Scheidung ihren Unterhalt selbst sicherstellen. Davon gibt es aber gewichtige Ausnahmen: Wenn die Ehefrau ein Kind unter 3 Jahren betreut, erh\u00e4lt sie nachehelichen Unterhalt, bis das Kind seinen dritten Geburtstag feiert.<\/span><\/p>\n<p><span style=\"font-family: arial, helvetica, sans-serif; font-size: 16px;\">Die geschiedene Ehefrau kann Anspr\u00fcche auf U<span style=\"text-decoration: underline;\">nterhalt wegen Krankheit, Gebrechen, Alters, Erwerbslosigkeit, langer Ehezeit und aus anderen Billigkeitsgr\u00fcnden haben.<\/span> <span style=\"text-decoration: underline;\">Auch zur Vorsorge kann der Ehemann verpflichtet sein, wenn die Ehefrau f\u00fcr ihr Alter aufgrund der gemeinsamen Lebensplanung nicht sorgen konnte. <\/span><\/span><\/p>\n<p><span style=\"font-family: arial, helvetica, sans-serif; font-size: 16px;\"><span style=\"text-decoration: underline;\">Der Vorsorgeunterhalt wird nach Bremer Tabelle berechnet.\u00a0<\/span>Falls die geschiedene Ehefrau w\u00e4hrend der Ehe \u00fcber ihren Ehemann in der gesetzlichen Krankenkasse mitversichert war, muss sie sich nach Rechtskraft der Scheidung um eine eigene Krankenversicherung k\u00fcmmern. Daf\u00fcr gibt es kurze Fristen.<\/span><\/p>\n<h1><span style=\"font-family: arial, helvetica, sans-serif; font-size: 16px;\">\u00a0<strong>Kindesunterhalt<\/strong><\/span><\/h1>\n<p><span style=\"font-family: arial, helvetica, sans-serif; font-size: 16px;\"><a href=\"http:\/\/scheidung-beratung-online.de\/?p=2582\" target=\"_blank\" rel=\"noopener\">Der Kindesunterhalt<\/a> richtet sich in der Praxis nach der D\u00fcsseldorfer Tabelle. Zahlen muss der Elternteil, bei dem die Kinder nicht leben. Neben dem Unterhalt muss auch noch Sonderbedarf gezahlt werden, wie Kindergartenkosten und medizinische Behandlungen (Zahnspange). Es zahlt der Unterhaltsverpflichtete.<\/span><\/p>\n<p dir=\"ltr\"><span style=\"font-family: arial, helvetica, sans-serif; font-size: 16px;\">Wir freuen uns darauf, Ihnen zu helfen. F\u00fcllen Sie einfach das\u00a0<a title=\"Scheidungsformular\" href=\"http:\/\/scheidung-beratung-online.de\/?page_id=2148\" target=\"_blank\" rel=\"noopener\">Scheidungsformular<\/a>\u00a0aus oder nehmen Sie \u00fcber Telefon oder E-Mail Kontakt zu uns auf:<\/span><\/p>\n<p dir=\"ltr\"><span style=\"font-family: arial, helvetica, sans-serif; font-size: 16px;\"><strong>Telefon: 02331 409319<\/strong><\/span><\/p>\n<p dir=\"ltr\"><span style=\"font-family: arial, helvetica, sans-serif; font-size: 16px;\">E-Mail:<strong>\u00a0info@twitting.eu<\/strong><\/span><\/p>\n","protected":false},"excerpt":{"rendered":"<p>Trennungsunterhalt Der Trennungsunterhalt beginnt mit der faktischen Trennung \u00a0und endet mit der Rechtskraft des Scheidungsbeschlusses. Die Ehefrau ist nach der Scheidung grunds\u00e4tzlich verpflichtet, ihren Lebensunterhalt vollst\u00e4ndig allein zu finanzieren. Ausnahmen davon sp\u00e4ter im Text. Berechnung des Trennungsunterhaltes Um den Trennungsunterhalt &hellip; <a href=\"https:\/\/scheidung-beratung-online.de\/?page_id=2532\">Weiterlesen <span class=\"meta-nav\">&rarr;<\/span><\/a><\/p>\n","protected":false},"author":1,"featured_media":0,"parent":0,"menu_order":0,"comment_status":"open","ping_status":"open","template":"","meta":[],"aioseo_notices":[],"acf":[],"_links":{"self":[{"href":"https:\/\/scheidung-beratung-online.de\/index.php?rest_route=\/wp\/v2\/pages\/2532"}],"collection":[{"href":"https:\/\/scheidung-beratung-online.de\/index.php?rest_route=\/wp\/v2\/pages"}],"about":[{"href":"https:\/\/scheidung-beratung-online.de\/index.php?rest_route=\/wp\/v2\/types\/page"}],"author":[{"embeddable":true,"href":"https:\/\/scheidung-beratung-online.de\/index.php?rest_route=\/wp\/v2\/users\/1"}],"replies":[{"embeddable":true,"href":"https:\/\/scheidung-beratung-online.de\/index.php?rest_route=%2Fwp%2Fv2%2Fcomments&post=2532"}],"version-history":[{"count":11,"href":"https:\/\/scheidung-beratung-online.de\/index.php?rest_route=\/wp\/v2\/pages\/2532\/revisions"}],"predecessor-version":[{"id":2940,"href":"https:\/\/scheidung-beratung-online.de\/index.php?rest_route=\/wp\/v2\/pages\/2532\/revisions\/2940"}],"wp:attachment":[{"href":"https:\/\/scheidung-beratung-online.de\/index.php?rest_route=%2Fwp%2Fv2%2Fmedia&parent=2532"}],"curies":[{"name":"wp","href":"https:\/\/api.w.org\/{rel}","templated":true}]}}