{"id":2790,"date":"2023-06-20T09:23:06","date_gmt":"2023-06-20T08:23:06","guid":{"rendered":"https:\/\/scheidung-beratung-online.de\/?page_id=2790"},"modified":"2024-11-02T20:29:25","modified_gmt":"2024-11-02T19:29:25","slug":"deutscher-versorgungsausgleich","status":"publish","type":"page","link":"https:\/\/scheidung-beratung-online.de\/?page_id=2790","title":{"rendered":"Rente aus dem Ausland direkt mit Profit abfinden lassen"},"content":{"rendered":"<p><span style=\"font-size: large;\">Renten und Pensionen aus dem Ausland k\u00f6nnen direkt bei der Scheidung abgefunden werden.<strong> Informieren Sie deswegen dringend Ihren Anwalt, ob Ihr Ehepartner im Ausland gearbeitet hat.<\/strong> Dabei ist es egal, ob es sich um die Rentenzusage eines Arbeitgebers, eines privaten Pensionsfond oder einer zwischenstaatlichen Einrichtung handelt.<\/span><\/p>\n<h2><span style=\"font-size: large;\"><strong>Achtung: Das Gericht wird Ihre Interessen nicht wahrnehmen\u00a0<\/strong><\/span><\/h2>\n<p><span style=\"font-size: large;\">Sonst sind Sie dem sog. &#8222;schuldrechtlichen&#8220; Versorgungsausgleich ausgeliefert. Dieser wird erst lange nach dem Ende des Ehescheidungsverfahrens in die Tat umgesetzt, wenn \u00fcberhaupt. Der &#8222;schuldrechtliche&#8220; Versorgungsausgleich setzt n\u00e4mlich voraus, dass der Ausgleichspflichtige bereits Rente bezieht und auch der Ausgleichsberechtigte im Rentenalter ist.<\/span> <span style=\"font-size: large;\">Heiratet der Ausgleichspflichtige\u00a0 erneut, f\u00e4llt der &#8222;schuldrechtliche&#8220; Ausgleich komplett weg.\u00a0<\/span><\/p>\n<h2><span style=\"font-size: large;\"><strong>Willkommen Abfindung. Hier die Details:<\/strong><\/span><\/h2>\n<p><span style=\"font-size: large;\">Bereits im Rahmen des Versorgungsausgleichs kann von dem Ehegatten, der im Ausland Rente eingezahlt hat, Ausgleich im Wege einer sog. \u201ezweckgebundenen Abfindung\u201c verlangt werden. <\/span><\/p>\n<p><span style=\"font-size: large;\">Dieses l\u00e4uft so ab, dass die H\u00e4lfte des Kapitalwertes der im Ausland angesparten Rente (die \u201eAnwartschaft\u201c), an den Ausgleichsberechtigten gezahlt werden muss. Dieser w\u00e4hlt eine Versorgungseinrichtung (deutsche Rentenversicherung \/ private Versicherung etc.) an die das Geld flie\u00dft.<\/span><\/p>\n<p><span style=\"font-size: large;\">Die rechtliche Grundlage f\u00fcr einen solchen Antrag auf Abfindung findet sich in \u00a7 19 Versorgungsausgleichsgesetz. \u00a7 23 Versorgungsausgleichsgesetz sieht diesen Anspruch ausdr\u00fccklich vor.<\/span><\/p>\n<p><span style=\"font-size: large;\"> Es hei\u00dft also nicht mehr, wenn ein Ehegatte ausl\u00e4ndische Rentenanwartschaften erworben hat, \u201ekannst Du vergessen\u201c, sondern \u201ewillkommen Abfindung\u201c! <\/span><\/p>\n<p><span style=\"font-size: large;\">Voraussetzung f\u00fcr einen solchen Abfindungsantrag ist zum einen, dass die ausl\u00e4ndische Anwartschaft unverfallbar ist und weiter dem Grunde und der H\u00f6he nach feststeht. Der ausl\u00e4ndische Versorgungstr\u00e4ger darf also keine M\u00f6glichkeit (mehr) haben, sich der Versorgungszusage im Nachhinein noch zu entziehen. <\/span><\/p>\n<p><span style=\"font-size: large;\">Weiterhin darf die Zahlung des Betrages f\u00fcr den Verpflichteten nicht unzumutbar sein. Hier ist die Rechtsprechung allerdings recht gro\u00dfz\u00fcgig.<\/span><\/p>\n<p><span style=\"font-size: large;\">Es darf insoweit sogar der Verm\u00f6gensstamm des Ausgleichspflichtigen angegriffen werden, so jedenfalls der Beschluss des Bundesgerichtshofs vom 22.06.2016 zu Aktenzeichen XII ZB 514\/15.<\/span><\/p>\n<p><span style=\"font-size: large;\">Wie bereits oben ausgef\u00fchrt, ist es sehr wichtig, diese M\u00f6glichkeit der Abfindung w\u00e4hrend des laufenden Scheidungsverfahrens zu ergreifen.<\/span><\/p>\n<p><span style=\"font-size: large;\"> Wird gewartet, wie es leider aus Unwissenheit oder Lethargie oft passiert, verweist das Gericht im Scheidungsbeschluss auf den \u201eschuldrechtlichen Versorgungsausgleich\u201c, welcher in vielen F\u00e4llen nicht mehr realisierbar ist. <\/span><\/p>\n<p><span style=\"font-size: large;\">Der schuldrechtliche Versorgungsausgleich \u2013 wie oben bereits angerissen -findet n\u00e4mlich nur dann statt, wenn der Ausgleichspflichtige bereits Rente bezieht und der Berechtigte ebenfalls im Rentenalter ist.<\/span><\/p>\n<p><span style=\"font-size: large;\"> Au\u00dferdem entf\u00e4llt der schuldrechtliche Versorgungsausgleich, wenn der Ausgleichspflichtige vor Erreichen des Rentenalters stirbt. Auch die Wiederverheiratung kann den schulrechtlichen Versorgungsausgleich gef\u00e4hrden.<\/span><\/p>\n<p><span style=\"font-size: large;\">Der Antrag auf zweckgebundene Abfindung einer ausl\u00e4ndischen Rentenanwartschaft muss auf die Zahlung eines konkreten Betrages an einen bestimmten Versorgungstr\u00e4ger, zum Beispiel der Deutschen Rentenversicherung, aber auch anderer Versorgungstr\u00e4ger, soweit diese mit der Empfangnahme des Geldes Einverstanden sind, gerichtet sein.<\/span><\/p>\n<p><span style=\"font-size: large;\">Oftmals ist zur Bemessung die Einholung eines versicherungsmathematischen Sachverst\u00e4ndigengutachtens erforderlich.<\/span><\/p>\n<h4><strong><span style=\"font-size: 16px;\">Beispiel:<\/span><\/strong><\/h4>\n<p><span style=\"font-size: large;\"> Von meiner Kanzlei wird dabei ein ganz bestimmter Diplom-Mathematiker gerne empfohlen, der \u00fcber sehr gro\u00dfe Sachkompetenz verf\u00fcgt und bereits in von mir vertretenen Rechtssachen t\u00e4tig war. <\/span><\/p>\n<p><span style=\"font-size: large;\">In diesem sehr speziellen Bereich der Bewertung ausl\u00e4ndischer Rentenrechte einen guten Sachverst\u00e4ndigen zu finden, ist eine Herausforderung.<\/span> <span style=\"font-size: large;\">Der Versicherungsmathematiker wendet jedenfalls unterschiedliche Bewertungsparameter an, dieses unter Zugrundelegung des Abfindungsstichtages:<\/span><\/p>\n<ul>\n<li><span style=\"font-size: large;\">Barwert- Methode<\/span><\/li>\n<li><span style=\"font-size: large;\">Rechnungszins f\u00fcr den erwarteten Ertrag<\/span><\/li>\n<li><span style=\"font-size: large;\">Anwartschaftstrend<\/span><\/li>\n<li><span style=\"font-size: large;\">Rententrend <\/span><\/li>\n<li><span style=\"font-size: large;\">Heubeck\u2018schen Richttafeln zur Lebenserwartung <\/span><\/li>\n<\/ul>\n<p><span style=\"font-size: large;\">Oftmals sind dabei zwei unterschiedliche Versorgungssegmente zu betrachten, n\u00e4mlich einmal die gehaltsabh\u00e4ngige Leistungszusage (\u201eCore-Pension\u201c) und zum anderen die Beitragszusage (\u201eRetirement-Account\u201c).<\/span><\/p>\n<p><span style=\"font-size: 16px; font-family: arial, helvetica, sans-serif;\"><strong>Haben Sie Fragen? <\/strong>F\u00fcllen Sie das\u00a0<a title=\"Scheidungsformular\" href=\"http:\/\/scheidung-beratung-online.de\/?page_id=2148\" target=\"_blank\" rel=\"noopener\">Scheidungsformular<\/a>\u00a0aus oder nehmen Sie \u00fcber Telefon oder E-Mail Kontakt zu uns auf:<\/span><\/p>\n<p dir=\"ltr\"><strong><span style=\"font-family: arial, helvetica, sans-serif; font-size: 16px;\">Telefon: 02331-409319\u00a0 \u00a0 <\/span>\u00a0<span style=\"font-family: arial, helvetica, sans-serif; font-size: 16px;\"> \u00a0 \u00a0<\/span><\/strong><\/p>\n<p dir=\"ltr\"><span style=\"font-family: arial, helvetica, sans-serif; font-size: 16px;\"><strong>E-Mail:\u00a0info@twitting.eu<\/strong><\/span><\/p>\n","protected":false},"excerpt":{"rendered":"<p>Renten und Pensionen aus dem Ausland k\u00f6nnen direkt bei der Scheidung abgefunden werden. Informieren Sie deswegen dringend Ihren Anwalt, ob Ihr Ehepartner im Ausland gearbeitet hat. Dabei ist es egal, ob es sich um die Rentenzusage eines Arbeitgebers, eines privaten &hellip; <a href=\"https:\/\/scheidung-beratung-online.de\/?page_id=2790\">Weiterlesen <span class=\"meta-nav\">&rarr;<\/span><\/a><\/p>\n","protected":false},"author":1,"featured_media":0,"parent":2342,"menu_order":0,"comment_status":"open","ping_status":"open","template":"","meta":[],"aioseo_notices":[],"acf":[],"_links":{"self":[{"href":"https:\/\/scheidung-beratung-online.de\/index.php?rest_route=\/wp\/v2\/pages\/2790"}],"collection":[{"href":"https:\/\/scheidung-beratung-online.de\/index.php?rest_route=\/wp\/v2\/pages"}],"about":[{"href":"https:\/\/scheidung-beratung-online.de\/index.php?rest_route=\/wp\/v2\/types\/page"}],"author":[{"embeddable":true,"href":"https:\/\/scheidung-beratung-online.de\/index.php?rest_route=\/wp\/v2\/users\/1"}],"replies":[{"embeddable":true,"href":"https:\/\/scheidung-beratung-online.de\/index.php?rest_route=%2Fwp%2Fv2%2Fcomments&post=2790"}],"version-history":[{"count":11,"href":"https:\/\/scheidung-beratung-online.de\/index.php?rest_route=\/wp\/v2\/pages\/2790\/revisions"}],"predecessor-version":[{"id":3028,"href":"https:\/\/scheidung-beratung-online.de\/index.php?rest_route=\/wp\/v2\/pages\/2790\/revisions\/3028"}],"up":[{"embeddable":true,"href":"https:\/\/scheidung-beratung-online.de\/index.php?rest_route=\/wp\/v2\/pages\/2342"}],"wp:attachment":[{"href":"https:\/\/scheidung-beratung-online.de\/index.php?rest_route=%2Fwp%2Fv2%2Fmedia&parent=2790"}],"curies":[{"name":"wp","href":"https:\/\/api.w.org\/{rel}","templated":true}]}}