{"id":3105,"date":"2024-11-10T19:08:40","date_gmt":"2024-11-10T18:08:40","guid":{"rendered":"https:\/\/scheidung-beratung-online.de\/?page_id=3105"},"modified":"2025-04-21T18:50:36","modified_gmt":"2025-04-21T17:50:36","slug":"blitz-scheidung-international-der-turbo-service-fuer-eilige","status":"publish","type":"page","link":"https:\/\/scheidung-beratung-online.de\/?page_id=3105","title":{"rendered":"Express-Scheidung international. Nicht warten &#8211; starten!"},"content":{"rendered":"<p><span style=\"font-size: 20px;\"><strong>Antrag auf Scheidung in 24 Stunden<\/strong><\/span><\/p>\n<p><span style=\"font-size: 20px;\">F\u00fcr Eilige biete ich einen Premium-Service: Scheidungsantrag innerhalb von 24 Stunden nach meiner Beauftragung. Diese Turbo-Bearbeitung ist der erste Schritt zur L\u00f6sung Ihrer Krise. Bei mir finden Sie nicht nur schnelle, sondern auch gr\u00fcndliche Bearbeitung Ihrer Ehesache. Mehr als 25 Jahre Erfahrung in internationalen Scheidungssachen machen diese Geschwindigkeit m\u00f6glich. Ich wei\u00df, was andere erst nachforschen m\u00fcssen.<\/span><\/p>\n<p><span style=\"font-size: 20px;\"><a href=\"https:\/\/scheidung-beratung-online.de\/wp-content\/uploads\/2024\/11\/AdobeStock_276498685-scaled.jpeg\"><img decoding=\"async\" loading=\"lazy\" class=\"alignright  wp-image-3107\" src=\"https:\/\/scheidung-beratung-online.de\/wp-content\/uploads\/2024\/11\/AdobeStock_276498685-300x203.jpeg\" alt=\"\" width=\"366\" height=\"252\" \/><\/a><\/span><\/p>\n<p><span style=\"font-size: 20px;\">Kontaktieren Sie mich gerne f\u00fcr eine Beratung \u2013 f\u00fcr eine Scheidung ohne unn\u00f6tige Verz\u00f6gerungen und mit einem professionellen Beistand an Ihrer Seite.<\/span><\/p>\n<p><span style=\"font-size: 20px;\"><strong>Muss ich denn das Trennungsjahr nicht abwarten?<\/strong><\/span><\/p>\n<p><span style=\"font-size: 20px;\">Das deutsche Scheidungsrecht verlangt in der Regel eine Zeit der Trennung von einem Jahr.\u00a0<\/span><\/p>\n<h1><span style=\"font-size: 20px;\">Wie vermeide ich das Trennungsjahr?<\/span><\/h1>\n<p><span style=\"font-size: 20px;\">Wenn Sie oder Ihr Ehepartner einen andere Nationalit\u00e4t haben, als die Deutsche, k\u00f6nnen Sie ein Scheidungsrecht w\u00e4hlen, welches das Trennungsjahr nicht kennt.<\/span><\/p>\n<p><span style=\"font-size: 20px;\">Das gilt auch, wenn neben der deutschen Staatsangeh\u00f6rigkeit weitere bestehen sollten.<\/span><\/p>\n<p><span style=\"font-size: 20px;\">In L\u00e4ndern wie den USA (z. B. im Bundesstaat Nevada), der T\u00fcrkei, Algerien, Japan, China, Russland, arabischen Rechtssystemen, S\u00fcdkorea, Japan oder der Dominikanischen Republik und in vielen anderen L\u00e4ndern gibt es das Trennungsjahr nicht.\u00a0 Auch in L\u00e4ndern wie Mexiko oder den Niederlanden ist das Scheidungsverfahren erheblich k\u00fcrzer und flexibler.\u00a0<\/span><\/p>\n<p><span style=\"font-size: 20px;\">Wenn entweder Sie selbst oder Ihr Ehepartner Staatsangeh\u00f6riger eines der oben genannten L\u00e4nder ist (wobei die Liste der L\u00e4nder ohne Trennungsjahr noch sehr viel l\u00e4nger ist), m\u00fcssen Sie das Trennungsjahr nicht abwarten. Sie k\u00f6nnen sofort Scheidungsantrag stellen. Das gilt auch, wenn Sie in Deutschland leben. Vor der Scheidung muss dann nur eine Rechtswahlvereinbarung getroffen werden. Diese Vereinbarung entwerfe ich f\u00fcr Sie.<\/span><\/p>\n<p><span style=\"font-size: 20px;\"><strong>Wie erteile ich den Scheidungsauftrag?<\/strong><\/span><\/p>\n<p><span style=\"font-size: 20px;\">Der Auftrag zur Scheidung wird an mich durch eine Vollmacht erteilt. Gerne k\u00f6nnen Sie direkt das <a href=\"https:\/\/scheidung-beratung-online.de\/?page_id=2148\">Scheidungsformular<\/a> ausf\u00fcllen.<\/span><\/p>\n<h1><span style=\"font-size: 20px;\">Was mache ich, wenn beide Ehepartner Deutsche sind?<\/span><\/h1>\n<p><span style=\"font-size: 20px;\">Auch dann gibt es die M\u00f6glichkeit, die Ehe vor Ablauf des Trennungsjahres zu scheiden, wenn H\u00e4rtegr\u00fcnde vorliegen. Details dazu finden Sie <a href=\"https:\/\/scheidung-beratung-online.de\/?page_id=2402\">hier<\/a>.<\/span><\/p>\n<p dir=\"ltr\"><span style=\"font-size: 20px;\">Wir freuen uns darauf, Ihnen zu helfen. Nehmen Sie \u00fcber Telefon, Handy, E-Mail oder WhatsApp <a href=\"https:\/\/scheidung-beratung-online.de\/?page_id=2\" target=\"_blank\" rel=\"noopener\">Kontakt<\/a>\u00a0zu uns auf:<\/span><\/p>\n<p dir=\"ltr\"><span style=\"font-size: 20px;\">Festnetz aus Deutschland:\u00a0<a href=\"tel:+492331409319\"><strong>02331 409319<\/strong><\/a><\/span><\/p>\n<p dir=\"ltr\"><span style=\"font-size: 20px;\">Festnetz aus dem Ausland:\u00a0<a href=\"tel:+492331409319\"><strong>+492331409319<\/strong><\/a><\/span><\/p>\n<p dir=\"ltr\"><span style=\"font-size: 20px;\">Handy:\u00a0<strong><a href=\"tel:+491721570178\">+491721570178<\/a><\/strong><\/span><\/p>\n<p dir=\"ltr\"><span style=\"font-size: 20px;\">E-Mail:<strong>\u00a0<a href=\"mailto:info@twitting.eu\">info@twitting.eu<\/a><\/strong><\/span><\/p>\n<p dir=\"ltr\"><span style=\"font-size: 20px;\"><strong><a href=\"https:\/\/wa.me\/491721570178\">WhatsApp<\/a><\/strong><\/span><\/p>\n","protected":false},"excerpt":{"rendered":"<p>Antrag auf Scheidung in 24 Stunden F\u00fcr Eilige biete ich einen Premium-Service: Scheidungsantrag innerhalb von 24 Stunden nach meiner Beauftragung. Diese Turbo-Bearbeitung ist der erste Schritt zur L\u00f6sung Ihrer Krise. Bei mir finden Sie nicht nur schnelle, sondern auch gr\u00fcndliche &hellip; <a href=\"https:\/\/scheidung-beratung-online.de\/?page_id=3105\">Weiterlesen <span class=\"meta-nav\">&rarr;<\/span><\/a><\/p>\n","protected":false},"author":1,"featured_media":0,"parent":0,"menu_order":0,"comment_status":"closed","ping_status":"closed","template":"","meta":[],"aioseo_notices":[],"acf":[],"_links":{"self":[{"href":"https:\/\/scheidung-beratung-online.de\/index.php?rest_route=\/wp\/v2\/pages\/3105"}],"collection":[{"href":"https:\/\/scheidung-beratung-online.de\/index.php?rest_route=\/wp\/v2\/pages"}],"about":[{"href":"https:\/\/scheidung-beratung-online.de\/index.php?rest_route=\/wp\/v2\/types\/page"}],"author":[{"embeddable":true,"href":"https:\/\/scheidung-beratung-online.de\/index.php?rest_route=\/wp\/v2\/users\/1"}],"replies":[{"embeddable":true,"href":"https:\/\/scheidung-beratung-online.de\/index.php?rest_route=%2Fwp%2Fv2%2Fcomments&post=3105"}],"version-history":[{"count":17,"href":"https:\/\/scheidung-beratung-online.de\/index.php?rest_route=\/wp\/v2\/pages\/3105\/revisions"}],"predecessor-version":[{"id":3558,"href":"https:\/\/scheidung-beratung-online.de\/index.php?rest_route=\/wp\/v2\/pages\/3105\/revisions\/3558"}],"wp:attachment":[{"href":"https:\/\/scheidung-beratung-online.de\/index.php?rest_route=%2Fwp%2Fv2%2Fmedia&parent=3105"}],"curies":[{"name":"wp","href":"https:\/\/api.w.org\/{rel}","templated":true}]}}