{"id":3128,"date":"2024-11-16T19:21:29","date_gmt":"2024-11-16T18:21:29","guid":{"rendered":"https:\/\/scheidung-beratung-online.de\/?page_id=3128"},"modified":"2024-11-16T19:21:30","modified_gmt":"2024-11-16T18:21:30","slug":"rentenausgleich-bei-scheidung-von-deutschem","status":"publish","type":"page","link":"https:\/\/scheidung-beratung-online.de\/?page_id=3128","title":{"rendered":"Rentenausgleich bei Scheidung von Deutschem"},"content":{"rendered":"<h1><span style=\"font-size: 20px;\">Der Deutschland-Bonus bei der Scheidung &#8211; Versorgungsausgleich<\/span><\/h1>\n<p><span style=\"font-size: 20px;\">Ihr Extra bei einer Scheidung nach deutschem Recht: Der Partner mit dem dicke Renten- Konto muss dem anderen die H\u00e4lfte abgeben. Das nennt sich Versorgungsausgleich. Dieser wird automatisch durchgef\u00fchrt.<\/span><\/p>\n<div dir=\"auto\"><span style=\"font-size: 20px;\">Der Ehegatte, der wenig oder nichts in die Rente eingezahlt hat, muss diesen Versorgungsausgleich zum Ziel haben. Das klappt nur bei deutschem Recht. Kein anderes Recht auf der Welt kennt den Versorgungsausgleich in der in Deutschland praktizierten Form.<\/span><\/div>\n<div dir=\"auto\"><span style=\"font-size: 20px;\">Beim Versorgungsausgleich wird das, was an Rente angespart worden ist, mit dem anderen geteilt. Diese Teilung wird vom Gericht selbst vorgenommen. Die Anspr\u00fcche werden grunds\u00e4tzlich mit Rechtskr\u00e4ft der Scheidung \u00fcbertragen.<\/span><\/div>\n<div dir=\"auto\"><\/div>\n<div dir=\"auto\"><\/div>\n<div dir=\"auto\"><\/div>\n<h1 dir=\"auto\"><span style=\"font-size: 20px;\">Wann aber findet deutsches Recht Anwendung?<\/span><\/h1>\n<ul>\n<li dir=\"auto\"><span style=\"font-size: 20px;\">Es kommt nicht auf Ihre Nationalit\u00e4t an. Egal welcher Staatsangeh\u00f6rigkeit Sie haben, findet deutsches Recht Anwendung, wenn beide Ehepartner in Deutschland leben.\u00a0<\/span><\/li>\n<li dir=\"auto\"><span style=\"font-size: 20px;\">Auch wenn Sie erst seit kurzem im Ausland leben, also nicht l\u00e4nger als ein Jahr, findet deutsches Scheidungsrecht Anwendung, wenn ein Ehepartner noch in Deutschland lebt.<\/span><\/li>\n<li dir=\"auto\"><span style=\"font-size: 20px;\">Egal wo Sie wohnen und welche Staatsangeh\u00f6rigkeit Sie haben: Wenn Ihr deutscher Ehepartner in Deutschland lebt, k\u00f6nnen Sie immer nach deutschem Recht geschieden werden. Diese setzt nur voraus, dass sie den Scheidungsantrag in Deutschland stellen.\u00a0<\/span><\/li>\n<\/ul>\n<h1 dir=\"auto\"><span style=\"font-size: 20px;\">Der Profit &#8211; versorgt im Alter<\/span><\/h1>\n<div dir=\"auto\"><span style=\"font-size: 20px;\">Findet aber der Versorgungsausgleich statt, m\u00fcssen Sie sich keine Sorgen mehr um Ihre Versorgung im Alter machen. So werden Sie an s\u00e4mtlichen Renten beteiligt. Dabei ist es ohne Bedeutung, ob es sich um gesetzliche Renten, Firmenrenten oder um private Renten handelt.<\/span><\/div>\n<div data-smartmail=\"gmail_signature\"><\/div>\n","protected":false},"excerpt":{"rendered":"<p>Der Deutschland-Bonus bei der Scheidung &#8211; Versorgungsausgleich Ihr Extra bei einer Scheidung nach deutschem Recht: Der Partner mit dem dicke Renten- Konto muss dem anderen die H\u00e4lfte abgeben. Das nennt sich Versorgungsausgleich. Dieser wird automatisch durchgef\u00fchrt. Der Ehegatte, der wenig &hellip; <a href=\"https:\/\/scheidung-beratung-online.de\/?page_id=3128\">Weiterlesen <span class=\"meta-nav\">&rarr;<\/span><\/a><\/p>\n","protected":false},"author":1,"featured_media":0,"parent":0,"menu_order":0,"comment_status":"closed","ping_status":"closed","template":"","meta":[],"aioseo_notices":[],"acf":[],"_links":{"self":[{"href":"https:\/\/scheidung-beratung-online.de\/index.php?rest_route=\/wp\/v2\/pages\/3128"}],"collection":[{"href":"https:\/\/scheidung-beratung-online.de\/index.php?rest_route=\/wp\/v2\/pages"}],"about":[{"href":"https:\/\/scheidung-beratung-online.de\/index.php?rest_route=\/wp\/v2\/types\/page"}],"author":[{"embeddable":true,"href":"https:\/\/scheidung-beratung-online.de\/index.php?rest_route=\/wp\/v2\/users\/1"}],"replies":[{"embeddable":true,"href":"https:\/\/scheidung-beratung-online.de\/index.php?rest_route=%2Fwp%2Fv2%2Fcomments&post=3128"}],"version-history":[{"count":4,"href":"https:\/\/scheidung-beratung-online.de\/index.php?rest_route=\/wp\/v2\/pages\/3128\/revisions"}],"predecessor-version":[{"id":3132,"href":"https:\/\/scheidung-beratung-online.de\/index.php?rest_route=\/wp\/v2\/pages\/3128\/revisions\/3132"}],"wp:attachment":[{"href":"https:\/\/scheidung-beratung-online.de\/index.php?rest_route=%2Fwp%2Fv2%2Fmedia&parent=3128"}],"curies":[{"name":"wp","href":"https:\/\/api.w.org\/{rel}","templated":true}]}}