{"id":3135,"date":"2024-11-18T13:57:56","date_gmt":"2024-11-18T12:57:56","guid":{"rendered":"https:\/\/scheidung-beratung-online.de\/?page_id=3135"},"modified":"2025-04-26T20:32:51","modified_gmt":"2025-04-26T19:32:51","slug":"schnelle-scheidung-nach-ukrainischem-recht-in-deutschland","status":"publish","type":"page","link":"https:\/\/scheidung-beratung-online.de\/?page_id=3135","title":{"rendered":"Ukrainische Scheidung kostenlos in Deutschland"},"content":{"rendered":"\n<p><\/p>\n\n\n<p><span style=\"font-size: 20px;\">Wenn Sie als Ukrainerin in Deutschland leben, k\u00f6nnen Sie sich auch in Deutschland scheiden lassen. Das Scheidungsverfahren kann f\u00fcr Sie kostenlos sein, wenn Sie einen Anspruch auf <a href=\"https:\/\/scheidung-beratung-online.de\/?page_id=2095\">Verfahrenskostenhilfe<\/a> haben. Dann \u00fcbernimmt der Staat alle Kosten Ihrer Scheidung.<\/span><\/p>\n<p><span style=\"font-size: 20px;\"><a href=\"https:\/\/scheidung-beratung-online.de\/wp-content\/uploads\/2019\/11\/AdobeStock_205202061-Ehepartner-sperrt-sich.jpeg\"><img decoding=\"async\" loading=\"lazy\" class=\"alignright size-medium wp-image-2658\" src=\"https:\/\/scheidung-beratung-online.de\/wp-content\/uploads\/2019\/11\/AdobeStock_205202061-Ehepartner-sperrt-sich-300x200.jpeg\" alt=\"\" width=\"300\" height=\"200\" \/><\/a>Wenn Sie mit einem Ukrainer verheiratet sind, richtet sich die Scheidung in Deutschland nach ukrainischem Recht. Ja, Sie haben richtig gelesen: Das deutsche Gericht scheidet Sie nach ukrainischem Recht.<\/span><\/p>\n<p><span style=\"font-size: 20px;\">Das hat sogar Vorteile:<\/span><\/p>\n<p><span style=\"font-size: 20px;\">Der Scheidungsantrag wird auf die Artikel 110 bis 112 ff. des <strong>ukrainischen<\/strong> Familiengesetzbuchs gest\u00fctzt. Danach kann die Ehe geschieden werden, wenn sie kaputt und endg\u00fcltig gescheitert ist. Dieses wird vermutet, wenn der Antragsgegner der Scheidung zustimmt.<\/span><\/p>\n<p><span style=\"font-size: 20px;\">Auch wenn der Antragsgegner\u00a0 nicht mit dem Scheidungsantrag einverstanden ist, kann geschieden werden, wenn die eheliche Lebensgemeinschaft nicht mehr besteht, man also nicht mehr zusammen wohnt.<\/span><\/p>\n<p><span style=\"font-size: 20px;\">Ein Trennungsjahr, wie nach deutschem Recht, gibt es nicht. Die Ehe kann also, wenn sie kaputt ist nach ukrainischem Recht sofort geschieden werden.<\/span><\/p>\n<p><span style=\"font-size: 20px;\">Auf den Vers\u00f6hnungszeitraum kann verzichtet werden, wenn die Weiterf\u00fchrung der Ehe nicht mehr im Interesse der Beteiligten liegt.<\/span><\/p>\n<p><span style=\"font-size: 20px;\">Der Scheidung d\u00fcrfen keine Rechtsvorschriften entgegen stehen. Die beabsichtige Scheidung darf weder Rechte noch Interessen Dritter verletzen. Die Ehefrau darf weder nicht schwanger sein. Aus der Ehe\u00a0 hervorgegangene Kinder m\u00fcssen \u00e4lter als ein Jahr sein.<\/span><\/p>\n<p><span style=\"font-size: 20px;\">Die Ehefrau kann dem Gericht im Scheidungsverfahren mitteilen, ob sie beabsichtigt, ihren Geburtsnamen wieder anzunehmen.<\/span><\/p>\n<p><span style=\"font-size: 20px;\">Wenn Sie nicht mit einem Ukrainer verheiratet sind richtet sich das anwendbare Scheidungsrecht nach internationalen Regeln. Gerne kl\u00e4re ich Sie hier auf.<\/span><\/p>\n<p dir=\"ltr\"><span style=\"font-size: 20px;\">Wir freuen uns darauf, Ihnen zu helfen.<\/span> <span style=\"font-size: 20px;\">F\u00fcllen Sie einfach das\u00a0<a href=\"https:\/\/scheidung-beratung-online.de\/?page_id=2148\" target=\"_blank\" rel=\"noopener\">Scheidungsformular<\/a>\u00a0aus oder nehmen Sie direkt Kontakt zu uns auf:<\/span><\/p>\n<p dir=\"ltr\"><span style=\"font-size: 20px;\">Festnetz aus Deutschland:\u00a0<a href=\"tel:+492331409319\"><strong>02331 409319<\/strong><\/a><\/span><\/p>\n<p dir=\"ltr\"><span style=\"font-size: 20px;\">Festnetz aus dem Ausland:\u00a0<a href=\"tel:+492331409319\"><strong>+492331409319<\/strong><\/a><\/span><\/p>\n<p dir=\"ltr\"><span style=\"font-size: 20px;\">Handy:\u00a0<strong><a href=\"tel:+491721570178\">+491721570178<\/a><\/strong><\/span><\/p>\n<p dir=\"ltr\"><span style=\"font-size: 20px;\">E-Mail:<strong>\u00a0<a href=\"mailto:info@twitting.eu\">info@twitting.eu<\/a><\/strong><\/span><\/p>\n<p dir=\"ltr\"><strong><a href=\"https:\/\/wa.me\/491721570178\"><span style=\"font-size: 20px;\">WhatsApp<\/span><\/a><\/strong><\/p>\n<p>\u00a0<\/p>","protected":false},"excerpt":{"rendered":"<p>Wenn Sie als Ukrainerin in Deutschland leben, k\u00f6nnen Sie sich auch in Deutschland scheiden lassen. Das Scheidungsverfahren kann f\u00fcr Sie kostenlos sein, wenn Sie einen Anspruch auf Verfahrenskostenhilfe haben. Dann \u00fcbernimmt der Staat alle Kosten Ihrer Scheidung. Wenn Sie mit &hellip; <a href=\"https:\/\/scheidung-beratung-online.de\/?page_id=3135\">Weiterlesen <span class=\"meta-nav\">&rarr;<\/span><\/a><\/p>\n","protected":false},"author":1,"featured_media":0,"parent":0,"menu_order":0,"comment_status":"open","ping_status":"closed","template":"","meta":[],"aioseo_notices":[],"acf":[],"_links":{"self":[{"href":"https:\/\/scheidung-beratung-online.de\/index.php?rest_route=\/wp\/v2\/pages\/3135"}],"collection":[{"href":"https:\/\/scheidung-beratung-online.de\/index.php?rest_route=\/wp\/v2\/pages"}],"about":[{"href":"https:\/\/scheidung-beratung-online.de\/index.php?rest_route=\/wp\/v2\/types\/page"}],"author":[{"embeddable":true,"href":"https:\/\/scheidung-beratung-online.de\/index.php?rest_route=\/wp\/v2\/users\/1"}],"replies":[{"embeddable":true,"href":"https:\/\/scheidung-beratung-online.de\/index.php?rest_route=%2Fwp%2Fv2%2Fcomments&post=3135"}],"version-history":[{"count":10,"href":"https:\/\/scheidung-beratung-online.de\/index.php?rest_route=\/wp\/v2\/pages\/3135\/revisions"}],"predecessor-version":[{"id":3573,"href":"https:\/\/scheidung-beratung-online.de\/index.php?rest_route=\/wp\/v2\/pages\/3135\/revisions\/3573"}],"wp:attachment":[{"href":"https:\/\/scheidung-beratung-online.de\/index.php?rest_route=%2Fwp%2Fv2%2Fmedia&parent=3135"}],"curies":[{"name":"wp","href":"https:\/\/api.w.org\/{rel}","templated":true}]}}