{"id":3190,"date":"2025-01-12T18:42:20","date_gmt":"2025-01-12T17:42:20","guid":{"rendered":"https:\/\/scheidung-beratung-online.de\/?page_id=3190"},"modified":"2025-01-12T18:42:21","modified_gmt":"2025-01-12T17:42:21","slug":"scheidung-nach-heirat-eines-juengeren-partners-aus-afrika-asien-mittelamerka-oder-suedamerika","status":"publish","type":"page","link":"https:\/\/scheidung-beratung-online.de\/?page_id=3190","title":{"rendered":"Scheidung nach Heirat eines j\u00fcngeren Partners aus Afrika, Asien, Mittelamerka oder S\u00fcdamerika"},"content":{"rendered":"<p><a href=\"https:\/\/scheidung-beratung-online.de\/wp-content\/uploads\/2025\/01\/AdobeStock_473192511-scaled.jpeg\"><img decoding=\"async\" loading=\"lazy\" class=\"alignright wp-image-3195\" src=\"https:\/\/scheidung-beratung-online.de\/wp-content\/uploads\/2025\/01\/AdobeStock_473192511-1024x683.jpeg\" alt=\"\" width=\"400\" height=\"267\" srcset=\"https:\/\/scheidung-beratung-online.de\/wp-content\/uploads\/2025\/01\/AdobeStock_473192511-1024x683.jpeg 1024w, https:\/\/scheidung-beratung-online.de\/wp-content\/uploads\/2025\/01\/AdobeStock_473192511-300x200.jpeg 300w, https:\/\/scheidung-beratung-online.de\/wp-content\/uploads\/2025\/01\/AdobeStock_473192511-768x512.jpeg 768w, https:\/\/scheidung-beratung-online.de\/wp-content\/uploads\/2025\/01\/AdobeStock_473192511-1536x1024.jpeg 1536w, https:\/\/scheidung-beratung-online.de\/wp-content\/uploads\/2025\/01\/AdobeStock_473192511-2048x1365.jpeg 2048w, https:\/\/scheidung-beratung-online.de\/wp-content\/uploads\/2025\/01\/AdobeStock_473192511-450x300.jpeg 450w\" sizes=\"(max-width: 400px) 100vw, 400px\" \/><\/a><span style=\"font-size: 20px;\">Sie haben als deutsche Frau einen j\u00fcngeren Mann aus Afrika, Asien, Mittelamerika oder S\u00fcdamerika geheiratet und stellen fest, dass Ihr jetziger Ehemann keine ehrlichen Absichten hatte. Sie sind nicht allein \u2013 immer wieder wenden sich Frauen in Ihrer Situation an mich, um rechtliche Unterst\u00fctzung bei der Scheidung zu erhalten. Oft wurde die Liebe von den j\u00fcngeren M\u00e4nnern nur vorget\u00e4uscht, um wirtschaftliche Vorteile zu erlangen oder eine Grundlage f\u00fcr eine m\u00f6gliche Auswanderung nach Deutschland zu schaffen. Meist blieb der erhoffte Umzug nach Deutschland jedoch aus, weil kein Visum erteilt wurde.<\/span><\/p>\n<p><span style=\"font-size: 20px;\"><strong>Warum ich der richtige Ansprechpartner f\u00fcr Sie bin<\/strong><\/span><\/p>\n<p><span style=\"font-size: 20px;\">Seit \u00fcber 25 Jahren bin ich erfolgreich im internationalen Scheidungsrecht t\u00e4tig und habe zahlreichen Mandantinnen geholfen, ihre Ehe rechtlich und emotional zu verarbeiten. Ich verstehe die besonderen Herausforderungen, die mit solchen bi-nationalen oder internationalen Ehen verbunden sind. Dabei ist mir wichtig, nicht nur Ihre rechtlichen Interessen durchzusetzen, sondern auch Ihre emotionale Situation zu verstehen und angemessen darauf einzugehen.<\/span><\/p>\n<p><span style=\"font-size: 20px;\"><strong>Was ich f\u00fcr Sie tun kann:<\/strong><\/span><\/p>\n<ol>\n<li><span style=\"font-size: 20px;\"><strong>Rechtliche Klarheit schaffen<\/strong>: Ich pr\u00fcfe, ob deutsches oder internationales Recht f\u00fcr Ihre Scheidung zur Anwendung kommt, und erkl\u00e4re Ihnen alle Schritte im Detail.<\/span><\/li>\n<li><span style=\"font-size: 20px;\"><strong>Kompetente Verfahrensf\u00fchrung<\/strong>: Ich setze Ihre Anspr\u00fcche im Scheidungsverfahren durch, sei es hinsichtlich Abwehr von (Unterhalts-)Forderungen oder der Aufl\u00f6sung wirtschaftlicher Verpflichtungen.<\/span><\/li>\n<li><span style=\"font-size: 20px;\"><strong>Verst\u00e4ndnis und Diskretion<\/strong>: Ich begleite Sie mit einem offenen Ohr und der n\u00f6tigen Diskretion durch diesen schwierigen Prozess. Ihre individuelle Geschichte steht im Mittelpunkt meiner Arbeit.<\/span><\/li>\n<\/ol>\n<p><span style=\"font-size: 20px;\"><strong>Ihre Chance auf einen Neubeginn<\/strong><\/span><\/p>\n<p><span style=\"font-size: 20px;\">Nach einer solchen Entt\u00e4uschung kann es schwerfallen, den n\u00e4chsten Schritt zu wagen. Viele meiner Mandantinnen empfinden die erfolgreiche Scheidung jedoch als ersten Schritt in ein neues Leben, frei von falschen Versprechungen und Belastungen. Ich helfe Ihnen, Ihre rechtliche und emotionale Freiheit zur\u00fcckzugewinnen.<\/span><\/p>\n<p><span style=\"font-size: 20px;\"><strong>Kontaktieren Sie mich f\u00fcr ein unverbindliches Erstgespr\u00e4ch.<\/strong> Gemeinsam finden wir die beste L\u00f6sung f\u00fcr Ihre Situation \u2013 fachlich kompetent und menschlich einf\u00fchlsam.<\/span><\/p>\n<p dir=\"ltr\"><span style=\"font-size: 20px;\">Wir freuen uns darauf, Ihnen zu helfen. F\u00fcllen Sie das <a title=\"Scheidungsformular\" href=\"http:\/\/scheidung-beratung-online.de\/?page_id=2148\" target=\"_blank\" rel=\"noopener\">Scheidungsformular<\/a>\u00a0aus oder nehmen Sie \u00fcber Telefon oder E-Mail Kontakt zu uns auf:<\/span><\/p>\n<p dir=\"ltr\"><span style=\"font-size: 20px;\"><strong>Telefon: 02331-409319<\/strong><\/span><\/p>\n<p dir=\"ltr\"><span style=\"font-size: 20px;\">E-Mail:<strong>\u00a0info@twitting.eu<\/strong><\/span><\/p>\n","protected":false},"excerpt":{"rendered":"<p>Sie haben als deutsche Frau einen j\u00fcngeren Mann aus Afrika, Asien, Mittelamerika oder S\u00fcdamerika geheiratet und stellen fest, dass Ihr jetziger Ehemann keine ehrlichen Absichten hatte. Sie sind nicht allein \u2013 immer wieder wenden sich Frauen in Ihrer Situation an &hellip; <a href=\"https:\/\/scheidung-beratung-online.de\/?page_id=3190\">Weiterlesen <span class=\"meta-nav\">&rarr;<\/span><\/a><\/p>\n","protected":false},"author":1,"featured_media":0,"parent":2342,"menu_order":0,"comment_status":"closed","ping_status":"closed","template":"","meta":[],"aioseo_notices":[],"acf":[],"_links":{"self":[{"href":"https:\/\/scheidung-beratung-online.de\/index.php?rest_route=\/wp\/v2\/pages\/3190"}],"collection":[{"href":"https:\/\/scheidung-beratung-online.de\/index.php?rest_route=\/wp\/v2\/pages"}],"about":[{"href":"https:\/\/scheidung-beratung-online.de\/index.php?rest_route=\/wp\/v2\/types\/page"}],"author":[{"embeddable":true,"href":"https:\/\/scheidung-beratung-online.de\/index.php?rest_route=\/wp\/v2\/users\/1"}],"replies":[{"embeddable":true,"href":"https:\/\/scheidung-beratung-online.de\/index.php?rest_route=%2Fwp%2Fv2%2Fcomments&post=3190"}],"version-history":[{"count":11,"href":"https:\/\/scheidung-beratung-online.de\/index.php?rest_route=\/wp\/v2\/pages\/3190\/revisions"}],"predecessor-version":[{"id":3202,"href":"https:\/\/scheidung-beratung-online.de\/index.php?rest_route=\/wp\/v2\/pages\/3190\/revisions\/3202"}],"up":[{"embeddable":true,"href":"https:\/\/scheidung-beratung-online.de\/index.php?rest_route=\/wp\/v2\/pages\/2342"}],"wp:attachment":[{"href":"https:\/\/scheidung-beratung-online.de\/index.php?rest_route=%2Fwp%2Fv2%2Fmedia&parent=3190"}],"curies":[{"name":"wp","href":"https:\/\/api.w.org\/{rel}","templated":true}]}}