{"id":3205,"date":"2025-01-26T15:30:32","date_gmt":"2025-01-26T14:30:32","guid":{"rendered":"https:\/\/scheidung-beratung-online.de\/?page_id=3205"},"modified":"2025-01-26T15:30:32","modified_gmt":"2025-01-26T14:30:32","slug":"scheidung-wenn-der-ehepartner-verschwunden-ist","status":"publish","type":"page","link":"https:\/\/scheidung-beratung-online.de\/?page_id=3205","title":{"rendered":"Scheidung wenn der Ehepartner verschwunden ist"},"content":{"rendered":"<p><span style=\"font-size: 16px;\">Sie wollen die Scheidung, aber Ihr Ehepartner ist<\/span><\/p>\n<ul>\n<li><span style=\"font-size: 16px;\">nicht auffindbar sondern<\/span><\/li>\n<li><span style=\"font-size: 16px;\">einfach verschwunden oder<\/span><\/li>\n<li><span style=\"font-size: 16px;\">reist in der Welt herum ohne eine feste Adresse?<\/span><\/li>\n<\/ul>\n<p><span style=\"font-size: 16px;\">Beim &#8222;Untertauchen&#8220; profitiert Ihr Ehepartner vielleicht davon, dass er eine <a href=\"https:\/\/scheidung-beratung-online.de\/?page_id=2216\">ausl\u00e4ndische Staatsangeh\u00f6rigkeit<\/a> hat und in seinem Heimatland noch tief verwurzelt ist. Au\u00dferdem hat Ihr Ehepartner m\u00f6glicherweise Helfer im Ausland die ihn dabei unterst\u00fctzen, seinen Wohnort zu verschleiern.<a href=\"https:\/\/scheidung-beratung-online.de\/wp-content\/uploads\/2025\/01\/unbekannter_Aufenthalt_AdobeStock_1208105838-scaled.jpeg\"><img decoding=\"async\" loading=\"lazy\" class=\"alignright wp-image-3212\" src=\"https:\/\/scheidung-beratung-online.de\/wp-content\/uploads\/2025\/01\/unbekannter_Aufenthalt_AdobeStock_1208105838-1024x574.jpeg\" alt=\"\" width=\"400\" height=\"224\" srcset=\"https:\/\/scheidung-beratung-online.de\/wp-content\/uploads\/2025\/01\/unbekannter_Aufenthalt_AdobeStock_1208105838-1024x574.jpeg 1024w, https:\/\/scheidung-beratung-online.de\/wp-content\/uploads\/2025\/01\/unbekannter_Aufenthalt_AdobeStock_1208105838-300x168.jpeg 300w, https:\/\/scheidung-beratung-online.de\/wp-content\/uploads\/2025\/01\/unbekannter_Aufenthalt_AdobeStock_1208105838-768x431.jpeg 768w, https:\/\/scheidung-beratung-online.de\/wp-content\/uploads\/2025\/01\/unbekannter_Aufenthalt_AdobeStock_1208105838-1536x862.jpeg 1536w, https:\/\/scheidung-beratung-online.de\/wp-content\/uploads\/2025\/01\/unbekannter_Aufenthalt_AdobeStock_1208105838-2048x1149.jpeg 2048w, https:\/\/scheidung-beratung-online.de\/wp-content\/uploads\/2025\/01\/unbekannter_Aufenthalt_AdobeStock_1208105838-500x280.jpeg 500w\" sizes=\"(max-width: 400px) 100vw, 400px\" \/><\/a><\/span><\/p>\n<p><span style=\"font-size: 16px;\">M\u00fcssen Sie jetzt f\u00fcr immer verheiratet bleiben? Nein, jedenfalls dann nicht, wenn Sie einen <a href=\"https:\/\/scheidung-beratung-online.de\/\">kompetenten Anwalt<\/a> an Ihrer Seite haben, der sich mit der Technik der <strong>Zustellung<\/strong> im Scheidungsprozess auskennt.<\/span><\/p>\n<h1><span style=\"font-size: 16px;\">Zustellung beim Scheidungsantrag: Was Sie wissen m\u00fcssen!<\/span><\/h1>\n<p><span style=\"font-size: 16px;\">Wenn Sie eine Scheidung einreichen m\u00f6chten, ist es zwingend erforderlich, dass der Scheidungsantrag Ihrem Ehepartner zugestellt werden kann. Und daf\u00fcr ben\u00f6tigt das Gericht eine ladungsf\u00e4hige Anschrift Ihres Ehepartners. Doch was passiert, wenn Sie nicht wissen, wo Ihr Ehepartner sich aufh\u00e4lt?<\/span><\/p>\n<p><span style=\"font-size: 16px;\">In solchen F\u00e4llen gibt es die M\u00f6glichkeit der \u00f6ffentlichen Zustellung. Lesen Sie weiter, um zu erfahren, welche Voraussetzungen hierf\u00fcr erf\u00fcllt sein m\u00fcssen und wie ich Ihnen als erfahrener Anwalt bei dieser Herausforderung helfen kann.<\/span><\/p>\n<h1><span style=\"font-size: 16px;\">Warum ist die Zustellung des Scheidungsantrags so wichtig?<\/span><\/h1>\n<p><span style=\"font-size: 16px;\">Ohne eine Zustellung des Scheidungsantrags kann das Scheidungsverfahren nicht beginnen. Falls Sie die Adresse Ihres Ehepartners nicht kennen, w\u00fcrde das Gericht Ihren Scheidungsantrag zur\u00fcckweisen. Um trotzdem die Scheidung zu erreichen hei\u00dft das Zauberwort: <strong>\u00d6ffentliche Zustellung!<\/strong> Diese stellt sicher, dass der Antrag als zugestellt gilt, auch wenn der Ehepartner nicht erreichbar ist.<\/span><\/p>\n<h1><span style=\"font-size: 16px;\">Was bedeutet \u00f6ffentliche Zustellung?<\/span><\/h1>\n<p><span style=\"font-size: 16px;\">Bei der \u00f6ffentlichen Zustellung wird der Scheidungsantrag durch einen Aushang an der Gerichtstafel des zust\u00e4ndigen Familiengerichts bekannt gemacht. Hierdurch wird \u2013 zumindest theoretisch \u2013 Ihrem Ehepartner die M\u00f6glichkeit gegeben, den Antrag entgegenzunehmen. Der Aushang enth\u00e4lt in der Regel nur grundlegende Informationen wie den Namen und die letzte bekannte Adresse Ihres Ehepartners sowie das Aktenzeichen.<\/span><\/p>\n<p><span style=\"font-size: 16px;\">Der Antrag gilt als zugestellt, wenn der Aushang mindestens einen Monat lang sichtbar war. Wiederum in Ausnahmef\u00e4llen kann das Gericht auch eine l\u00e4ngere Frist bestimmen. Dabei ist es egal, ob Ihr Ehepartner diesen Aushang bei Gericht jemals liest.<\/span><\/p>\n<h1><span style=\"font-size: 16px;\">Voraussetzungen f\u00fcr die \u00f6ffentliche Zustellung<\/span><\/h1>\n<p><span style=\"font-size: 16px;\">Die Voraussetzung f\u00fcr eine \u00f6ffentliche Zustellung ist, dass der Aufenthaltsort Ihres Ehepartners \u201eallgemein unbekannt\u201c ist. Dies bedeutet, dass weder Sie noch andere Personen mit zumutbarem Aufwand den Aufenthaltsort ermitteln konnten. Einfach nur nicht zu wissen, wo Ihr Ehepartner ist, reicht nicht aus. Sie m\u00fcssen dem Gericht nachweisen, dass Sie ernsthafte und umfassende Nachforschungen angestellt haben.<\/span><\/p>\n<h1><span style=\"font-size: 16px;\">Ma\u00dfnahmen, die Sie ergreifen k\u00f6nnen, umfassen:<\/span><\/h1>\n<ul>\n<li><span style=\"font-size: 16px;\">Ermittlungen beim Ausl\u00e4nderzentralregister, falls Ihr Ehepartner Ausl\u00e4nder ist.<\/span><\/li>\n<li><span style=\"font-size: 16px;\">Anfrage beim Einwohnermeldeamt des letzten bekannten Wohnortes.<\/span><\/li>\n<li><span style=\"font-size: 16px;\">Nachforschungen bei ehemaligen Nachbarn, Verwandten oder Freunden.<\/span><\/li>\n<li><span style=\"font-size: 16px;\">Recherche in sozialen Netzwerken.<\/span><\/li>\n<li><span style=\"font-size: 16px;\">Anfrage bei der letzten bekannten Arbeitsstelle Ihres Ehepartners.<\/span><\/li>\n<li><span style=\"font-size: 16px;\">Kontaktaufnahme mit dem Sozialamt, sofern Ihr Ehepartner \u00f6ffentliche Leistungen bezieht.<\/span><\/li>\n<\/ul>\n<p><span style=\"font-size: 16px;\">Je mehr Sie dokumentieren und dem Gericht vorlegen, desto eher wird eine \u00f6ffentliche Zustellung zugelassen. Oft verlangt das Gericht eine eidesstattliche Versicherung \u00fcber Ihre Bem\u00fchungen.<\/span><\/p>\n<h1><span style=\"font-size: 16px;\">Meine Expertise f\u00fcr Ihren Erfolg<\/span><\/h1>\n<p><span style=\"font-size: 16px;\">Die \u00f6ffentliche Zustellung kann eine komplexe Angelegenheit sein, die umfassende Kenntnisse und gezielte Nachforschungen erfordert. Als erfahrener Anwalt im Bereich Ehescheidung verf\u00fcge ich \u00fcber das Know-how und die Kompetenz, Sie in diesen F\u00e4llen effektiv zu unterst\u00fctzen. Ich helfe Ihnen, die notwendigen Schritte einzuleiten, um die Voraussetzungen f\u00fcr die \u00f6ffentliche Zustellung zu erf\u00fcllen, und begleite Sie durch den gesamten Prozess.<\/span><\/p>\n<p><span style=\"font-size: 16px;\">Setzen Sie auf meine Erfahrung, damit Sie Ihr Scheidungsverfahren erfolgreich und rechtssicher abschlie\u00dfen k\u00f6nnen.<\/span><\/p>\n<h1><span style=\"font-size: 16px;\">Sie haben Fragen?<\/span><\/h1>\n<p><span style=\"font-size: 16px;\">Hier erhalten Sie Antworten. Die Erstberatung ist kostenlos: Telefon international\u00a0<strong>+492331409319<\/strong>\u00a0 Telefon aus Deutschland\u00a0<strong>02331-409319<\/strong>\u00a0Email:\u00a0<strong><a href=\"mailto:info@twitting.eu\">info@twitting.eu<\/a>\u00a0<\/strong><\/span><\/p>\n","protected":false},"excerpt":{"rendered":"<p>Sie wollen die Scheidung, aber Ihr Ehepartner ist nicht auffindbar sondern einfach verschwunden oder reist in der Welt herum ohne eine feste Adresse? Beim &#8222;Untertauchen&#8220; profitiert Ihr Ehepartner vielleicht davon, dass er eine ausl\u00e4ndische Staatsangeh\u00f6rigkeit hat und in seinem Heimatland &hellip; <a href=\"https:\/\/scheidung-beratung-online.de\/?page_id=3205\">Weiterlesen <span class=\"meta-nav\">&rarr;<\/span><\/a><\/p>\n","protected":false},"author":1,"featured_media":0,"parent":0,"menu_order":0,"comment_status":"closed","ping_status":"closed","template":"","meta":[],"aioseo_notices":[],"acf":[],"_links":{"self":[{"href":"https:\/\/scheidung-beratung-online.de\/index.php?rest_route=\/wp\/v2\/pages\/3205"}],"collection":[{"href":"https:\/\/scheidung-beratung-online.de\/index.php?rest_route=\/wp\/v2\/pages"}],"about":[{"href":"https:\/\/scheidung-beratung-online.de\/index.php?rest_route=\/wp\/v2\/types\/page"}],"author":[{"embeddable":true,"href":"https:\/\/scheidung-beratung-online.de\/index.php?rest_route=\/wp\/v2\/users\/1"}],"replies":[{"embeddable":true,"href":"https:\/\/scheidung-beratung-online.de\/index.php?rest_route=%2Fwp%2Fv2%2Fcomments&post=3205"}],"version-history":[{"count":10,"href":"https:\/\/scheidung-beratung-online.de\/index.php?rest_route=\/wp\/v2\/pages\/3205\/revisions"}],"predecessor-version":[{"id":3216,"href":"https:\/\/scheidung-beratung-online.de\/index.php?rest_route=\/wp\/v2\/pages\/3205\/revisions\/3216"}],"wp:attachment":[{"href":"https:\/\/scheidung-beratung-online.de\/index.php?rest_route=%2Fwp%2Fv2%2Fmedia&parent=3205"}],"curies":[{"name":"wp","href":"https:\/\/api.w.org\/{rel}","templated":true}]}}