{"id":3290,"date":"2025-02-08T19:41:35","date_gmt":"2025-02-08T18:41:35","guid":{"rendered":"https:\/\/scheidung-beratung-online.de\/?page_id=3290"},"modified":"2025-04-26T21:04:56","modified_gmt":"2025-04-26T20:04:56","slug":"mega-vorteil-tuerkisches-scheidungsrecht-blitzschnell-und-simpel","status":"publish","type":"page","link":"https:\/\/scheidung-beratung-online.de\/?page_id=3290","title":{"rendered":"Mega Vorteil t\u00fcrkisches Scheidungsrecht &#8211; Blitzschnell und simpel"},"content":{"rendered":"<p><span style=\"font-size: 16px;\">Jeder in Deutschland mit t\u00fcrkischem Pass kann seine Scheidung vor einem deutschen Gericht nach t\u00fcrkischem Recht einleiten. Notwendig ist vorher nur die Wahl t\u00fcrkischen Rechts durch eine kleine Vereinbarung.<\/span><\/p>\n<p><span style=\"font-size: 16px;\">Die Entscheidung f\u00fcr das t\u00fcrkische Scheidungsrecht sorgt f\u00fcr ein unkompliziertes und<a href=\"https:\/\/scheidung-beratung-online.de\/wp-content\/uploads\/2025\/02\/Firefly_f6d24ae2-5e36-4511-b6f3-fdd2158d4682-scaled.jpeg\"><img decoding=\"async\" loading=\"lazy\" class=\"alignright wp-image-3304\" src=\"https:\/\/scheidung-beratung-online.de\/wp-content\/uploads\/2025\/02\/Firefly_f6d24ae2-5e36-4511-b6f3-fdd2158d4682-1024x585.jpeg\" alt=\"\" width=\"450\" height=\"257\" srcset=\"https:\/\/scheidung-beratung-online.de\/wp-content\/uploads\/2025\/02\/Firefly_f6d24ae2-5e36-4511-b6f3-fdd2158d4682-1024x585.jpeg 1024w, https:\/\/scheidung-beratung-online.de\/wp-content\/uploads\/2025\/02\/Firefly_f6d24ae2-5e36-4511-b6f3-fdd2158d4682-300x171.jpeg 300w, https:\/\/scheidung-beratung-online.de\/wp-content\/uploads\/2025\/02\/Firefly_f6d24ae2-5e36-4511-b6f3-fdd2158d4682-768x439.jpeg 768w, https:\/\/scheidung-beratung-online.de\/wp-content\/uploads\/2025\/02\/Firefly_f6d24ae2-5e36-4511-b6f3-fdd2158d4682-1536x878.jpeg 1536w, https:\/\/scheidung-beratung-online.de\/wp-content\/uploads\/2025\/02\/Firefly_f6d24ae2-5e36-4511-b6f3-fdd2158d4682-2048x1170.jpeg 2048w, https:\/\/scheidung-beratung-online.de\/wp-content\/uploads\/2025\/02\/Firefly_f6d24ae2-5e36-4511-b6f3-fdd2158d4682-500x286.jpeg 500w\" sizes=\"(max-width: 450px) 100vw, 450px\" \/><\/a> schnelles Verfahren gerade im Vergleich zum deutschen Scheidungsrecht. Hier die wesentlichen Vorteile: <\/span><\/p>\n<p><span style=\"font-size: 16px; color: #000000; font-weight: bold;\">Kein Trennungsjahr \u2013 Schneller zum Scheidungsabschluss<\/span><\/p>\n<p><span style=\"font-size: 16px;\">W\u00e4hrend das deutsche Scheidungsrecht ein Trennungsjahr vorsieht, entf\u00e4llt diese Wartezeit im t\u00fcrkischen Scheidungsrecht. Dies bedeutet:<\/span><\/p>\n<p><span style=\"font-size: 16px;\">\u2705 Schnellere Verfahrensabwicklung: Ohne das \u00fcberfl\u00fcssige Warten auf ein Jahr Trennung kann der Scheidungsprozess direkt in Gang gesetzt werden.<\/span><\/p>\n<p><span style=\"font-size: 16px;\">\u2705 Entlastung in emotional belastenden Situationen: Ein schnellerer rechtlicher Abschluss kann dazu beitragen, die oft belastende Phase der Trennung zu verk\u00fcrzen und den Weg in einen Neuanfang zu ebnen.<\/span><\/p>\n<ol start=\"2\">\n<li>\n<h1><span style=\"font-size: 16px;\">Kein Versorgungsausgleich \u2013 Weniger b\u00fcrokratische Probleme<\/span><\/h1>\n<\/li>\n<\/ol>\n<p><span style=\"font-size: 16px;\">Ein weiterer deutlicher Unterschied zum deutschen Recht ist das Fehlen des <a href=\"http:\/\/scheidung-beratung-online.de\/?p=2431\">Versorgungsausgleichs<\/a> im t\u00fcrkischen Scheidungsrecht.<\/span><\/p>\n<p><span style=\"font-size: 16px;\">Beim <a href=\"http:\/\/scheidung-beratung-online.de\/?p=2431\">Versorgungsausgleich<\/a> werden die Rentenrechte geteilt, die von den Ehepartnern w\u00e4hrend der Ehezeit eingezahlt worden sind. Davon profitiert der Ehepartner (meistens die Ehefrau), der weniger Rente eingezahlt hat und es ergibt sich eine Nachteil f\u00fcr den Ehegatten (meistens der Ehemann), der mehr in die Rentenversicherung eingezahlt hat.<\/span><\/p>\n<p><span style=\"font-size: 16px;\">Die Berechnung des genauen Betrags, der geteilt werden muss ist kompliziert und dauert lange. Das t\u00fcrkische Recht kennt keinen Versorgungsausgleich. Das hat f\u00fcr die Beteiligten folgende Vorteile.<\/span><\/p>\n<p><span style=\"font-size: 16px;\">\u2705\u00a0Die Eheleute werden deutlich schneller geschieden. Es entf\u00e4llt die langwierige und komplexe Bewertung der Rentenrechte.<\/span><\/p>\n<p><span style=\"font-size: 16px;\">\u2705 Es ergibt sich kein doppelter Nachteil f\u00fcr den Ehemann. Dieser hat durch die \u00dcbergabe des Brautgoldes anl\u00e4sslich der nach islamischen Brauch gefeierten Heirat meistens schon seinen Beitrag f\u00fcr die Absicherung der Ehefrau f\u00fcr den Fall der Scheidung geleistet.<\/span><\/p>\n<p><span style=\"font-size: 16px;\">\u2705 Wenn das Brautgold nicht f\u00fcr die Absicherung der Ehefrau reichen sollte, kann ein anderer Ausgleich gesucht werden, der fair und unkompliziert ist.<\/span><\/p>\n<ol start=\"3\">\n<li>\n<h1><span style=\"font-size: 16px;\">Voraussetzungen der Scheidung nach t\u00fcrkischem Recht<\/span><\/h1>\n<\/li>\n<\/ol>\n<p><span style=\"font-size: 16px;\">Die Scheidung nach t\u00fcrkischem Recht folgt einem eigenen Verfahren, das sich in einigen Punkten deutlich vom deutschen Recht unterscheidet. Wesentliche Voraussetzungen und Merkmale sind:<\/span><\/p>\n<ul>\n<li><span style=\"font-size: 16px;\"><strong>Einvernehmliche Scheidung:<\/strong> Beide Ehepartner einigen sich auf die Scheidungsmodalit\u00e4ten und reichen gemeinsam den Scheidungsantrag ein. Da das deutsche Prozessrecht einen gemeinsamen Antrag nicht kennt, wird der Ansatz des gemeinsamen Scheidungsantrags nach t\u00fcrkischem Recht dadurch verwirklicht, dass ein Ehepartner den Scheidungsantrag stellt und der andere schlicht zustimmt. F\u00fcr die Zustimmung braucht der andere Ehegatte nicht einmal einen eigenen Anwalt.<\/span><\/li>\n<li><span style=\"font-size: 16px;\"><strong>Streitige Scheidung:<\/strong> Wird die Scheidung von einem der Ehepartner beantragt und der andere widerspricht, m\u00fcssen schwerwiegenden Gr\u00fcnde bewiesen werden, die eine Fortf\u00fchrung der Ehe unzumutbar machen.<\/span><\/li>\n<li><span style=\"font-size: 16px;\"><strong>Zerr\u00fcttung der Ehe:<\/strong> Es ist Voraussetzung sowohl der einvernehmlichen Scheidung, als auch der streitigen Scheidung, dass die Ehe zerr\u00fcttet ist. Es muss also ein Fehlverhalten vorliegen oder es m\u00fcssen un\u00fcberbr\u00fcckbare Differenzen vorliegen. Bei der einvernehmliche Scheidung reicht die Behauptung der Zerr\u00fcttung. Es m\u00fcssen dem Gericht keine Details mitgeteilt werden.<\/span><\/li>\n<\/ul>\n<ol start=\"4\">\n<li>\n<h1><span style=\"font-size: 16px;\">Internationale Rechtswahl: Die Rolle der Rom-III-Verordnung<\/span><\/h1>\n<\/li>\n<\/ol>\n<p><span style=\"font-size: 16px;\">Die sogenannte \u201eRom-III-Verordnung\u201c erm\u00f6glicht es, in Familiensachen das Scheidungsrecht zu w\u00e4hlen. Dies er\u00f6ffnet insbesondere t\u00fcrkischen Staatsangeh\u00f6rigen sowie Deutschen mit t\u00fcrkischem Pass eine attraktive Alternative, indem sie von den oben genannten Vorteilen des t\u00fcrkischen Systems profitieren k\u00f6nnen.<\/span><\/p>\n<ol start=\"5\">\n<li><span style=\"font-size: 16px;\"><strong>Ihr erfahrener Ansprechpartner im internationalen Scheidungsrecht<\/strong><\/span><\/li>\n<\/ol>\n<p><span style=\"font-size: 16px;\">Als erfahrener Anwalt im internationalen Scheidungsrecht stehe ich Ihnen mit umfassender Expertise zur Seite.<\/span><\/p>\n<p><span style=\"font-size: 16px;\">\u2714Individuelle Beratung:<\/span><br \/>\n<span style=\"font-size: 16px;\">Jede Scheidungssituation ist einzigartig \u2013 insbesondere bei multinationalen Sachverhalten. Ich analysiere Ihre individuelle Situation und erarbeite gemeinsam mit Ihnen die optimale Strategie.<\/span><\/p>\n<p><span style=\"font-size: 16px;\">\u2714Kompetente Rechtswahl:<\/span><br \/>\n<span style=\"font-size: 16px;\">Ob deutsches oder t\u00fcrkisches Scheidungsrecht \u2013 ich berate Sie ausf\u00fchrlich \u00fcber Ihre M\u00f6glichkeiten und unterst\u00fctze Sie bei der Rechtswahl nach der Rom-III-Verordnung.<\/span><\/p>\n<p><span style=\"font-size: 16px;\">\u2714Effiziente und zielgerichtete Prozessf\u00fchrung:<\/span><br \/>\n<span style=\"font-size: 16px;\">Mit meiner langj\u00e4hrigen Erfahrung sorge ich daf\u00fcr, dass Ihr Scheidungsverfahren so reibungslos wie m\u00f6glich abl\u00e4uft, damit Sie sich auf Ihren Neuanfang konzentrieren k\u00f6nnen.<\/span><\/p>\n<p><span style=\"font-size: 16px;\">Fazit:<\/span><br \/>\n<span style=\"font-size: 16px;\">Das t\u00fcrkische Scheidungsrecht bietet insbesondere dann klare Vorteile, wenn es um eine z\u00fcgige und unkomplizierte Abwicklung des Scheidungsverfahrens geht \u2013 dank des Wegfalls des Trennungsjahres und des Versorgungsausgleichs. F\u00fcr in Deutschland lebende T\u00fcrken und f\u00fcr Deutsche mit t\u00fcrkischem Pass er\u00f6ffnet sich somit eine attraktive Alternative, die Sie im Rahmen der internationalen Rechtswahl nutzen k\u00f6nnen.<\/span><\/p>\n<p><span style=\"font-size: 16px;\">Wenn Sie sich in einer solchen Situation befinden oder einfach mehr \u00fcber Ihre M\u00f6glichkeiten erfahren m\u00f6chten, stehe ich Ihnen gerne mit meiner Expertise zur Seite. Kontaktieren Sie mich f\u00fcr ein pers\u00f6nliches Beratungsgespr\u00e4ch und profitieren Sie von meiner langj\u00e4hrigen Erfahrung im internationalen Scheidungsrecht.<\/span><\/p>\n<p><span style=\"font-size: 16px;\">Ihr kompetenter Partner im internationalen Scheidungsrecht \u2013 ma\u00dfgeschneiderte L\u00f6sungen f\u00fcr Ihren Neuanfang.<\/span><\/p>\n<p dir=\"ltr\"><span style=\"font-size: 16px;\">Ich freue mich darauf, Ihnen zu helfen. F\u00fcllen Sie einfach das <a href=\"https:\/\/scheidung-beratung-online.de\/?page_id=2148\" target=\"_blank\" rel=\"noopener\">Scheidungsformular<\/a> aus oder nehmen Sie \u00fcber Telefon, E-Mail oder WhatsApp <a href=\"https:\/\/scheidung-beratung-online.de\/?page_id=2\" target=\"_blank\" rel=\"noopener\">Kontakt<\/a> zu mir auf:<\/span><\/p>\n<p dir=\"ltr\"><span style=\"font-size: 16px;\">Festnetz aus Deutschland:\u00a0<a href=\"tel:+492331409319\"><strong>02331 409319<\/strong><\/a><\/span><\/p>\n<p dir=\"ltr\"><span style=\"font-size: 16px;\">Festnetz aus dem Ausland:\u00a0<a href=\"tel:+492331409319\"><strong>+492331409319<\/strong><\/a><\/span><\/p>\n<p dir=\"ltr\"><span style=\"font-size: 16px;\">Handy:\u00a0<strong><a href=\"tel:+491721570178\">+491721570178<\/a><\/strong><\/span><\/p>\n<p dir=\"ltr\"><span style=\"font-size: 16px;\">E-Mail:<strong>\u00a0<a href=\"mailto:info@twitting.eu\">info@twitting.eu<\/a><\/strong><\/span><\/p>\n<p dir=\"ltr\"><strong><a href=\"https:\/\/wa.me\/491721570178\"><span style=\"font-size: 16px;\">WhatsApp<\/span><\/a><\/strong><\/p>\n","protected":false},"excerpt":{"rendered":"<p>Jeder in Deutschland mit t\u00fcrkischem Pass kann seine Scheidung vor einem deutschen Gericht nach t\u00fcrkischem Recht einleiten. Notwendig ist vorher nur die Wahl t\u00fcrkischen Rechts durch eine kleine Vereinbarung. Die Entscheidung f\u00fcr das t\u00fcrkische Scheidungsrecht sorgt f\u00fcr ein unkompliziertes und &hellip; <a href=\"https:\/\/scheidung-beratung-online.de\/?page_id=3290\">Weiterlesen <span class=\"meta-nav\">&rarr;<\/span><\/a><\/p>\n","protected":false},"author":1,"featured_media":0,"parent":1694,"menu_order":0,"comment_status":"closed","ping_status":"closed","template":"","meta":[],"aioseo_notices":[],"acf":[],"_links":{"self":[{"href":"https:\/\/scheidung-beratung-online.de\/index.php?rest_route=\/wp\/v2\/pages\/3290"}],"collection":[{"href":"https:\/\/scheidung-beratung-online.de\/index.php?rest_route=\/wp\/v2\/pages"}],"about":[{"href":"https:\/\/scheidung-beratung-online.de\/index.php?rest_route=\/wp\/v2\/types\/page"}],"author":[{"embeddable":true,"href":"https:\/\/scheidung-beratung-online.de\/index.php?rest_route=\/wp\/v2\/users\/1"}],"replies":[{"embeddable":true,"href":"https:\/\/scheidung-beratung-online.de\/index.php?rest_route=%2Fwp%2Fv2%2Fcomments&post=3290"}],"version-history":[{"count":13,"href":"https:\/\/scheidung-beratung-online.de\/index.php?rest_route=\/wp\/v2\/pages\/3290\/revisions"}],"predecessor-version":[{"id":3577,"href":"https:\/\/scheidung-beratung-online.de\/index.php?rest_route=\/wp\/v2\/pages\/3290\/revisions\/3577"}],"up":[{"embeddable":true,"href":"https:\/\/scheidung-beratung-online.de\/index.php?rest_route=\/wp\/v2\/pages\/1694"}],"wp:attachment":[{"href":"https:\/\/scheidung-beratung-online.de\/index.php?rest_route=%2Fwp%2Fv2%2Fmedia&parent=3290"}],"curies":[{"name":"wp","href":"https:\/\/api.w.org\/{rel}","templated":true}]}}