{"id":3329,"date":"2025-02-23T15:24:42","date_gmt":"2025-02-23T14:24:42","guid":{"rendered":"https:\/\/scheidung-beratung-online.de\/?page_id=3329"},"modified":"2025-04-27T14:37:06","modified_gmt":"2025-04-27T13:37:06","slug":"scheidung-nach-polnischem-recht-vorteile-und-risiken","status":"publish","type":"page","link":"https:\/\/scheidung-beratung-online.de\/?page_id=3329","title":{"rendered":"Scheidung nach polnischem Recht &#8211; Vorteile und Risiken"},"content":{"rendered":"\n<p><\/p>\n\n\n<p><span style=\"font-size: 16px;\">Als erfahrener Anwalt f\u00fcr internationales Scheidungsrecht biete ich Ihnen eine kompetente, schnelle und unkomplizierte Abwicklung Ihrer Scheidung nach polnischem Recht, wenn Sie dieses w\u00fcnschen und das f\u00fcr Sie wirtschaftlich sinnvoll ist. Wenn Sie oder Ihr Ehepartner die polnische Staatsangeh\u00f6rigkeit besitzen und in Deutschland leben, k\u00f6nnen Sie zwischen<a href=\"https:\/\/scheidung-beratung-online.de\/wp-content\/uploads\/2025\/02\/Firefly_9e8ec825-4354-4229-bae4-69070c51d504.jpeg\"><img decoding=\"async\" loading=\"lazy\" class=\"alignright wp-image-3358\" src=\"https:\/\/scheidung-beratung-online.de\/wp-content\/uploads\/2025\/02\/Firefly_9e8ec825-4354-4229-bae4-69070c51d504-1024x796.jpeg\" alt=\"\" width=\"400\" height=\"311\" srcset=\"https:\/\/scheidung-beratung-online.de\/wp-content\/uploads\/2025\/02\/Firefly_9e8ec825-4354-4229-bae4-69070c51d504-1024x796.jpeg 1024w, https:\/\/scheidung-beratung-online.de\/wp-content\/uploads\/2025\/02\/Firefly_9e8ec825-4354-4229-bae4-69070c51d504-300x233.jpeg 300w, https:\/\/scheidung-beratung-online.de\/wp-content\/uploads\/2025\/02\/Firefly_9e8ec825-4354-4229-bae4-69070c51d504-768x597.jpeg 768w, https:\/\/scheidung-beratung-online.de\/wp-content\/uploads\/2025\/02\/Firefly_9e8ec825-4354-4229-bae4-69070c51d504-1536x1195.jpeg 1536w, https:\/\/scheidung-beratung-online.de\/wp-content\/uploads\/2025\/02\/Firefly_9e8ec825-4354-4229-bae4-69070c51d504-2048x1593.jpeg 2048w, https:\/\/scheidung-beratung-online.de\/wp-content\/uploads\/2025\/02\/Firefly_9e8ec825-4354-4229-bae4-69070c51d504-386x300.jpeg 386w\" sizes=\"(max-width: 400px) 100vw, 400px\" \/><\/a><\/span><\/p>\n<ul>\n<li><span style=\"font-size: 16px;\">deutschem und<\/span><\/li>\n<li><span style=\"font-size: 16px;\">polnischem Recht<\/span><\/li>\n<\/ul>\n<p><span style=\"font-size: 16px;\">zu w\u00e4hlen.<\/span><\/p>\n<p><span style=\"font-size: 16px;\">Eine Scheidung nach polnischem Recht kann f\u00fcr Sie eine vorteilhafte Alternative zum deutschen Recht sein.<\/span><\/p>\n<p><strong><span style=\"font-size: 16px;\">Auch ein deutsches Gericht kann Sie dabei nach polnischem Recht scheiden!<\/span><\/strong><\/p>\n<h1><span style=\"font-size: 16px;\">Voraussetzungen einer Scheidung nach polnischem Recht in Deutschland<\/span><\/h1>\n<p><span style=\"font-size: 16px;\">Die Scheidung nach polnischem Recht basiert gesetzlichen Regelungen, die im Kodeks rodzinny i opieku\u0144czy (Familien- und Vormundschaftsgesetzbuch, KRO) festgelegt sind. Die entscheidende Vorschrift hierzu ist Artikel 56 KRO, der besagt:<\/span><\/p>\n<p><em><span style=\"font-size: 16px;\">&#8222;Falls zwischen den Ehegatten eine vollst\u00e4ndige und dauerhafte Zerr\u00fcttung der ehelichen Lebensgemeinschaft vorliegt, kann das Gericht die Ehe auf Antrag eines der Ehegatten aufl\u00f6sen.&#8220;<\/span><\/em><\/p>\n<h1><span style=\"font-size: 16px;\">Vorteile des polnischen Scheidungsrechts gegen\u00fcber dem deutschen Recht<\/span><\/h1>\n<ul style=\"list-style-type: square;\">\n<li><span style=\"font-size: 16px;\">Kein Trennungsjahr-Zwang<\/span><\/li>\n<\/ul>\n<p><span style=\"font-size: 16px;\">In Deutschland ist in der Regel ein Trennungsjahr erforderlich, bevor die Scheidung eingereicht werden kann (\u00a7 1566 BGB). In Polen gibt es keinen fest vorgeschriebenen Trennungszeitraum. Die Scheidung kann auch zeitnah nach der Trennung erfolgen, sofern die Zerr\u00fcttung nachgewiesen wird.<\/span><\/p>\n<p><span style=\"font-size: 16px;\">Der Nachteil gegen\u00fcber dem deutschen Rechts ist aber, dass die Zerr\u00fcttung nie endg\u00fcltig vernutet wird. Selbst wenn Sie also seit Jahren von Ihrem Ehepartner getrennt leben, m\u00fcssen Sie nach polnischem Recht weiter beweisen, dass die Ehe zerr\u00fcttet ist. Demgegen\u00fcber gilt die Ehe nach deutschem Recht als zerr\u00fcttet, wenn die Trennung ein Jahr betr\u00e4gt und beide Partner die Scheidung wollen.<\/span><\/p>\n<ul style=\"list-style-type: square;\">\n<li><span style=\"font-size: 16px;\">Flexible Regelungen zum Unterhalt<\/span><\/li>\n<\/ul>\n<p><span style=\"font-size: 16px;\">Nach polnischem Recht kann ein geschiedener Ehegatte nur dann Unterhalt verlangen, wenn er nachweist, dass er sich in einer Notlage befindet (Artikel 60 KRO). Nach deutschem Recht gibt es umfassendere und l\u00e4ngere Anspr\u00fcche auf nachehelichen Unterhalt. Wenn Sie selbst nachehelichen Unterhalt verfolgen, stehen Sie sich bei der Anwendung deutschen Rechts allerdings besser.<\/span><\/p>\n<ul>\n<li><span style=\"font-size: 16px;\">Geringere Auswirkungen auf das Erbrecht<\/span><\/li>\n<\/ul>\n<p><span style=\"font-size: 16px;\">In Deutschland bleibt der Ehepartner bis zur rechtskr\u00e4ftigen Scheidung erbberechtigt. In Polen hingegen endet das gesetzliche Erbrecht mit dem Tag der Scheidung, was f\u00fcr viele Mandanten eine vorteilhafte Regelung darstellt.<\/span><\/p>\n<ul>\n<li><span style=\"font-size: 16px;\">Kein Versorgungsausgleich \u2013 Weniger b\u00fcrokratische Probleme aber auch ein Nachteil f\u00fcr den Geringverdiener<\/span><\/li>\n<\/ul>\n<p><span style=\"font-size: 16px;\">Ein weiterer deutlicher Unterschied zum deutschen Recht ist das Fehlen des\u00a0<a style=\"font-style: inherit; font-weight: inherit;\" href=\"https:\/\/scheidung-beratung-online.de\/?p=2431\">Versorgungsausgleichs<\/a>\u00a0im polnischen Scheidungsrecht.<\/span><\/p>\n<p><span style=\"font-style: inherit; font-weight: inherit; font-size: 16px;\">Beim\u00a0<a style=\"font-style: inherit; font-weight: inherit;\" href=\"https:\/\/scheidung-beratung-online.de\/?p=2431\">Versorgungsausgleich<\/a>\u00a0werden die Rentenrechte zwischen den Ehepartnern geteilt, die w\u00e4hrend der Ehezeit eingezahlt worden sind. Davon hat der Ehepartner (meistens die Ehefrau) einen Vorteil, der weniger Rente eingezahlt hat und es entsteht ein Nachteil f\u00fcr den Ehegatten (meistens der Ehemann), der mehr Rentenbeitr\u00e4ge aufgebracht hat.<\/span><\/p>\n<p><span style=\"font-style: inherit; font-weight: inherit; font-size: 16px;\">Die Ermittlung des genauen Betrags, der aufgeteilt werden muss ist kompliziert und langwierig. Das polnische Recht sieht keinen Versorgungsausgleich vor. Das hat den Vorteil, dass die Eheleute schneller geschieden werden. Die Rentenanspr\u00fcche bleiben nach der Scheidung unangetastet und werden nicht zwischen den Ehepartnern aufgeteilt, was insbesondere f\u00fcr wirtschaftlich unabh\u00e4ngige Mandanten von Vorteil ist.<\/span><\/p>\n<p><span style=\"font-size: 16px;\">Wenn Sie allerdings stets weniger Rentenrechte als Ihr Ehepartner eingezahlt haben, dann ist f\u00fcr Sie eine Scheidung nach deutschem Recht von Vorteil, da Sie dann von der Durchf\u00fchrung des Versorgungsausgleichs profitieren.<\/span><\/p>\n<p><span style=\"font-size: 16px; background-color: #ffffff; color: #3366ff;\">Ich berate Sie gerne, welches Rechtssystem in Ihrem speziellen Fall besser zu Ihnen passt, das polnische oder das deutsche.<span style=\"font-style: inherit; font-weight: inherit;\">\u00a0<\/span><\/span><\/p>\n<h1><span style=\"font-size: 16px;\">Kostenlose Scheidung mit <a href=\"https:\/\/scheidung-beratung-online.de\/?page_id=2095\">Verfahrenskostenhilfe<\/a><\/span><\/h1>\n<p><span style=\"font-size: 16px;\">Auch eine Scheidung nach polnischem Recht vor einem deutschen Gericht kann f\u00fcr Sie kostenlos sein, wenn Sie die Voraussetzungen f\u00fcr Verfahrenskostenhilfe erf\u00fcllen. <a href=\"https:\/\/scheidung-beratung-online.de\/?page_id=2095\">Hier finden Sie alle Details.<\/a><\/span><\/p>\n<p><span style=\"font-size: 16px;\">Kontaktieren Sie mich noch heute und lassen Sie sich unverbindlich beraten. Ich berate Sie, was f\u00fcr Sie das beste Scheidungsrecht ist.<\/span><\/p>\n<p dir=\"ltr\"><span style=\"font-size: 16px;\">Festnetz aus Deutschland:\u00a0<\/span><a href=\"tel:+492331409319\"><strong><span style=\"font-size: 16px;\">02331 40931<\/span>9<\/strong><\/a><\/p>\n<p dir=\"ltr\"><span style=\"font-size: 16px;\">Festnetz aus dem Ausland:\u00a0<\/span><a href=\"tel:+492331409319\"><strong><span style=\"font-size: 16px;\">+49233140931<\/span>9<\/strong><\/a><\/p>\n<p dir=\"ltr\"><span style=\"font-size: 16px;\">Handy:\u00a0<strong><a href=\"tel:+491721570178\">+491721570178<\/a><\/strong><\/span><\/p>\n<p dir=\"ltr\"><span style=\"font-size: 16px;\">E-Mail:<strong>\u00a0<a href=\"mailto:info@twitting.eu\">info@twitting.eu<\/a><\/strong><\/span><\/p>\n<p dir=\"ltr\"><strong><a href=\"https:\/\/wa.me\/491721570178\"><span style=\"font-size: 16px;\">WhatsApp<\/span><\/a><\/strong><\/p>\n<p dir=\"ltr\">\u00a0<\/p>\n<p>\u00a0<\/p>","protected":false},"excerpt":{"rendered":"<p>Als erfahrener Anwalt f\u00fcr internationales Scheidungsrecht biete ich Ihnen eine kompetente, schnelle und unkomplizierte Abwicklung Ihrer Scheidung nach polnischem Recht, wenn Sie dieses w\u00fcnschen und das f\u00fcr Sie wirtschaftlich sinnvoll ist. Wenn Sie oder Ihr Ehepartner die polnische Staatsangeh\u00f6rigkeit besitzen &hellip; <a href=\"https:\/\/scheidung-beratung-online.de\/?page_id=3329\">Weiterlesen <span class=\"meta-nav\">&rarr;<\/span><\/a><\/p>\n","protected":false},"author":1,"featured_media":0,"parent":1694,"menu_order":0,"comment_status":"closed","ping_status":"closed","template":"","meta":[],"aioseo_notices":[],"acf":[],"_links":{"self":[{"href":"https:\/\/scheidung-beratung-online.de\/index.php?rest_route=\/wp\/v2\/pages\/3329"}],"collection":[{"href":"https:\/\/scheidung-beratung-online.de\/index.php?rest_route=\/wp\/v2\/pages"}],"about":[{"href":"https:\/\/scheidung-beratung-online.de\/index.php?rest_route=\/wp\/v2\/types\/page"}],"author":[{"embeddable":true,"href":"https:\/\/scheidung-beratung-online.de\/index.php?rest_route=\/wp\/v2\/users\/1"}],"replies":[{"embeddable":true,"href":"https:\/\/scheidung-beratung-online.de\/index.php?rest_route=%2Fwp%2Fv2%2Fcomments&post=3329"}],"version-history":[{"count":33,"href":"https:\/\/scheidung-beratung-online.de\/index.php?rest_route=\/wp\/v2\/pages\/3329\/revisions"}],"predecessor-version":[{"id":3589,"href":"https:\/\/scheidung-beratung-online.de\/index.php?rest_route=\/wp\/v2\/pages\/3329\/revisions\/3589"}],"up":[{"embeddable":true,"href":"https:\/\/scheidung-beratung-online.de\/index.php?rest_route=\/wp\/v2\/pages\/1694"}],"wp:attachment":[{"href":"https:\/\/scheidung-beratung-online.de\/index.php?rest_route=%2Fwp%2Fv2%2Fmedia&parent=3329"}],"curies":[{"name":"wp","href":"https:\/\/api.w.org\/{rel}","templated":true}]}}