{"id":3408,"date":"2025-03-16T20:13:24","date_gmt":"2025-03-16T19:13:24","guid":{"rendered":"https:\/\/scheidung-beratung-online.de\/?page_id=3408"},"modified":"2025-03-26T17:51:31","modified_gmt":"2025-03-26T16:51:31","slug":"scheidung-verhindern-legale-strategien-vom-anwalt","status":"publish","type":"page","link":"https:\/\/scheidung-beratung-online.de\/?page_id=3408","title":{"rendered":"Scheidung verhindern &#8211; legale Strategien vom Anwalt"},"content":{"rendered":"<p><span style=\"font-size: 20px;\">Sie sind mit einer Scheidung nicht einverstanden?! Ich mache Sie mit Strategien vertraut, sich erfolgreich gegen einen Scheidungsantrag zu wehren Lassen Sie die Scheidung erst dann zu, wenn es Ihnen passt!<\/span><\/p>\n<p><span style=\"font-size: 20px;\">Seit \u00fcber 25 Jahren bewege ich mich im <a href=\"https:\/\/scheidung-beratung-online.de\/?page_id=2342\" target=\"_blank\" rel=\"noopener\">internationalen Scheidungsrecht<\/a>. In dieser Zeit habe ich nicht nur umfassende Expertise in der Durchsetzung von Scheidungen erworben, sondern \u2013 was f\u00fcr viele Mandanten von unsch\u00e4tzbaren Wert ist \u2013 auch wirksame M\u00f6glichkeiten entwickelt, sich gegen den Scheidungswunsch des\u00a0 Ehepartners effektiv zu verteidigen. Dieser Beitrag gibt Ihnen<a href=\"https:\/\/scheidung-beratung-online.de\/wp-content\/uploads\/2025\/03\/AdobeStock_199251523-scaled.jpeg\"><img decoding=\"async\" loading=\"lazy\" class=\"alignright wp-image-3425\" src=\"https:\/\/scheidung-beratung-online.de\/wp-content\/uploads\/2025\/03\/AdobeStock_199251523-1024x684.jpeg\" alt=\"\" width=\"450\" height=\"300\" srcset=\"https:\/\/scheidung-beratung-online.de\/wp-content\/uploads\/2025\/03\/AdobeStock_199251523-1024x684.jpeg 1024w, https:\/\/scheidung-beratung-online.de\/wp-content\/uploads\/2025\/03\/AdobeStock_199251523-300x200.jpeg 300w, https:\/\/scheidung-beratung-online.de\/wp-content\/uploads\/2025\/03\/AdobeStock_199251523-768x513.jpeg 768w, https:\/\/scheidung-beratung-online.de\/wp-content\/uploads\/2025\/03\/AdobeStock_199251523-1536x1025.jpeg 1536w, https:\/\/scheidung-beratung-online.de\/wp-content\/uploads\/2025\/03\/AdobeStock_199251523-2048x1367.jpeg 2048w, https:\/\/scheidung-beratung-online.de\/wp-content\/uploads\/2025\/03\/AdobeStock_199251523-449x300.jpeg 449w\" sizes=\"(max-width: 450px) 100vw, 450px\" \/><\/a><\/span><\/p>\n<ul>\n<li><span style=\"font-size: 20px;\">einen detaillierten \u00dcberblick \u00fcber bew\u00e4hrte Ans\u00e4tze,<\/span><\/li>\n<li><span style=\"font-size: 20px;\">beleuchtet unterschiedliche Rechtsordnungen und<\/span><\/li>\n<li><span style=\"font-size: 20px;\">zeigt auf, wann es wirtschaftlich sinnvoll sein kann, einen Scheidungsantrag anzufechten.<\/span><\/li>\n<\/ul>\n<ol>\n<li>\n<h1><span style=\"font-size: 20px;\">Grundlagen der Scheidungsverteidigung<\/span><\/h1>\n<\/li>\n<\/ol>\n<p><span style=\"font-size: 20px;\">Die Verteidigung gegen einen Scheidungsantrag ist Komplex. Deswegen erfordert es Kenntnisse sowohl des nationalen als auch des internationalen Scheidungsrechts. Die wesentlichen Ans\u00e4tze umfassen:<\/span><\/p>\n<p><span style=\"font-size: 20px;\">Faktenfeststellung: \u00dcberpr\u00fcfung, ob alle rechtlichen Voraussetzungen f\u00fcr eine Scheidung tats\u00e4chlich erf\u00fcllt sind.<\/span><\/p>\n<p><span style=\"font-size: 20px;\">Verfahrensstrategien: Auffinden von Gesetzesl\u00fccken und Auslegungsspielr\u00e4umen, um die Scheidung massiv zu verz\u00f6gern oder sogar ganz abzuwehren.<\/span><\/p>\n<p><span style=\"font-size: 20px;\">Wirtschaftliche \u00dcberlegungen: Analyse, ob ein in der Zukunft liegender Scheidungszeitpunkt oder das Bezweifeln bestimmter Voraussetzungen (z.\u202fB. Trennungsjahr) finanzielle Vorteile bringt.<\/span><\/p>\n<p><span style=\"font-size: 20px;\">Diese Herangehensweise basiert auf langj\u00e4hriger Praxiserfahrung und tiefgehender Analyse der Scheidungsprozesse in unterschiedlichen L\u00e4ndern.<\/span><\/p>\n<ol start=\"2\">\n<li>\n<h1><span style=\"font-size: 20px;\">Verteidigungsstrategien nach deutschem Recht<\/span><\/h1>\n<\/li>\n<\/ol>\n<p><span style=\"font-size: 20px;\">Das <a href=\"https:\/\/scheidung-beratung-online.de\/?p=217\" target=\"_blank\" rel=\"noopener\">Trennungsjahr<\/a> als zentrales Element<\/span><\/p>\n<p><span style=\"font-size: 20px;\">Im deutschen Recht ist das Trennungsjahr das zentrale Element, das den Ablauf des Scheidungsverfahrens bestimmt. Grunds\u00e4tzlich gilt: Der Antrag auf Ehescheidung kann \u00fcberhaupt erst wirksam bei Gericht gestellt werden, wenn die Eheleute mindestens ein Jahr getrennt leben. Diese Regelung dient dazu, den Partnern Zeit zur \u00dcberlegung zu geben und eine endg\u00fcltige Entscheidung abzusichern.<\/span><\/p>\n<p><span style=\"font-size: 20px;\">Wann liegt ein \u201eGetrenntleben\u201c vor?<\/span><\/p>\n<p><span style=\"font-size: 20px;\">Die Frage, ob die Ehepartner getrennt leben, ist oft schwer zu beantworten \u2013 gerade wenn beide Partner weiterhin in der gemeinsamen Wohnung verweilen. In der Praxis wird ein Getrenntleben dann angenommen, wenn folgende Kriterien erf\u00fcllt sind:<\/span><\/p>\n<ul>\n<li><span style=\"font-size: 20px;\">Eigenst\u00e4ndige Haushaltsf\u00fchrung: Beide Ehepartner f\u00fchren einen separaten Haushalt innerhalb derselben Wohnung. Dies bedeutet, dass sie unterschiedliche R\u00e4ume nutzen, bzw. dieselben R\u00e4umen zu unterschiedlichen Zeiten, und keine gemeinsamen Mahlzeiten einnehmen.<\/span><\/li>\n<li><span style=\"font-size: 20px;\">Klare Abgrenzung der Lebensbereiche: Es besteht ein deutlicher Unterschied in der Gestaltung des Alltags, das hei\u00dft keine gemeinsamen Hobbis mehr, keine gemeinsamen Besuch von Bekannten und Verwandten.<\/span><\/li>\n<li><span style=\"font-size: 20px;\">Keine gegenseitigen Versorgungsleistungen mehr, wie W\u00e4sche waschen, Putzen oder Einkaufen.<\/span><\/li>\n<li><span style=\"font-size: 20px;\">Fehlende finanzielle Interaktionen: Keine finanziellen Verpflechtungen mehr, wie gemeinsame Konten und Kredite, die gemeinsam bedient werden.<\/span><\/li>\n<li><span style=\"font-size: 20px;\">Kein Sex mehr.<\/span><\/li>\n<\/ul>\n<p><span style=\"font-size: 20px;\">Die genaue Beweisf\u00fchrung und Auslegung dieser Kriterien obliegt der richterlichen Bewertung \u2013 hier kann eine strategische Verteidigung entscheidend sein.<\/span><\/p>\n<p><span style=\"font-size: 20px;\">Praktische Verteidigungsstrategie<\/span><\/p>\n<p><span style=\"font-size: 20px;\">Ein m\u00f6glicher Verteidigungsansatz besteht darin, den Ablauf des Trennungsjahres gezielt in Frage zu stellen:<\/span><\/p>\n<ul>\n<li><span style=\"font-size: 20px;\">So kann der Mandant darlegen, dass trotz getrennter Schlafzimmer und individueller Haushaltsf\u00fchrung die gemeinsamen Aktivit\u00e4ten und finanziellen Verflechtungen weiterhin dominieren oder ein Sexleben weiter stattfindet.<\/span><\/li>\n<li><span style=\"font-size: 20px;\">Auch kann bestritten werden, dass \u00fcberhaupt eine Separation innerhalb der Ehewohnung stattfindet.<\/span><\/li>\n<li><span style=\"font-size: 20px;\">Es kann unter Beweis gestellt werden, das man weiterhin nach au\u00dfen als Paar auf Feierlichkeiten und \/ oder in der Freizeit auftritt.<\/span><\/li>\n<\/ul>\n<p><span style=\"font-size: 20px;\">Ein solches Vorgehen wird dazu f\u00fchren, dass das Trennungsjahr \u2013 und damit die formellen Voraussetzungen f\u00fcr die Scheidung \u2013 nicht anerkannt wird.<\/span><\/p>\n<ol start=\"3\">\n<li>\n<h1><span style=\"font-size: 20px;\">Internationale Perspektiven<\/span><\/h1>\n<\/li>\n<\/ol>\n<p><span style=\"font-size: 20px;\">Die Voraussetzungen und Abl\u00e4ufe von Scheidungsverfahren variieren weltweit erheblich. Als international erfahrener Rechtsanwalt habe ich Strategien entwickelt, die sich nicht nur im deutschen, sondern auch in anderen Rechtsordnungen bew\u00e4hren.<\/span><\/p>\n<p><span style=\"font-size: 20px;\">Scheidungsrecht in Common-Law-L\u00e4ndern<\/span><\/p>\n<p><span style=\"font-size: 20px;\">In L\u00e4ndern wie Gro\u00dfbritannien oder den USA ist die Scheidung h\u00e4ufig an den Grundsatz der \u201eirreparablen Zerr\u00fcttung\u201c gekn\u00fcpft. Dabei gilt:<\/span><\/p>\n<p><span style=\"font-size: 20px;\">Beweis der Zerr\u00fcttung: Ein Verteidigungsansatz kann hier darin bestehen, darzulegen, dass trotz bestehender Schwierigkeiten noch Potenzial zur Vers\u00f6hnung vorhanden ist oder dass die vorgelegten Beweise der Zerr\u00fcttung nicht den tats\u00e4chlichen Lebensumst\u00e4nden entsprechen.<\/span><\/p>\n<p><span style=\"font-size: 20px;\">Abw\u00e4gung der Umst\u00e4nde: Insbesondere in den USA variieren die Voraussetzungen von Staat zu Staat. Ein erfahrener Anwalt kann hier lokale Besonderheiten nutzen, um den Scheidungsantrag zu verz\u00f6gern oder die Voraussetzungen infrage zu stellen.<\/span><\/p>\n<p><span style=\"font-size: 20px;\">Scheidungsrecht in kontinentaleurop\u00e4ischen Staaten<\/span><\/p>\n<p><span style=\"font-size: 20px;\">Auch in europ\u00e4ischen L\u00e4ndern, beispielsweise in Italien oder Spanien, gibt es definitorische und prozessuale Besonderheiten:<\/span><\/p>\n<p><span style=\"font-size: 20px;\">Mindestfristen und Trennungszeiten: Wie in Deutschland existieren in vielen L\u00e4ndern Mindestfristen, die vor der endg\u00fcltigen Scheidung einzuhalten sind. Ein Verteidigungsansatz besteht hier darin, das tats\u00e4chliche Zusammenleben so zu gestalten, dass die gesetzlichen Fristen nicht erf\u00fcllt sind.<\/span><\/p>\n<p><span style=\"font-size: 20px;\">Auslegung der Scheidungsvoraussetzungen: Oftmals sind die Voraussetzungen f\u00fcr eine Scheidung eng gefasst, sodass durch gezielte Darstellung der Lebensumst\u00e4nde die Erf\u00fcllung der Voraussetzungen negiert werden kann.<\/span><\/p>\n<p><span style=\"font-size: 20px;\">Durch den internationalen Vergleich und das Einbringen fundierter Kenntnisse aus verschiedenen Rechtsordnungen kann gezielt an der Definition und dem Nachweis der Scheidungsvoraussetzungen gearbeitet werden. Dies er\u00f6ffnet Mandanten die M\u00f6glichkeit, den Scheidungsprozess strategisch zu verz\u00f6gern oder abzumildern.<\/span><\/p>\n<ol start=\"4\">\n<li>\n<h1><span style=\"font-size: 20px;\">Wirtschaftliche Aspekte der Scheidungsverteidigung<\/span><\/h1>\n<\/li>\n<\/ol>\n<p><span style=\"font-size: 20px;\">Neben den rein rechtlichen \u00dcberlegungen spielt auch der wirtschaftliche Aspekt eine zentrale Rolle. Eine Verteidigung gegen den Scheidungsantrag kann aus folgenden Gr\u00fcnden wirtschaftlich sinnvoll sein:<\/span><\/p>\n<p><span style=\"font-size: 20px;\">L\u00e4ngerer Anspruch auf Trennungsunterhalt<\/span><\/p>\n<p><span style=\"font-size: 20px;\">In vielen Rechtsordnungen beginnt der Anspruch auf Trennungsunterhalt mit dem Beginn des Trennungsjahres. Wird der Nachweis eines echten Getrenntlebens erfolgreich angefochten, kann der Unterhaltsanspruch des verteidigenden Partners verl\u00e4ngert werden. Dies kann insbesondere in finanziell angespannten Situationen einen wichtigen wirtschaftlichen Vorteil darstellen.<\/span><\/p>\n<p><span style=\"font-size: 20px;\">Optimierung des Scheidungszeitpunkts<\/span><\/p>\n<p><span style=\"font-size: 20px;\">Ein weiterer wirtschaftlicher Gesichtspunkt ist die M\u00f6glichkeit, den Scheidungszeitpunkt strategisch abzuwarten. Oft ergeben sich aus der Verz\u00f6gerung der Scheidung positive Nebeneffekte:<\/span><\/p>\n<p><span style=\"font-size: 20px;\">Bessere Verm\u00f6gensaufteilung: Durch eine l\u00e4ngere Verhandlungsphase k\u00f6nnen finanzielle Verm\u00f6genswerte und Ersparnisse in einem f\u00fcr den Mandanten g\u00fcnstigeren Kontext betrachtet und verteilt werden.<\/span><\/p>\n<p><span style=\"font-size: 20px;\">Steuerliche Vorteile: Je nach individueller Situation k\u00f6nnen steuerliche Aspekte eine Rolle spielen, die sich positiv gestalten lassen, wenn der Scheidungszeitpunkt optimal gew\u00e4hlt wird.<\/span><\/p>\n<p><span style=\"font-size: 20px;\">Absicherung im Renten- und Versorgungsausgleich: Ein verz\u00f6gerter Scheidungsprozess bietet auch die M\u00f6glichkeit, die Rentenanwartschaften oder Versorgungsanspr\u00fcche neu zu bewerten und gegebenenfalls zu optimieren.<\/span><\/p>\n<p><span style=\"font-size: 20px;\">Die Kombination aus rechtlichen und wirtschaftlichen Argumenten macht es oftmals lohnenswert, einen Scheidungsantrag aktiv anzufechten \u2013 auch wenn der Wunsch des anderen Ehepartners zun\u00e4chst den Anschein einer unumg\u00e4nglichen Scheidung erweckt.<\/span><\/p>\n<ol start=\"5\">\n<li>\n<h1><span style=\"font-size: 20px;\">Interessante Beispiele aus der Scheidungspraxis<\/span><\/h1>\n<\/li>\n<\/ol>\n<p><span style=\"font-size: 20px;\">Fallbeispiel Deutschland<\/span><\/p>\n<p><span style=\"font-size: 20px;\">Ein Mandant, der weiterhin in der gemeinsamen Wohnung lebte, sah sich mit einem Scheidungsantrag konfrontiert. Durch gezielte Darstellung der allt\u00e4glichen Praxis \u2013 etwa dem gemeinsamen Nutzen der K\u00fcche, dem gemeinsamen Finanzmanagement und der intensiven Kommunikation trotz r\u00e4umlicher Trennung \u2013 konnte bewiesen werden, dass ein echtes getrenntes Leben nicht vorlag. Die richterliche Entscheidung basierte letztlich auf der Tatsache, dass die Voraussetzungen f\u00fcr das Trennungsjahr nicht erf\u00fcllt waren, was den Scheidungsprozess erheblich verz\u00f6gerte.<\/span><\/p>\n<p><span style=\"font-size: 20px;\">Internationale Fallstudie<\/span><\/p>\n<p><span style=\"font-size: 20px;\">In einem Fall aus dem anglo-amerikanischen Raum gelang es, durch die detaillierte Dokumentation der ehelichen Interaktionen und der gemeinschaftlich genutzten Ressourcen den Antrag der \u201eirreparablen Zerr\u00fcttung\u201c anzufechten. Durch das Aufzeigen von M\u00f6glichkeiten zur Vers\u00f6hnung und das Herausstellen gemeinsamer Zukunftsperspektiven wurde die Dringlichkeit einer Scheidung in Frage gestellt. Dies unterstreicht, dass ein fundierter internationaler Rechtsvergleich auch in unterschiedlichen Rechtssystemen zu einer erfolgreichen Verteidigung f\u00fchren kann.<\/span><\/p>\n<ol start=\"6\">\n<li>\n<h1><span style=\"font-size: 20px;\">Fazit: Die Scheidungs-Verteidigung kann sich auszahlen<\/span><\/h1>\n<\/li>\n<\/ol>\n<p><span style=\"font-size: 20px;\">Die Entscheidung, sich gegen einen Scheidungsantrag zu verteidigen, ist eine strategische und oft wirtschaftlich sinnvolle Ma\u00dfnahme. Mit \u00fcber 25 Jahren Erfahrung im internationalen Scheidungsrecht kenne ich die Feinheiten der rechtlichen Verfahren und die entscheidenden Faktoren, die \u00fcber den Erfolg oder Misserfolg eines Scheidungsverfahrens entscheiden k\u00f6nnen.<\/span><\/p>\n<p><span style=\"font-size: 20px;\">Ob es darum geht, den Ablauf des Trennungsjahres im deutschen Recht anzufechten, die Voraussetzungen in anderen L\u00e4ndern zu negieren oder wirtschaftliche Vorteile gezielt auszusch\u00f6pfen \u2013 eine fundierte Verteidigungsstrategie kann den Unterschied machen. Wenn Sie sich in einer Situation befinden, in der der Scheidungsantrag Ihres Ehepartners auf dem Spiel steht, lassen Sie sich nicht \u00fcbereilt in einen Prozess dr\u00e4ngen. Kontaktieren Sie mich um Ihre individuellen M\u00f6glichkeiten zu besprechen und Ihre Zukunft strategisch abzusichern.<\/span><\/p>\n<p><span style=\"font-size: 20px;\">Mit fundiertem juristischem Know-how und einem tiefen Verst\u00e4ndnis internationaler Scheidungsrechtsordnungen stehe ich Ihnen zur Seite \u2013 f\u00fcr eine kompetente und zielgerichtete Verteidigung Ihrer Interessen.<\/span><\/p>\n<p dir=\"ltr\"><span style=\"font-size: 20px;\">Ich freue mich darauf, Ihnen zu helfen. F\u00fcllen Sie einfach das\u00a0<a href=\"https:\/\/scheidung-beratung-online.de\/?page_id=2148\" target=\"_blank\" rel=\"noopener\">Scheidungsformular<\/a>\u00a0aus oder nehmen Sie \u00fcber Telefon oder E-Mail\u00a0<a href=\"https:\/\/scheidung-beratung-online.de\/?page_id=2\" target=\"_blank\" rel=\"noopener\">Kontakt<\/a>\u00a0zu mir auf:<\/span><\/p>\n<p dir=\"ltr\"><span style=\"font-size: 20px;\"><strong>Telefon aus Deutschland: 02331-409319<\/strong><\/span><\/p>\n<p dir=\"ltr\"><span style=\"font-size: 20px;\"><strong>Telefon aus dem Ausland: +492331409319<\/strong><\/span><\/p>\n<p dir=\"ltr\"><span style=\"font-size: 20px;\">E-Mail:<strong>\u00a0info@twitting.eu<\/strong><\/span><\/p>\n","protected":false},"excerpt":{"rendered":"<p>Sie sind mit einer Scheidung nicht einverstanden?! Ich mache Sie mit Strategien vertraut, sich erfolgreich gegen einen Scheidungsantrag zu wehren Lassen Sie die Scheidung erst dann zu, wenn es Ihnen passt! Seit \u00fcber 25 Jahren bewege ich mich im internationalen &hellip; <a href=\"https:\/\/scheidung-beratung-online.de\/?page_id=3408\">Weiterlesen <span class=\"meta-nav\">&rarr;<\/span><\/a><\/p>\n","protected":false},"author":1,"featured_media":0,"parent":724,"menu_order":0,"comment_status":"closed","ping_status":"closed","template":"","meta":[],"aioseo_notices":[],"acf":[],"_links":{"self":[{"href":"https:\/\/scheidung-beratung-online.de\/index.php?rest_route=\/wp\/v2\/pages\/3408"}],"collection":[{"href":"https:\/\/scheidung-beratung-online.de\/index.php?rest_route=\/wp\/v2\/pages"}],"about":[{"href":"https:\/\/scheidung-beratung-online.de\/index.php?rest_route=\/wp\/v2\/types\/page"}],"author":[{"embeddable":true,"href":"https:\/\/scheidung-beratung-online.de\/index.php?rest_route=\/wp\/v2\/users\/1"}],"replies":[{"embeddable":true,"href":"https:\/\/scheidung-beratung-online.de\/index.php?rest_route=%2Fwp%2Fv2%2Fcomments&post=3408"}],"version-history":[{"count":11,"href":"https:\/\/scheidung-beratung-online.de\/index.php?rest_route=\/wp\/v2\/pages\/3408\/revisions"}],"predecessor-version":[{"id":3427,"href":"https:\/\/scheidung-beratung-online.de\/index.php?rest_route=\/wp\/v2\/pages\/3408\/revisions\/3427"}],"up":[{"embeddable":true,"href":"https:\/\/scheidung-beratung-online.de\/index.php?rest_route=\/wp\/v2\/pages\/724"}],"wp:attachment":[{"href":"https:\/\/scheidung-beratung-online.de\/index.php?rest_route=%2Fwp%2Fv2%2Fmedia&parent=3408"}],"curies":[{"name":"wp","href":"https:\/\/api.w.org\/{rel}","templated":true}]}}