{"id":3467,"date":"2025-04-09T11:21:41","date_gmt":"2025-04-09T10:21:41","guid":{"rendered":"https:\/\/scheidung-beratung-online.de\/?page_id=3467"},"modified":"2025-11-09T18:00:36","modified_gmt":"2025-11-09T17:00:36","slug":"komplizierte-italienische-scheidung-besser-deutsches-oder-ein-anderes-recht-waehlen","status":"publish","type":"page","link":"https:\/\/scheidung-beratung-online.de\/?page_id=3467","title":{"rendered":"Komplizierte italienische Scheidung! &#8211; Das war fr\u00fcher so!"},"content":{"rendered":"\n<p><span style=\"font-size: 16px;\">Die Scheidung nach italienischem Recht war kompliziert. Als <a href=\"https:\/\/scheidung-beratung-online.de\/?page_id=2154\" target=\"_blank\" rel=\"noopener\">Anwalt<\/a> mit \u00fcber 25 Jahren Erfahrung \u00a0im internationalen Scheidungsrecht kann ich kein anderes Recht benennen, dass<strong>\u00a0eine Trennungszeit von 3 Jahren<\/strong> bestimmt hat, wie fr\u00fcher das italienische Recht.<\/span><\/p>\n<h1>Warum war die italienische Scheidung so schwierig?<\/h1>\n<p><span style=\"font-size: 16px;\">Nach italienischem Recht wird zun\u00e4chst eine gerichtliche Trennung der Ehegatten ausgesprochen. Das ist noch immer so. Fr\u00fcher war es so, dass erst nach einer dreij\u00e4hrigen Trennungsphase das Gericht die Ehe scheiden konnte. Diese Regelung sollte theoretisch sicherstellen, dass die Entscheidung zur Scheidung gut \u00fcberlegt ist. In der Praxis war eine derart lange Trennungszeit mehr als l\u00e4stig und wurde der Lebenssituation vieler Paare nicht mehr gerecht. Ehepartner wurden gegen ihren Willen aneinander gekettet.<\/span><\/p>\n<p><span style=\"font-size: 16px;\">Gesetzliche Grundlage im damaligen italienischen Gesetzestext<\/span><\/p>\n<p><em>Art. 3 Legge 1 dicembre 1970, n. 898 (Disciplina dei casi di scioglimento del matrimonio)<\/em><br \/><em>La domanda di scioglimento o cessazione degli effetti civili del matrimonio pu\u00f2 essere proposta da uno dei coniugi soltanto dopo che sia trascorso un periodo di tre anni dalla comparizione dei coniugi davanti al presidente del tribunale nella procedura di separazione personale.<\/em><\/p>\n<p><span style=\"font-size: 16px;\">Dieses Zitat unterstreicht:<\/span><\/p>\n<p><span style=\"font-size: 16px;\"><strong>Trennung durch Gericht:<\/strong> Vor jeder Scheidung stand und steht auch noch heute ein gerichtlicher Trennungsbeschluss.<\/span><\/p>\n<p><span style=\"font-size: 16px;\"><strong>Dreij\u00e4hrige Wartefrist:<\/strong> Erst drei Jahre nach der gerichtlichen Trennung war die Scheidung m\u00f6glich.<\/span><\/p>\n<p><span style=\"font-size: 16px;\">Durch die <a href=\"https:\/\/scheidung-beratung-online.de\/?p=3935\" target=\"_blank\" rel=\"noopener\">&#8222;Divorzio breve&#8220;<\/a> wurde dieser Nachteil der langen Trennungszeit andg\u00fcltig abgeschaftt.<\/span><\/p>\n<p dir=\"ltr\"><span style=\"font-size: 16px;\">Wir freuen uns darauf, Ihnen zu helfen. F\u00fcllen Sie einfach das\u00a0<a title=\"Scheidungsformular\" href=\"http:\/\/scheidung-beratung-online.de\/?page_id=2148\" target=\"_blank\" rel=\"noopener\">Scheidungsformular<\/a>\u00a0aus oder nehmen Sie \u00fcber Telefon oder E-Mail Kontakt zu uns auf:<\/span><\/p>\n<p><strong>Die Kanzlei Twitting ber\u00e4t Sie direkt:<\/strong><\/p>\n<p dir=\"ltr\">Festnetz aus Deutschland:\u00a0<a href=\"tel:+492331409319\"><strong>02331 409319<\/strong><\/a><\/p>\n<p dir=\"ltr\">Festnetz aus dem Ausland:\u00a0<a href=\"tel:+492331409319\"><strong>+492331409319<\/strong><\/a><\/p>\n<p dir=\"ltr\">Handy:\u00a0<strong><a href=\"tel:+491721570178\">+491721570178<\/a><\/strong><\/p>\n<p dir=\"ltr\">E-Mail:<strong>\u00a0<a href=\"mailto:info@twitting.eu\">info@twitting.eu<\/a><\/strong><\/p>\n<p dir=\"ltr\"><strong><a href=\"https:\/\/wa.me\/491721570178\">WhatsApp<\/a><\/strong><\/p>\n<p dir=\"ltr\">\u00a0<\/p>\n","protected":false},"excerpt":{"rendered":"<p>Die Scheidung nach italienischem Recht war kompliziert. Als Anwalt mit \u00fcber 25 Jahren Erfahrung \u00a0im internationalen Scheidungsrecht kann ich kein anderes Recht benennen, dass\u00a0eine Trennungszeit von 3 Jahren bestimmt hat, wie fr\u00fcher das italienische Recht. Warum war die italienische Scheidung &hellip; <a href=\"https:\/\/scheidung-beratung-online.de\/?page_id=3467\">Weiterlesen <span class=\"meta-nav\">&rarr;<\/span><\/a><\/p>\n","protected":false},"author":1,"featured_media":0,"parent":1694,"menu_order":0,"comment_status":"closed","ping_status":"closed","template":"","meta":[],"aioseo_notices":[],"acf":[],"_links":{"self":[{"href":"https:\/\/scheidung-beratung-online.de\/index.php?rest_route=\/wp\/v2\/pages\/3467"}],"collection":[{"href":"https:\/\/scheidung-beratung-online.de\/index.php?rest_route=\/wp\/v2\/pages"}],"about":[{"href":"https:\/\/scheidung-beratung-online.de\/index.php?rest_route=\/wp\/v2\/types\/page"}],"author":[{"embeddable":true,"href":"https:\/\/scheidung-beratung-online.de\/index.php?rest_route=\/wp\/v2\/users\/1"}],"replies":[{"embeddable":true,"href":"https:\/\/scheidung-beratung-online.de\/index.php?rest_route=%2Fwp%2Fv2%2Fcomments&post=3467"}],"version-history":[{"count":27,"href":"https:\/\/scheidung-beratung-online.de\/index.php?rest_route=\/wp\/v2\/pages\/3467\/revisions"}],"predecessor-version":[{"id":3946,"href":"https:\/\/scheidung-beratung-online.de\/index.php?rest_route=\/wp\/v2\/pages\/3467\/revisions\/3946"}],"up":[{"embeddable":true,"href":"https:\/\/scheidung-beratung-online.de\/index.php?rest_route=\/wp\/v2\/pages\/1694"}],"wp:attachment":[{"href":"https:\/\/scheidung-beratung-online.de\/index.php?rest_route=%2Fwp%2Fv2%2Fmedia&parent=3467"}],"curies":[{"name":"wp","href":"https:\/\/api.w.org\/{rel}","templated":true}]}}