{"id":3504,"date":"2025-04-18T18:41:24","date_gmt":"2025-04-18T17:41:24","guid":{"rendered":"https:\/\/scheidung-beratung-online.de\/?page_id=3504"},"modified":"2025-04-26T13:24:08","modified_gmt":"2025-04-26T12:24:08","slug":"frau-erwartet-kind-nicht-vom-ehemann-vaterschaft-vermeiden-scheidung-sofort","status":"publish","type":"page","link":"https:\/\/scheidung-beratung-online.de\/?page_id=3504","title":{"rendered":"Frau schwanger, nicht vom Ehemann &#8211; Vaterschaft vermeiden, Scheidung sofort"},"content":{"rendered":"<p class=\"\" data-start=\"254\" data-end=\"691\"><span style=\"font-size: 16px;\">Sie sind verheiratet und schwanger. Der Ehemann ist nicht der Vater des Kindes. Jetzt muss die Scheidung noch vor der Geburt Ihres Kindes her. Sonst gilt Ihr Ehemann als Vater des Kindes, obwohl er nicht der biologische Vater ist. Das nennt sich &#8222;Vaterschaftsfiktion&#8220; und bedeutet Folgendes:<a href=\"https:\/\/scheidung-beratung-online.de\/wp-content\/uploads\/2025\/04\/AdobeStock_395510487-scaled.jpeg\"><img decoding=\"async\" loading=\"lazy\" class=\"alignright wp-image-3562\" src=\"https:\/\/scheidung-beratung-online.de\/wp-content\/uploads\/2025\/04\/AdobeStock_395510487-300x200.jpeg\" alt=\"\" width=\"450\" height=\"300\" srcset=\"https:\/\/scheidung-beratung-online.de\/wp-content\/uploads\/2025\/04\/AdobeStock_395510487-300x200.jpeg 300w, https:\/\/scheidung-beratung-online.de\/wp-content\/uploads\/2025\/04\/AdobeStock_395510487-1024x683.jpeg 1024w, https:\/\/scheidung-beratung-online.de\/wp-content\/uploads\/2025\/04\/AdobeStock_395510487-768x512.jpeg 768w, https:\/\/scheidung-beratung-online.de\/wp-content\/uploads\/2025\/04\/AdobeStock_395510487-1536x1024.jpeg 1536w, https:\/\/scheidung-beratung-online.de\/wp-content\/uploads\/2025\/04\/AdobeStock_395510487-2048x1365.jpeg 2048w, https:\/\/scheidung-beratung-online.de\/wp-content\/uploads\/2025\/04\/AdobeStock_395510487-450x300.jpeg 450w\" sizes=\"(max-width: 450px) 100vw, 450px\" \/><\/a><\/span><\/p>\n<p class=\"\" data-start=\"254\" data-end=\"691\"><span style=\"font-size: 16px;\">Obwohl Ihre Ehe nicht nur faktisch, sondern auch emotional beendet ist und Sie mit einem neuen Partner bereits Ihre Zukunft planen gilt in vielen L\u00e4ndern \u2013 auch in Deutschland \u2013 weiterhin eine starre gesetzliche Regelung: <strong>Ein Kind, das <em data-start=\"582\" data-end=\"591\">w\u00e4hrend<\/em> einer bestehenden Ehe geboren wird, gilt automatisch als ehelich \u2013 also als Kind Ihres Ehemannes.<\/strong><\/span><\/p>\n<p class=\"\" data-start=\"693\" data-end=\"1051\"><span style=\"font-size: 16px;\">Was bedeutet das konkret?<\/span><br data-start=\"718\" data-end=\"721\" \/><span style=\"font-size: 16px;\">Selbst wenn Ihr Ehemann <em data-start=\"745\" data-end=\"752\">nicht<\/em> der biologische Vater ist, w\u00fcrde ihm durch diese gesetzliche Annahme automatisch die rechtliche Vaterschaft zugesprochen. Damit gehen erhebliche rechtliche Folgen einher \u2013 insbesondere das gemeinsame Sorgerecht und ein Mitspracherecht des Ehemannes in wichtigen Lebensentscheidungen Ihres Kindes.<\/span><\/p>\n<p class=\"\" data-start=\"1053\" data-end=\"1171\"><span style=\"font-size: 16px;\"><strong data-start=\"1053\" data-end=\"1171\">Diese Fiktionswirkung l\u00e4sst sich nur verhindern, wenn die Scheidung vor der Geburt Ihres Kindes rechtskr\u00e4ftig ist.<\/strong><\/span><\/p>\n<p class=\"\" data-start=\"1173\" data-end=\"1613\"><span style=\"font-size: 16px;\">Als erfahrener <a href=\"https:\/\/scheidung-beratung-online.de\/?page_id=2154\" target=\"_blank\" rel=\"noopener\">Anwalt mit \u00fcber 25 Jahren T\u00e4tigkeit<\/a> im internationalen Scheidungsrecht wei\u00df ich, wie wichtig in einer solchen Situation <strong data-start=\"1314\" data-end=\"1377\">schnelles, entschlossenes und pr\u00e4zises juristisches Handeln<\/strong> ist. Mein Ziel: Ihre Scheidung so zu beschleunigen, dass sie noch <em data-start=\"1444\" data-end=\"1460\">vor der Geburt<\/em> Ihres Kindes rechtskr\u00e4ftig abgeschlossen ist \u2013 damit Sie und Ihr k\u00fcnftiger Lebenspartner ohne juristische Altlasten in Ihre neue Familie starten k\u00f6nnen.<\/span><\/p>\n<h2 class=\"\" data-start=\"1620\" data-end=\"1681\"><span style=\"font-size: 16px;\">Meine Unterst\u00fctzung \u2013 professionell und schnell<\/span><\/h2>\n<p class=\"\" data-start=\"1683\" data-end=\"1874\"><span style=\"font-size: 16px;\">Ich helfe Ihnen mit all meiner juristischen Erfahrung Ihre famili\u00e4re Situation schnell und rechtssicher zu ordnen.<\/span><\/p>\n<p class=\"\" data-start=\"1876\" data-end=\"1899\"><span style=\"font-size: 16px;\">Was ich f\u00fcr Sie leiste:<\/span><\/p>\n<ul data-start=\"1901\" data-end=\"2546\">\n<li class=\"\" data-start=\"1901\" data-end=\"2153\">\n<p class=\"\" data-start=\"1903\" data-end=\"2153\"><span style=\"font-size: 16px;\"><strong data-start=\"1903\" data-end=\"1969\">Maximale Beschleunigung des gerichtlichen Scheidungsverfahrens<\/strong><\/span><br data-start=\"1969\" data-end=\"1972\" \/><span style=\"font-size: 16px;\">Ich nutze jede M\u00f6glichkeit, um das Verfahren zu straffen: Z\u00fcgige Antragstellung, enge Abstimmung mit dem Gericht, Verzicht auf unn\u00f6tige Anh\u00f6rungen, Beschleunigung des Scheidungausspruchs.<\/span><\/p>\n<\/li>\n<li class=\"\" data-start=\"2155\" data-end=\"2360\">\n<p class=\"\" data-start=\"2157\" data-end=\"2360\"><span style=\"font-size: 16px;\"><strong data-start=\"2157\" data-end=\"2216\">Erfahrung mit komplexen internationalen Konstellationen<\/strong><\/span><br data-start=\"2216\" data-end=\"2219\" \/><span style=\"font-size: 16px;\">Auch wenn Sie und Ihr Ehemann nicht (mehr) in Deutschland leben, kann ich in vielen F\u00e4llen die Scheidung vor einem deutschen Gericht erreichen.<\/span><\/p>\n<\/li>\n<\/ul>\n<h2 class=\"\" data-start=\"5331\" data-end=\"5383\"><span style=\"font-size: 16px;\">Ihr Zeitfenster ist eng \u2013 aber ich kann es nutzen<\/span><\/h2>\n<p class=\"\" data-start=\"5385\" data-end=\"5603\"><span style=\"font-size: 16px;\">Von der Antragstellung bis zur Rechtskraft einer Scheidung braucht es normalerweise mehrere Monate \u2013 doch ich habe Verfahren realisiert, in denen eine Scheidung binnen k\u00fcrzester Zeit rechtskr\u00e4ftig wurde. Das erfordert:<\/span><\/p>\n<ol data-start=\"5605\" data-end=\"5957\">\n<li class=\"\" data-start=\"5605\" data-end=\"5675\">\n<p class=\"\" data-start=\"5608\" data-end=\"5675\"><span style=\"font-size: 16px;\"><strong data-start=\"5608\" data-end=\"5673\">Sofortige Mandatierung und Vorbereitung der Antragsunterlagen<\/strong><\/span><\/p>\n<\/li>\n<li class=\"\" data-start=\"5676\" data-end=\"5750\">\n<p class=\"\" data-start=\"5679\" data-end=\"5750\"><span style=\"font-size: 16px;\"><strong data-start=\"5679\" data-end=\"5748\">Unverz\u00fcgliche Einreichung bei einem zust\u00e4ndigen deutschen Gericht<\/strong><\/span><\/p>\n<\/li>\n<li class=\"\" data-start=\"5751\" data-end=\"5808\">\n<p class=\"\" data-start=\"5754\" data-end=\"5808\"><span style=\"font-size: 16px;\"><strong data-start=\"5754\" data-end=\"5806\">Konsequente Beschleunigung aller Prozessschritte<\/strong><\/span><\/p>\n<\/li>\n<li class=\"\" data-start=\"5809\" data-end=\"5879\">\n<p class=\"\" data-start=\"5812\" data-end=\"5879\"><span style=\"font-size: 16px;\"><strong data-start=\"5812\" data-end=\"5877\">Zielgerichtete Kommunikation mit dem Gericht zur Terminierung<\/strong><\/span><\/p>\n<\/li>\n<li class=\"\" data-start=\"5880\" data-end=\"5957\">\n<p class=\"\" data-start=\"5883\" data-end=\"5957\"><span style=\"font-size: 16px;\"><strong data-start=\"5883\" data-end=\"5957\">Sicherstellung der Rechtskraft vor dem voraussichtlichen Geburtstermin<\/strong><\/span><\/p>\n<\/li>\n<\/ol>\n<h2 data-start=\"5964\" data-end=\"5986\"><\/h2>\n<h2 class=\"\" data-start=\"5964\" data-end=\"5986\"><span style=\"font-size: 16px;\">Mein Angebot an Sie<\/span><\/h2>\n<p class=\"\" data-start=\"6191\" data-end=\"6425\"><span style=\"font-size: 16px;\">Wenn Sie jetzt handeln, kann Ihre Scheidung <em data-start=\"6235\" data-end=\"6269\">noch vor der Geburt Ihres Kindes<\/em> rechtskr\u00e4ftig sein \u2013 und damit die rechtliche Ausgangslage f\u00fcr Sie, Ihr Kind und Ihren neuen Lebenspartner dauerhaft klar und konfliktfrei geregelt werden.<\/span><\/p>\n<p class=\"\" data-start=\"6427\" data-end=\"6569\"><span style=\"font-size: 16px;\"><strong data-start=\"6427\" data-end=\"6473\">Kontaktieren Sie mich so fr\u00fch wie m\u00f6glich.<\/strong> Ich nehme mir Zeit f\u00fcr Sie \u2013 und bringe Ihr Anliegen auf direktem Weg vor das richtige Gericht.<\/span><\/p>\n<p dir=\"ltr\"><span style=\"font-size: 16px;\"><a href=\"https:\/\/scheidung-beratung-online.de\/?page_id=2\" target=\"_blank\" rel=\"noopener\"><strong>Kontakt<\/strong><\/a><\/span><\/p>\n<p dir=\"ltr\"><span style=\"font-size: 16px;\">Festnetz aus Deutschland: <a href=\"tel:+492331409319\"><strong>02331 409319<\/strong><\/a><\/span><\/p>\n<p dir=\"ltr\"><span style=\"font-size: 16px;\">Festnetz aus dem Ausland: <a href=\"tel:+492331409319\"><strong>+492331409319<\/strong><\/a><\/span><\/p>\n<p dir=\"ltr\"><span style=\"font-size: 16px;\">Handy: <strong><a href=\"tel:+491721570178\">+491721570178<\/a><\/strong><\/span><\/p>\n<p dir=\"ltr\"><span style=\"font-size: 16px;\">E-Mail:<strong>\u00a0<a href=\"mailto:info@twitting.eu\">info@twitting.eu<\/a><\/strong><\/span><\/p>\n<p dir=\"ltr\"><strong><span style=\"font-size: 16px;\"><a href=\"https:\/\/wa.me\/491721570178\">WhatsApp<\/a><\/span><\/strong><\/p>\n","protected":false},"excerpt":{"rendered":"<p>Sie sind verheiratet und schwanger. Der Ehemann ist nicht der Vater des Kindes. Jetzt muss die Scheidung noch vor der Geburt Ihres Kindes her. Sonst gilt Ihr Ehemann als Vater des Kindes, obwohl er nicht der biologische Vater ist. Das &hellip; <a href=\"https:\/\/scheidung-beratung-online.de\/?page_id=3504\">Weiterlesen <span class=\"meta-nav\">&rarr;<\/span><\/a><\/p>\n","protected":false},"author":1,"featured_media":0,"parent":724,"menu_order":0,"comment_status":"closed","ping_status":"closed","template":"","meta":[],"aioseo_notices":[],"acf":[],"_links":{"self":[{"href":"https:\/\/scheidung-beratung-online.de\/index.php?rest_route=\/wp\/v2\/pages\/3504"}],"collection":[{"href":"https:\/\/scheidung-beratung-online.de\/index.php?rest_route=\/wp\/v2\/pages"}],"about":[{"href":"https:\/\/scheidung-beratung-online.de\/index.php?rest_route=\/wp\/v2\/types\/page"}],"author":[{"embeddable":true,"href":"https:\/\/scheidung-beratung-online.de\/index.php?rest_route=\/wp\/v2\/users\/1"}],"replies":[{"embeddable":true,"href":"https:\/\/scheidung-beratung-online.de\/index.php?rest_route=%2Fwp%2Fv2%2Fcomments&post=3504"}],"version-history":[{"count":22,"href":"https:\/\/scheidung-beratung-online.de\/index.php?rest_route=\/wp\/v2\/pages\/3504\/revisions"}],"predecessor-version":[{"id":3564,"href":"https:\/\/scheidung-beratung-online.de\/index.php?rest_route=\/wp\/v2\/pages\/3504\/revisions\/3564"}],"up":[{"embeddable":true,"href":"https:\/\/scheidung-beratung-online.de\/index.php?rest_route=\/wp\/v2\/pages\/724"}],"wp:attachment":[{"href":"https:\/\/scheidung-beratung-online.de\/index.php?rest_route=%2Fwp%2Fv2%2Fmedia&parent=3504"}],"curies":[{"name":"wp","href":"https:\/\/api.w.org\/{rel}","templated":true}]}}