{"id":3617,"date":"2025-05-11T13:48:20","date_gmt":"2025-05-11T12:48:20","guid":{"rendered":"https:\/\/scheidung-beratung-online.de\/?page_id=3617"},"modified":"2025-05-12T16:09:17","modified_gmt":"2025-05-12T15:09:17","slug":"die-annulierung-ehe-weg-sofort-und-rueckwirkend","status":"publish","type":"page","link":"https:\/\/scheidung-beratung-online.de\/?page_id=3617","title":{"rendered":"Die Annulierung &#8211; Ehe weg, sofort und r\u00fcckwirkend!"},"content":{"rendered":"<h1><strong>Besser als <a href=\"https:\/\/scheidung-beratung-online.de\/?page_id=724\" target=\"_blank\" rel=\"noopener\">Scheidung<\/a><\/strong><\/h1>\n<p><span style=\"font-size: 16px;\">Sie suchen eine Weg Ihre Ehe direkt und ohne Fristen oder sonstige Komplikationen zu<a href=\"https:\/\/scheidung-beratung-online.de\/wp-content\/uploads\/2025\/05\/AdobeStock_807176379-scaled.jpeg\"><img decoding=\"async\" loading=\"lazy\" class=\"alignright wp-image-3635\" src=\"https:\/\/scheidung-beratung-online.de\/wp-content\/uploads\/2025\/05\/AdobeStock_807176379-300x200.jpeg\" alt=\"\" width=\"450\" height=\"300\" srcset=\"https:\/\/scheidung-beratung-online.de\/wp-content\/uploads\/2025\/05\/AdobeStock_807176379-300x200.jpeg 300w, https:\/\/scheidung-beratung-online.de\/wp-content\/uploads\/2025\/05\/AdobeStock_807176379-1024x683.jpeg 1024w, https:\/\/scheidung-beratung-online.de\/wp-content\/uploads\/2025\/05\/AdobeStock_807176379-768x512.jpeg 768w, https:\/\/scheidung-beratung-online.de\/wp-content\/uploads\/2025\/05\/AdobeStock_807176379-1536x1024.jpeg 1536w, https:\/\/scheidung-beratung-online.de\/wp-content\/uploads\/2025\/05\/AdobeStock_807176379-2048x1365.jpeg 2048w, https:\/\/scheidung-beratung-online.de\/wp-content\/uploads\/2025\/05\/AdobeStock_807176379-450x300.jpeg 450w\" sizes=\"(max-width: 450px) 100vw, 450px\" \/><\/a> beenden? Die L\u00f6sung liegt in der Annullierung der Ehe.<\/span><\/p>\n<p><span style=\"font-size: 16px;\">Die Annullierung der Ehe ist keine <a href=\"https:\/\/scheidung-beratung-online.de\/?page_id=724\" target=\"_blank\" rel=\"noopener\">Scheidung<\/a>, sondern besser: Die Annullierung bewirkt in idealer Weise, dass die Ehe aus Ihrem Lebenslauf gel\u00f6scht wird, als habe sie nie existiert.<\/span><\/p>\n<p><span style=\"font-size: 16px;\">Das bedeutet auch: Nach einer Annullierung gibt es:<\/span><\/p>\n<ul>\n<li><span style=\"font-size: 16px;\">keinen <a href=\"https:\/\/scheidung-beratung-online.de\/?page_id=2532\" target=\"_blank\" rel=\"noopener\">Unterhalt<\/a><\/span><\/li>\n<li><span style=\"font-size: 16px;\">keinen <a href=\"https:\/\/scheidung-beratung-online.de\/?p=217\" target=\"_blank\" rel=\"noopener\">Verm\u00f6gensausgleich<\/a><\/span><\/li>\n<li><span style=\"font-size: 16px;\">keinen <a href=\"https:\/\/scheidung-beratung-online.de\/?p=217\" target=\"_blank\" rel=\"noopener\">Versorgungsausgleich<\/a><\/span><\/li>\n<\/ul>\n<h1><strong>Kein Sex ? DAS beendet Ihre Ehe sofort!<\/strong><\/h1>\n<p><span style=\"font-size: 16px;\">Die Verweigerung von Sex ist in vielen <a href=\"https:\/\/scheidung-beratung-online.de\/?page_id=1694\" target=\"_blank\" rel=\"noopener\">Rechtssystemen<\/a> auf der Welt <strong>der Joker<\/strong>\u00a0eine Ehe durch Annullierung zu beseitigen. Dabei gibt es Unterschiede zwischen den einzelnen L\u00e4ndern. In s\u00e4kular gepr\u00e4gten Staaten ist die Ablehnung von Sex kein eigenst\u00e4ndiger Annullierungsgrund, kann aber\u00a0 als T\u00e4uschung, Irrtum oder Betrug gewertet werden. Im Unterschied dazu spielt in religi\u00f6s gepr\u00e4gten Systemen die sexuelle Beziehung oft eine zentrale Rolle f\u00fcr die G\u00fcltigkeit der Ehe. Ehen ohne Sex sind dort nichtig und k\u00f6nnen annulliert werden.<\/span><\/p>\n<p><span style=\"font-size: 16px;\">Nachfolgend eine \u00dcbersicht \u00fcber die Gesetze zur Annullierung der Ehe in verschiedenen L\u00e4ndern.<\/span><\/p>\n<p><span style=\"font-size: 16px;\"><strong>Wichtig zu wissen: Sie k\u00f6nnen sich das f\u00fcr Sie passende Recht f\u00fcr ein Annullierungs-Verfahren in Deutschland aussuchen. Dazu brauchen Sie eine Rechtswahlvereinbarung. Am einfachsten ist die Annullierung f\u00fcr Sie, wenn Sie oder Ihr Partner eine der folgenden Staatsangeh\u00f6rigkeiten haben: Saudi-Arabien, Iran, Singapur, Philippinen oder Indien.<\/strong><\/span><\/p>\n<h1>Gesetze im \u00dcberblick:<\/h1>\n<ol>\n<li><span style=\"font-size: 16px;\">Deutschland (und viele andere europ\u00e4ische L\u00e4nder)<\/span><\/li>\n<\/ol>\n<p><span style=\"font-size: 16px;\">Die Verweigerung von Sex allein reicht nicht f\u00fcr eine Annullierung, kann aber im Einzelfall Teil eines komplexeren Sachverhalts (z.\u202fB. arglistige T\u00e4uschung \u00fcber den Ehewillen) sein. Hat das Ehepaar gerade deswegen geheiratet, um Kinder zu bekommen und verweigert eine Ehepartner den Sex, kann dies ein Annullierungsgrund sein. Schlie\u00dflich ist ohne Sex die Zeugung von Kindern nur schwer m\u00f6glich.<\/span><\/p>\n<p><span style=\"font-size: 16px;\">Ebenfalls ist ein Annullierungsgrund, wenn ein Ehepartner \u00fcber seine Zeugungsf\u00e4higkeit get\u00e4uscht hat, wenn es beiden Partnern darauf ankam, Kinder zu haben.<\/span><\/p>\n<ol start=\"2\">\n<li><span style=\"font-size: 16px;\">Italien<\/span><\/li>\n<\/ol>\n<p><span style=\"font-size: 16px;\">\u00c4hnlich wie in Deutschland: Eine Ehe kann f\u00fcr nichtig erkl\u00e4rt werden, wenn ein \u201egrundlegender Irrtum\u201c vorliegt (z.\u202fB. \u00fcber die wesentliche Eigenschaft der Person).<\/span><\/p>\n<p><span style=\"font-size: 16px;\">Sexverweigerung allein\u00a0ist kein Annullierungsgrund, es sei denn, sie ist Ausdruck einer\u00a0T\u00e4uschung oder Unf\u00e4higkeit zur Erf\u00fcllung ehelicher Pflichten, die verschwiegen wurde.<\/span><\/p>\n<p><span style=\"font-size: 16px;\">Eine &#8222;normale&#8220; Scheidung, also ohne Annulierung, sollten Sie nach <a href=\"https:\/\/scheidung-beratung-online.de\/?page_id=3467\" target=\"_blank\" rel=\"noopener\">italienischem Recht<\/a> &#8222;vergessen&#8220;. <a href=\"https:\/\/scheidung-beratung-online.de\/?page_id=3467\" target=\"_blank\" rel=\"noopener\">Die H\u00fcrden sind sehr hoch.<\/a><\/span><\/p>\n<ol start=\"3\">\n<li><span style=\"font-size: 16px;\">Frankreich<\/span><\/li>\n<\/ol>\n<p><span style=\"font-size: 16px;\">Das franz\u00f6sische Zivilrecht erlaubt die Annullierung einer Ehe bei T\u00e4uschung oder fehlendem Konsens.<\/span><\/p>\n<p><span style=\"font-size: 16px;\">Die\u00a0Zur\u00fcckweisung von Sex\u00a0kann ein Annullierungsgrund sein,\u00a0wenn sie auf bewusster T\u00e4uschung oder Unf\u00e4higkeit\u00a0beruht, die dem Partner verheimlicht wurde.<\/span><\/p>\n<ol start=\"4\">\n<li><span style=\"font-size: 16px;\">USA<\/span><\/li>\n<\/ol>\n<p><span style=\"font-size: 16px;\">Das Eherecht ist bundesstaatlich geregelt.<\/span><\/p>\n<p><span style=\"font-size: 16px;\">In vielen Bundesstaaten kann eine Ehe\u00a0annulliert werden, wenn sie\u00a0nie vollzogen wurde, insbesondere wenn einer der Partner\u00a0absichtlich und dauerhaft\u00a0den Geschlechtsverkehr blockiert.<\/span><\/p>\n<p><span style=\"font-size: 16px;\">Dies kann als \u201eFraud\u201c (T\u00e4uschung) oder \u201einability to consummate the marriage\u201c gewertet werden.<\/span><\/p>\n<ol start=\"5\">\n<li><span style=\"font-size: 16px;\">Islamisches Recht (z.\u202fB. Saudi-Arabien, Iran)<\/span><\/li>\n<\/ol>\n<p><span style=\"font-size: 16px;\">Der\u00a0Nichtvollzug der Ehe\u00a0kann in vielen islamisch gepr\u00e4gten L\u00e4ndern ein Annullierungsgrund sein.<\/span><\/p>\n<p><span style=\"font-size: 16px;\">Wenn ein Ehepartner dauerhaft den Geschlechtsverkehr verwehrt oder zeugungsunf\u00e4hig ist und dies verschwiegen wurde, kann das zur\u00a0Nichtigkeitserkl\u00e4rung\u00a0oder zur\u00a0Aufhebung durch ein Scharia-Gericht\u00a0f\u00fchren.<\/span><\/p>\n<ol start=\"6\">\n<li><span style=\"font-size: 16px;\">Katholisches Kirchenrecht (Kanonisches Recht)<\/span><\/li>\n<\/ol>\n<p><span style=\"font-size: 16px;\">Eine Ehe kann\u00a0als nichtig erkl\u00e4rt werden, wenn sie\u00a0nie vollzogen\u00a0wurde, auch wenn sie g\u00fcltig geschlossen wurde.<\/span><\/p>\n<p><span style=\"font-size: 16px;\">Dies betrifft insbesondere Ehen, bei denen ein Ehepartner\u00a0von Anfang an nicht willens oder f\u00e4hig war, die Ehe k\u00f6rperlich zu vollziehen.<\/span><\/p>\n<p><span style=\"font-size: 16px;\">Die Nichtigkeit der Ehe erm\u00f6glicht sogar, dass die Ehepartner wieder kirchlich nach katholischem Recht heiraten d\u00fcrfen.<\/span><\/p>\n<ol start=\"7\">\n<li><span style=\"font-size: 16px;\">Singapur<\/span><\/li>\n<\/ol>\n<p><span style=\"font-size: 16px;\">Das Recht in Singapur ist gem\u00e4\u00df der\u00a0Women\u2019s Charter, Section 106 rigoros:<\/span><\/p>\n<p><span style=\"font-size: 16px;\">Wenn der ein Partner willentlich die Vollziehung des Geschlechtsverkehrs verweigert, ist die Ehe zu annullieren.<\/span><\/p>\n<p><span style=\"font-size: 16px;\">Originaltext (Englisch):<\/span><\/p>\n<p><span style=\"font-size: 16px;\">&#8222;A marriage shall be voidable on the ground that [&#8230;] the marriage has not been consummated owing to the incapacity of either party to consummate it; or [&#8230;] the marriage has not been consummated owing to the wilful refusal of the respondent to consummate it.&#8220;<\/span><\/p>\n<p><span style=\"font-size: 16px;\">Deutsche \u00dcbersetzung:<\/span><\/p>\n<p><span style=\"font-size: 16px;\">&#8222;Eine Ehe ist aufhebbar, wenn [&#8230;] die Ehe nicht vollzogen wurde aufgrund der Unf\u00e4higkeit eines Ehepartners, sie zu vollziehen; oder [&#8230;] die Ehe nicht vollzogen wurde aufgrund der willentlichen Verweigerung des Antragsgegners, sie zu vollziehen.&#8220;<\/span><\/p>\n<p><span style=\"font-size: 16px;\">Die Verweigerung muss dauerhaft und unbegr\u00fcndet sein.<\/span><\/p>\n<p><span style=\"font-size: 16px;\"><strong>Vorsicht in Singapur: Trotz Annullierung einer Ehe kann es hier eine Pflicht zum Unterhalt geben!<\/strong><\/span><\/p>\n<p><span style=\"font-size: 16px;\">8.Philippinen<\/span><\/p>\n<p><span style=\"font-size: 16px;\">Gesetzliche Grundlage:\u00a0Family Code of the Philippines, Article 45(5)<\/span><\/p>\n<p><span style=\"font-size: 16px;\">Annullierungsgrund:<\/span><\/p>\n<p><span style=\"font-size: 16px;\">Physische Unf\u00e4higkeit zur Vollziehung:\u00a0Ein Ehepartner ist physisch nicht in der Lage, die Ehe zu vollziehen, und diese Unf\u00e4higkeit ist unheilbar.<\/span><\/p>\n<p><span style=\"font-size: 16px;\">Originaltext (Englisch):<\/span><\/p>\n<p><span style=\"font-size: 16px;\">&#8222;That either party was physically incapable of consummating the marriage with the other, and such incapacity continues and appears to be incurable.&#8220;<\/span><\/p>\n<p><span style=\"font-size: 16px;\">Deutsche \u00dcbersetzung:<\/span><\/p>\n<p><span style=\"font-size: 16px;\">&#8222;Dass ein Ehepartner physisch unf\u00e4hig war, die Ehe mit dem anderen zu vollziehen, und diese Unf\u00e4higkeit fortbesteht und unheilbar erscheint.&#8220;<\/span><\/p>\n<p><span style=\"font-size: 16px;\">Die Klage auf Annullierung muss innerhalb von f\u00fcnf Jahren nach der Eheschlie\u00dfung eingereicht werden.<\/span><\/p>\n<ol start=\"9\">\n<li><span style=\"font-size: 16px;\">Indien<\/span><\/li>\n<\/ol>\n<p><span style=\"font-size: 16px;\">Gesetzliche Grundlage:\u00a0Hindu Marriage Act, Section 12(1)(a)<\/span><\/p>\n<p><span style=\"font-size: 16px;\">Annullierungsgrund:<\/span><\/p>\n<p><span style=\"font-size: 16px;\">Impotenz:\u00a0Die Ehe wurde nicht vollzogen aufgrund der Impotenz eines Ehepartners zum Zeitpunkt der Eheschlie\u00dfung.<\/span><\/p>\n<p><span style=\"font-size: 16px;\">Originaltext (Englisch):<\/span><\/p>\n<p><span style=\"font-size: 16px;\">&#8222;Any marriage solemnised, whether before or after the commencement of this Act, shall be voidable and may be annulled by a decree of nullity on any of the following grounds, namely: (a) that the marriage has not been consummated owing to the impotence of the respondent.&#8220;<\/span><\/p>\n<p><span style=\"font-size: 16px;\">Deutsche \u00dcbersetzung:<\/span><\/p>\n<p><span style=\"font-size: 16px;\">&#8222;Jede Ehe, die vor oder nach Inkrafttreten dieses Gesetzes geschlossen wurde, ist aufhebbar und kann durch ein Nichtigkeitsurteil annulliert werden aus folgenden Gr\u00fcnden: (a) dass die Ehe nicht vollzogen wurde aufgrund der Impotenz des Antragsgegners.&#8220;<\/span><\/p>\n<p><span style=\"font-size: 16px;\">Die Impotenz muss zum Zeitpunkt der Eheschlie\u00dfung bestanden haben und dauerhaft sein.<\/span><\/p>\n<p><span style=\"font-size: 16px;\">Ich freue mich darauf, Ihnen zu helfen. Annullierung jetzt. F\u00fcllen Sie einfach das <a href=\"https:\/\/scheidung-beratung-online.de\/?page_id=2148\" target=\"_blank\" rel=\"noopener\">Scheidungsformular<\/a>\u00a0aus oder nehmen Sie direkt Kontakt zu uns auf:<\/span><\/p>\n<p><span style=\"font-size: 16px;\">So kontaktieren Sie mich:<\/span><\/p>\n<p dir=\"ltr\"><span style=\"font-size: 16px;\">Festnetz aus Deutschland:\u00a0<a href=\"tel:+492331409319\"><strong>02331 409319<\/strong><\/a><\/span><\/p>\n<p dir=\"ltr\"><span style=\"font-size: 16px;\">Festnetz aus dem Ausland:\u00a0<a href=\"tel:+492331409319\"><strong>+492331409319<\/strong><\/a><\/span><\/p>\n<p dir=\"ltr\"><span style=\"font-size: 16px;\">Handy:\u00a0<strong><a href=\"tel:+491721570178\">+491721570178<\/a><\/strong><\/span><\/p>\n<p dir=\"ltr\"><span style=\"font-size: 16px;\">E-Mail:<strong>\u00a0<a href=\"mailto:info@twitting.eu\">info@twitting.eu<\/a><\/strong><\/span><\/p>\n<p dir=\"ltr\"><strong><a href=\"https:\/\/wa.me\/491721570178\"><span style=\"font-size: 16px;\">WhatsApp<\/span><\/a><\/strong><\/p>\n\n\n<p><\/p>\n","protected":false},"excerpt":{"rendered":"<p>Besser als Scheidung Sie suchen eine Weg Ihre Ehe direkt und ohne Fristen oder sonstige Komplikationen zu beenden? Die L\u00f6sung liegt in der Annullierung der Ehe. Die Annullierung der Ehe ist keine Scheidung, sondern besser: Die Annullierung bewirkt in idealer &hellip; <a href=\"https:\/\/scheidung-beratung-online.de\/?page_id=3617\">Weiterlesen <span class=\"meta-nav\">&rarr;<\/span><\/a><\/p>\n","protected":false},"author":1,"featured_media":0,"parent":0,"menu_order":0,"comment_status":"closed","ping_status":"closed","template":"","meta":[],"aioseo_notices":[],"acf":[],"_links":{"self":[{"href":"https:\/\/scheidung-beratung-online.de\/index.php?rest_route=\/wp\/v2\/pages\/3617"}],"collection":[{"href":"https:\/\/scheidung-beratung-online.de\/index.php?rest_route=\/wp\/v2\/pages"}],"about":[{"href":"https:\/\/scheidung-beratung-online.de\/index.php?rest_route=\/wp\/v2\/types\/page"}],"author":[{"embeddable":true,"href":"https:\/\/scheidung-beratung-online.de\/index.php?rest_route=\/wp\/v2\/users\/1"}],"replies":[{"embeddable":true,"href":"https:\/\/scheidung-beratung-online.de\/index.php?rest_route=%2Fwp%2Fv2%2Fcomments&post=3617"}],"version-history":[{"count":32,"href":"https:\/\/scheidung-beratung-online.de\/index.php?rest_route=\/wp\/v2\/pages\/3617\/revisions"}],"predecessor-version":[{"id":3662,"href":"https:\/\/scheidung-beratung-online.de\/index.php?rest_route=\/wp\/v2\/pages\/3617\/revisions\/3662"}],"wp:attachment":[{"href":"https:\/\/scheidung-beratung-online.de\/index.php?rest_route=%2Fwp%2Fv2%2Fmedia&parent=3617"}],"curies":[{"name":"wp","href":"https:\/\/api.w.org\/{rel}","templated":true}]}}