{"id":3664,"date":"2025-05-18T19:05:53","date_gmt":"2025-05-18T18:05:53","guid":{"rendered":"https:\/\/scheidung-beratung-online.de\/?page_id=3664"},"modified":"2025-06-14T18:22:41","modified_gmt":"2025-06-14T17:22:41","slug":"scheidung-suedafrika-lieber-deutsches-recht","status":"publish","type":"page","link":"https:\/\/scheidung-beratung-online.de\/?page_id=3664","title":{"rendered":"Scheidung S\u00fcdafrika &#8211; lieber deutsches Recht"},"content":{"rendered":"\n<p><span style=\"font-size: 16px;\">Warum f\u00fcr Sie als Deutsche(r) mit Wohnsitz in S\u00fcdafrika dennoch eine Ehescheidung in Deutschland nach deutschem Recht m\u00f6glich ist, erfahren Sie in diesem Beitrag.<\/span><\/p>\n<p><span style=\"font-size: 16px;\">Profitieren Sie von der Vertrautheit mit deutschem Recht, den klaren Regelungen und dem psychologischen Vorteil, in Ihrer Muttersprache und Rechtskultur betreut zu werden.<\/span><\/p>\n<h1><span style=\"font-size: 20px;\">1. Deutsche Gerichtszust\u00e4ndigkeit trotz Wohnsitz in S\u00fcdafrika<a href=\"https:\/\/scheidung-beratung-online.de\/wp-content\/uploads\/2025\/06\/AdobeStock_352690465.jpeg\"><img decoding=\"async\" loading=\"lazy\" class=\"alignright wp-image-3753\" src=\"https:\/\/scheidung-beratung-online.de\/wp-content\/uploads\/2025\/06\/AdobeStock_352690465-300x176.jpeg\" alt=\"\" width=\"450\" height=\"265\" srcset=\"https:\/\/scheidung-beratung-online.de\/wp-content\/uploads\/2025\/06\/AdobeStock_352690465-300x176.jpeg 300w, https:\/\/scheidung-beratung-online.de\/wp-content\/uploads\/2025\/06\/AdobeStock_352690465-1024x602.jpeg 1024w, https:\/\/scheidung-beratung-online.de\/wp-content\/uploads\/2025\/06\/AdobeStock_352690465-768x452.jpeg 768w, https:\/\/scheidung-beratung-online.de\/wp-content\/uploads\/2025\/06\/AdobeStock_352690465-1536x904.jpeg 1536w, https:\/\/scheidung-beratung-online.de\/wp-content\/uploads\/2025\/06\/AdobeStock_352690465-500x294.jpeg 500w\" sizes=\"(max-width: 450px) 100vw, 450px\" \/><\/a><\/span><\/h1>\n<p><span style=\"font-size: 16px;\">Auch wenn Sie derzeit in S\u00fcdafrika leben, k\u00f6nnen <a href=\"https:\/\/scheidung-beratung-online.de\/?page_id=1686\" target=\"_blank\" rel=\"noopener\">deutsche Familiengerichte f\u00fcr Ihre Scheidung zust\u00e4ndig<\/a> sein, wenn<\/span><\/p>\n<ul style=\"list-style-type: square;\">\n<li><span style=\"font-size: 16px;\">Beide Ehegatten Deutsche sind oder<\/span><\/li>\n<li><span style=\"font-size: 16px;\">Sie deutscher Staatsangeh\u00f6riger sind, Ihr Ehepartner Ausl\u00e4nder ist und dieser \u00fcber eine nicht-europ\u00e4ische Staatsangeh\u00f6rigkeit verf\u00fcgt.<\/span><\/li>\n<\/ul>\n<p><span style=\"font-size: 16px;\">Rechtsgrundlagen:<\/span><\/p>\n<ul>\n<li><span style=\"font-size: 16px;\">Br\u00fcssel\u2009II\u2009b\u2011Verordnung (VO\u2009Nr.\u20092201\/2003):<\/span><\/li>\n<\/ul>\n<p><span style=\"font-size: 16px;\">\u201eSind beide Ehegatten Deutsche, so k\u00f6nnen sie ihr Verfahren auch in Deutschland anh\u00e4ngig machen.\u201c<\/span><\/p>\n<ul>\n<li><span style=\"font-size: 16px;\">FamFG \u2013 Internationale Zust\u00e4ndigkeit:<\/span><\/li>\n<\/ul>\n<p><span style=\"font-size: 16px;\">\u201eIst ein Ehegatte Deutscher oder war er es bei der Eheschlie\u00dfung, so sind deutsche Gerichte f\u00fcr seine Ehesache zust\u00e4ndig.\u201d<\/span><\/p>\n<p><span style=\"font-size: 16px;\">Durch diese Regelungen bleibt der Zugang zum deutschen Rechtssystem auch bei dauerhaftem Auslandsaufenthalt erhalten. Sie wollen es ganz genau wissen, dann sehen Sie sich mein\u00a0<a title=\"Video Gericht zust\u00e4ndig internationale Scheidung\" href=\"https:\/\/www.youtube.com\/watch?v=7Qk-OyCg0lc\" target=\"_blank\" rel=\"noopener\">Video auf YouTube<\/a>\u00a0an.<\/span><\/p>\n<h1><span style=\"font-size: 20px;\">2. Vorteile der Scheidung nach deutschem Recht<\/span><\/h1>\n<h2><span style=\"font-size: 20px;\">a) Klare No\u2011Fault\u2011Regelung<\/span><\/h2>\n<ul>\n<li><span style=\"font-size: 16px;\">Deutschland (\u00a7\u20091565 BGB):<\/span><\/li>\n<\/ul>\n<p><span style=\"font-size: 16px;\">\u201eDie Ehe wird geschieden, wenn sie gescheitert ist.\u201c<\/span><\/p>\n<p><span style=\"font-size: 16px;\">Die Scheidung erfolgt ohne Schuldvorw\u00fcrfe; einziges Kriterium ist das Scheitern der Ehe. Das Scheitern der Ehe wird angenommen, wenn die Ehepartner ein Jahr getrennt voneinander leben und keiner die Ehe fortsetzen will.<\/span><\/p>\n<ul>\n<li><span style=\"font-size: 16px;\">S\u00fcdafrika (Divorce Act\u200970 of 1979, \u00a7\u20093):<\/span><\/li>\n<\/ul>\n<p><span style=\"font-size: 16px;\">\u00a0\u201eGrounds for divorce is the irretrievable breakdown of the marriage proved by facts.\u201c Zwar \u00e4hnlich, doch wird oft umfangreicher Beweis gef\u00fchrt und gegen den Ablauf der Trennungszeit argumentiert. Der Ablauf des Trennungsjahres von &#8211; auch hier &#8211; einem Jahr ist nur ein Indiz f\u00fcr die Zerr\u00fcttung der Ehe, andere, wie z.B. Ehebruch, Ver\u00fcbung von Straftaten durch den Ehepartner m\u00fcssen hinzutreten.<\/span><\/p>\n<h2><span style=\"font-size: 20px;\">b) Verm\u00f6gensaufteilung durch Wahl des deutschen G\u00fcterrechts<\/span><\/h2>\n<ul>\n<li><span style=\"font-size: 16px;\">Deutsches Recht (BGB \u00a7\u00a7\u20091363 ff.): Sie k\u00f6nnen den gesetzlichen G\u00fcterstand der Zugewinngemeinschaft oder eine G\u00fctertrennung w\u00e4hlen. Ohne Wahl gilt der gesetzliche G\u00fcterstand der Zugewinngemeinschaft.<\/span><\/li>\n<\/ul>\n<ul>\n<li><span style=\"font-size: 16px;\">S\u00fcdafrika (Matrimonial Property Act\u200988 of 1984): Standard\u2011System \u201ein community of property\u201c oder \u201eout of community with accrual\u201c. H\u00e4ufig un\u00fcbersichtlicher und Nachteilhaft bei globalem Verm\u00f6gen.<\/span><\/li>\n<\/ul>\n<h2><span style=\"font-size: 20px;\">c) Versorgungsausgleich<\/span><\/h2>\n<ul>\n<li><span style=\"font-size: 16px;\">Deutschland (\u00a7\u00a7\u20091587 ff. BGB) regelt den Ausgleich der in der Ehe erworbenen Versorgungsanrechte klar und verbindlich.<\/span><\/li>\n<\/ul>\n<ul>\n<li><span style=\"font-size: 16px;\">S\u00fcdafrika kennt keine automatische Pensions\u2011 oder Rentenausgleichspflicht; Anspr\u00fcche m\u00fcssen m\u00fchsam aus Einzelanspr\u00fcchen geltend gemacht werden.<\/span><\/li>\n<\/ul>\n<h2><span style=\"font-size: 20px;\">d) Klare Verfahrensregelungen und Terminsicherheit<\/span><\/h2>\n<ul>\n<li><span style=\"font-size: 16px;\">Deutsche Gerichte arbeiten mit fester Prozessordnung (FamFG), Fristen und Terminen. Es gibt bei Bedarf die M\u00f6glichkeit der <a href=\"https:\/\/scheidung-beratung-online.de\/?page_id=2095\" target=\"_blank\" rel=\"noopener\">staatlichen Prozessfinanzierung: Verfahrenskostenhilfe<\/a>.<\/span><\/li>\n<\/ul>\n<ul>\n<li><span style=\"font-size: 16px;\">In S\u00fcdafrika k\u00f6nnen Scheidngsverfahren in komplexen F\u00e4llen sehr lange Verfahrensdauern aufweisen.<\/span><\/li>\n<\/ul>\n<h1><span style=\"font-size: 20px;\">3. Rechtswahlvereinbarung: Scheidung nach deutschem Recht<\/span><\/h1>\n<p><span style=\"font-size: 16px;\">Selbst wenn deutsche Gerichte zust\u00e4ndig sind, bestimmt sich das anwendbare Recht nach der Rom-III-Verordnung. Das bedeutet: Deutsche Gerichte scheiden nicht automatisch nach deutschem Recht. Vielmehr regelt die Rom-III-Verordnung nach den Kriterien<\/span><\/p>\n<p><span style=\"font-size: 16px;\">-aktueller Aufenthaltsort,<\/span><\/p>\n<p><span style=\"font-size: 16px;\">-letzter Aufenthaltsort und<\/span><\/p>\n<p><span style=\"font-size: 16px;\">-Staatsangeh\u00f6rigkeit<\/span><\/p>\n<p><span style=\"font-size: 16px;\">das anzuwendende Scheidungsrecht.<\/span><\/p>\n<p><span style=\"font-size: 16px;\">Wollen Sie die Entscheidung nicht einem Gericht \u00fcberlassen, so k\u00f6nnen Sie das f\u00fcr Ihre Scheidung einschl\u00e4gige Recht selbst w\u00e4hlen.\u00a0<\/span><\/p>\n<p><span style=\"font-size: 16px;\">Artikel\u20095 Rom\u2009III\u2011Verordnung (VO\u2009Nr.\u20091259\/2010) bestimmt:<\/span><\/p>\n<p><span style=\"font-size: 16px;\">\u201eDie Ehegatten k\u00f6nnen durch vorher getroffene Vereinbarung das Recht eines Staates w\u00e4hlen, unter Ausschluss jedes anderen Rechts.\u201c<\/span><\/p>\n<p><span style=\"font-size: 16px;\">Durch eine solche Rechtswahlvereinbarung in einem Ehevertrag stellen Sie sicher, dass s\u00e4mtliche Scheidungsfolgen nach deutschem Recht beurteilt werden.<\/span><\/p>\n<h1><span style=\"font-size: 20px;\">4. Psychologischer Vorteil: Vertrautheit und Sicherheit<\/span><\/h1>\n<p><span style=\"font-size: 16px;\">Als Deutsche(r) f\u00fchlen Sie sich oft wohler, wenn Ihnen vertraute Begriffe und Abl\u00e4ufe begegnen:<\/span><\/p>\n<ul>\n<li><span style=\"font-size: 16px;\">Muttersprache w\u00e4hrend des gesamten Verfahrens<\/span><\/li>\n<\/ul>\n<ul>\n<li><span style=\"font-size: 16px;\">Klare, sichere Regeln ohne pl\u00f6tzliche Systemwechsel<\/span><\/li>\n<\/ul>\n<ul>\n<li><span style=\"font-size: 16px;\">Verl\u00e4ssliche Rechtsprechung mit etablierten Pr\u00e4zedenzf\u00e4llen<\/span><\/li>\n<\/ul>\n<ul>\n<li><span style=\"font-size: 16px;\">Emotionale Entlastung, wenn Sie Ihre rechtliche Situation in einer Ihnen vertrauten Rechtskultur verstehen.<\/span><\/li>\n<\/ul>\n<h1><span style=\"font-size: 20px;\">5. Fazit &amp; Empfehlung<\/span><\/h1>\n<p><span style=\"font-size: 16px;\">\u201cEhescheidung S\u00fcdafrika\u201d f\u00fcr Deutsche kann bequem und sicher nach deutschem Recht in Deutschland durchgef\u00fchrt werden. Nutzen Sie meine mehr als 25-j\u00e4hrige Expertise:<\/span><\/p>\n<ul>\n<li><span style=\"font-size: 16px;\">Zust\u00e4ndigkeitskl\u00e4rung: Ich pr\u00fcfe, ob deutsche Gerichte Ihre Scheidung \u00fcbernehmen (Br\u00fcssel\u2009II\u2009b; FamFG).<\/span><\/li>\n<\/ul>\n<ul>\n<li><span style=\"font-size: 16px;\">Rechtswahlvereinbarung: Wir bereiten eine wirksame Wahl deutschen Rechts vor ( Rom\u2009III).<\/span><\/li>\n<\/ul>\n<ul>\n<li><span style=\"font-size: 16px;\">Verfahrensbegleitung: Ich unterst\u00fctze Sie von der Antragstellung bis zum rechtskr\u00e4ftigen Scheidungsurteil.<\/span><\/li>\n<\/ul>\n<p><span style=\"font-size: 16px;\">Kontaktieren Sie mich f\u00fcr eine kostenlose Ersteinsch\u00e4tzung \u2013 damit Ihre Scheidung reibungslos, transparent und in Ihrem Sinne abl\u00e4uft. Vertrauen Sie auf erfahrene rechtliche Betreuung nach deutschem Standard, selbst wenn Ihr Lebensmittelpunkt in S\u00fcdafrika ist.<\/span><\/p>\n<p><span style=\"font-size: 16px;\">So kontaktieren Sie mich:<\/span><\/p>\n<p dir=\"ltr\"><span style=\"font-size: 16px;\">Festnetz aus Deutschland:\u00a0<a href=\"tel:+492331409319\"><strong>02331 409319<\/strong><\/a><\/span><\/p>\n<p dir=\"ltr\"><span style=\"font-size: 16px;\">Festnetz aus dem Ausland:\u00a0<a href=\"tel:+492331409319\"><strong>+492331409319<\/strong><\/a><\/span><\/p>\n<p dir=\"ltr\"><span style=\"font-size: 16px;\">Handy:\u00a0<strong><a href=\"tel:+491721570178\">+491721570178<\/a><\/strong><\/span><\/p>\n<p dir=\"ltr\"><span style=\"font-size: 16px;\">E-Mail:<strong>\u00a0<a href=\"mailto:info@twitting.eu\">info@twitting.eu<\/a><\/strong><\/span><\/p>\n<p dir=\"ltr\"><span style=\"font-size: 16px;\"><strong><a href=\"https:\/\/wa.me\/491721570178\">WhatsApp<\/a><\/strong><\/span><\/p>\n<p>\u00a0<\/p>\n<p>\u00a0<\/p>\n","protected":false},"excerpt":{"rendered":"<p>Warum f\u00fcr Sie als Deutsche(r) mit Wohnsitz in S\u00fcdafrika dennoch eine Ehescheidung in Deutschland nach deutschem Recht m\u00f6glich ist, erfahren Sie in diesem Beitrag. Profitieren Sie von der Vertrautheit mit deutschem Recht, den klaren Regelungen und dem psychologischen Vorteil, in &hellip; <a href=\"https:\/\/scheidung-beratung-online.de\/?page_id=3664\">Weiterlesen <span class=\"meta-nav\">&rarr;<\/span><\/a><\/p>\n","protected":false},"author":1,"featured_media":0,"parent":0,"menu_order":0,"comment_status":"closed","ping_status":"closed","template":"","meta":[],"aioseo_notices":[],"acf":[],"_links":{"self":[{"href":"https:\/\/scheidung-beratung-online.de\/index.php?rest_route=\/wp\/v2\/pages\/3664"}],"collection":[{"href":"https:\/\/scheidung-beratung-online.de\/index.php?rest_route=\/wp\/v2\/pages"}],"about":[{"href":"https:\/\/scheidung-beratung-online.de\/index.php?rest_route=\/wp\/v2\/types\/page"}],"author":[{"embeddable":true,"href":"https:\/\/scheidung-beratung-online.de\/index.php?rest_route=\/wp\/v2\/users\/1"}],"replies":[{"embeddable":true,"href":"https:\/\/scheidung-beratung-online.de\/index.php?rest_route=%2Fwp%2Fv2%2Fcomments&post=3664"}],"version-history":[{"count":18,"href":"https:\/\/scheidung-beratung-online.de\/index.php?rest_route=\/wp\/v2\/pages\/3664\/revisions"}],"predecessor-version":[{"id":3755,"href":"https:\/\/scheidung-beratung-online.de\/index.php?rest_route=\/wp\/v2\/pages\/3664\/revisions\/3755"}],"wp:attachment":[{"href":"https:\/\/scheidung-beratung-online.de\/index.php?rest_route=%2Fwp%2Fv2%2Fmedia&parent=3664"}],"curies":[{"name":"wp","href":"https:\/\/api.w.org\/{rel}","templated":true}]}}