{"id":3726,"date":"2025-06-07T19:17:20","date_gmt":"2025-06-07T18:17:20","guid":{"rendered":"https:\/\/scheidung-beratung-online.de\/?page_id=3726"},"modified":"2025-06-07T19:17:21","modified_gmt":"2025-06-07T18:17:21","slug":"scheidung-zum-festpreis-moeglich-oder-falsches-versprechen","status":"publish","type":"page","link":"https:\/\/scheidung-beratung-online.de\/?page_id=3726","title":{"rendered":"Scheidung zum Festpreis? &#8211; M\u00f6glich oder falsches Versprechen"},"content":{"rendered":"\n<p><span style=\"font-size: 16px;\">Scheidung zum Festpreis: Ein transparenter \u00dcberblick<\/span><\/p>\n<p><span style=\"font-size: 16px;\">Oft wird im Internet eine Scheidung zu einem Festpreis angeboten. Deswegen erfahren Sie hier, wie dieses Versprechen dazu passt, dass die H\u00f6he der<\/span><\/p>\n<ul>\n<li><span style=\"font-size: 16px;\">Anwaltskosten und<\/span><\/li>\n<li><span style=\"font-size: 16px;\">Gerichtskosten<\/span><\/li>\n<\/ul>\n<p><span style=\"font-size: 16px;\">gesetzlich vorgeschrieben ist.<\/span><\/p>\n<p><span style=\"font-size: 16px;\">Die Ehescheidung \u00a0ist oft eine der schwierigsten und emotional belastendsten Phasen im Leben eines Menschen. F\u00fcr jeden stellt sich daneben die Frage nach den Kosten, die mit einer Scheidung verbunden sind. Als Anwalt, der seit \u00fcber 25 Jahren im internationalen und nationalen Scheidungsrecht t\u00e4tig ist, habe ich in dieser Zeit viele Mandanten durch die schwierigen Gew\u00e4sser einer Scheidung navigiert und dabei festgestellt, dass ein h\u00e4ufiges Bed\u00fcrfnis nach Kostentransparenz und Planungssicherheit besteht.<\/span><\/p>\n<p><span style=\"font-size: 16px;\">In diesem Beitrag erl\u00e4utere ich<\/span><\/p>\n<ul>\n<li><span style=\"font-size: 16px;\">was unter einer \u201eScheidung zum Festpreis\u201c zu verstehen ist und ob dieses erlaubt ist,<\/span><\/li>\n<li><span style=\"font-size: 16px;\">wie eine Gesch\u00e4ftswertreduktion zur Kostensenkung m\u00f6glich ist und<\/span><\/li>\n<li><span style=\"font-size: 16px;\">warum Sie als Mandant von transparenten Kostenmodellen profitieren.<\/span><\/li>\n<\/ul>\n<h1>Scheidungskosten: RVG und FamGKG im Hintergrund<\/h1>\n<p><span style=\"font-size: 16px;\">In Deutschland richten sich die Kosten einer Scheidung grunds\u00e4tzlich nach zwei wichtigen Gesetzen: Dem Rechtsanwaltsverg\u00fctungsgesetz (RVG) und dem Gerichtskostengesetz (FamGKG). Diese Gesetze regeln, welche Geb\u00fchren ein Anwalt f\u00fcr seine T\u00e4tigkeit erheben darf und welche Gerichtskosten im Scheidungsverfahren anfallen.<\/span><\/p>\n<h1>Rechtsanwaltsverg\u00fctungsgesetz (RVG)<\/h1>\n<p><span style=\"font-size: 16px;\">Das RVG legt die Mindestverg\u00fctung f\u00fcr Anw\u00e4lte in bestimmten Verfahrensarten fest. Auch im Bereich der Scheidung ist der Anwalt verpflichtet, nicht unter den gesetzlichen Geb\u00fchren abzurechnen. Diese gesetzlichen Geb\u00fchren berechnen sich nach dem Verfahrenswert, der in der Regel dem Nettoeinkommen der Ehegatten oder dem Verm\u00f6gen beider Parteien entspricht. Dabei gelten f\u00fcr die anwaltliche T\u00e4tigkeit im Scheidungsverfahren feste S\u00e4tze, die nicht unterschritten werden d\u00fcrfen.<\/span><\/p>\n<p><span style=\"font-size: 16px;\">Das RVG verbietet Vereinbarungen, bei denen die Geb\u00fchr unter der gesetzlichen Mindesth\u00f6he liegt. Ein \u201eFestpreis\u201c f\u00fcr die anwaltliche T\u00e4tigkeit in einer Scheidung bedeutet daher, dass die gesetzlichen Geb\u00fchren zum Festpreis angeboten werden. Dies dient vor allem der Kalkulationssicherheit f\u00fcr den Mandanten.<\/span><\/p>\n<h1>Gerichtskostengesetz (FamGKG)<\/h1>\n<p><span style=\"font-size: 16px;\">Auch die Gerichtskosten werden durch das FamGKG geregelt. Diese Kosten fallen zus\u00e4tzlich zu den Anwaltsgeb\u00fchren an und orientieren sich in der Regel am gleichen Verfahrenswert wie die anwaltlichen Geb\u00fchren. Die Gerichtskosten f\u00fcr eine Scheidung sind ebenfalls festgelegt und k\u00f6nnen nicht beeinflusst oder unterschritten werden. Sie werden in der Regel separat vom Mandanten an das Gericht gezahlt, wobei auch hier der Verfahrenswert die H\u00f6he der Kosten bestimmt.<\/span><\/p>\n<h1>Festpreisvereinbarung: Was bedeutet das wirklich?<\/h1>\n<p><span style=\"font-size: 16px;\">Eine Festpreisvereinbarung im Kontext einer Scheidung bedeutet, dass der Anwalt dem Mandanten einen klaren Preis f\u00fcr seine Dienstleistungen nennt, der die gesetzlichen Geb\u00fchren nach dem RVG und FamGKG abdeckt. Ein solcher Festpreis kann daher nicht unter den gesetzlichen Mindestgeb\u00fchren liegen, da dies gegen die Vorgaben der Bundesrechtsanwaltsordnung (BRAO) und des RVG versto\u00dfen w\u00fcrde.<\/span><\/p>\n<p><span style=\"font-size: 16px;\">Ein Festpreis f\u00fcr eine Scheidung k\u00f6nnte in der Praxis beispielsweise folgender<\/span>ma\u00dfen <span style=\"font-size: 16px;\">aussehen: Wenn der Anwalt f\u00fcr das Scheidungsverfahren die gesetzlichen Geb\u00fchren festlegt, wird dieser Preis dann in einer Pauschale dem Mandanten als Festpreis angeboten, ohne zus\u00e4tzliche \u00fcberraschende Kosten oder Versteckte Geb\u00fchren. Dies sorgt f\u00fcr Transparenz und hilft den Mandanten, die Kosten der Scheidung von vornherein besser einsch\u00e4tzen zu k\u00f6nnen.<\/span><\/p>\n<p><span style=\"font-size: 16px;\">Beispiel: Festpreisangebot f\u00fcr eine einfache Scheidung<\/span><\/p>\n<p><span style=\"font-size: 16px;\">Nehmen wir an, der Verfahrenswert einer Scheidung liegt bei 4.000 Euro \u00a0(=Nettoeinkommen beider Eheleute in einem Vierteljahr). In diesem Fall w\u00fcrde die gesetzliche Verg\u00fctung f\u00fcr den Anwalt (einschlie\u00dflich der Verfahrensgeb\u00fchr, Terminsgeb\u00fchr und Auslagenpauschale) insgesamt 901,42 Euro betragen (inkl. Umsatzsteuer; Stand RVG Tabelle 1.6.2025).<\/span><\/p>\n<p><span style=\"font-size: 16px;\">Wenn eine Scheidung zum Festpreis angeboten wird, bedeutet das in diesem Fall, dass der Mandant f\u00fcr die anwaltliche T\u00e4tigkeit genau diesen Betrag zahlt, der die gesetzlich vorgeschriebenen Geb\u00fchren umfasst. Gerichtskosten w\u00fcrden separat berechnet.<\/span><\/p>\n<h1>Scheidung zum Festpreis und die M\u00f6glichkeit der Gesch\u00e4fts\u00adwert\u00adreduzierung<\/h1>\n<p><span style=\"font-size: 16px;\">Im Falle einer einvernehmlichen, sehr einfachen Scheidung \u2013 also wenn beide Ehegatten sich \u00fcber alle relevanten Aspekte der Scheidung einig sind \u2013 besteht grunds\u00e4tzlich die M\u00f6glichkeit, den Verfahrenswert zu reduzieren. Dies ist eine Option, die dazu dient, die Kosten f\u00fcr den Mandanten zu senken.<\/span><\/p>\n<p><span style=\"font-size: 16px;\">Ein niedrigerer Verfahrenswert bedeutet in der Regel eine geringere Geb\u00fchrenlast f\u00fcr beide Parteien. Die Gesch\u00e4ftswertreduktion wird vor allem dann angewendet, wenn es keine streitigen Punkte gibt, die eine umfangreiche anwaltliche Beratung oder eine lange gerichtliche Auseinandersetzung erfordern. In solchen F\u00e4llen k\u00f6nnen die Geb\u00fchren f\u00fcr den Anwalt \u2013 durch die Reduzierung des Verfahrenswerts \u2013 deutlich gesenkt werden.<\/span><\/p>\n<p><span style=\"font-size: 16px;\">Ich biete in meiner Praxis eine <a href=\"https:\/\/scheidung-beratung-online.de\/?page_id=1726\" target=\"_blank\" rel=\"noopener\">Gesch\u00e4ftswertreduktion<\/a> an. Dies sorgt f\u00fcr eine faire und kosteneffiziente L\u00f6sung f\u00fcr alle Beteiligten.<\/span><\/p>\n<p dir=\"ltr\"><span style=\"font-size: 16px;\">Wir freuen uns darauf, Ihnen zu helfen. F\u00fcllen Sie einfach das\u00a0<a href=\"https:\/\/scheidung-beratung-online.de\/?page_id=2148\" target=\"_blank\" rel=\"noopener\">Scheidungsformular<\/a>\u00a0aus oder nehmen Sie direkt Kontakt zu uns auf:<\/span><\/p>\n<p dir=\"ltr\"><span style=\"font-size: 16px;\">Festnetz aus Deutschland:\u00a0<a href=\"tel:+492331409319\"><strong>02331 409319<\/strong><\/a><\/span><\/p>\n<p dir=\"ltr\"><span style=\"font-size: 16px;\">Festnetz aus dem Ausland:\u00a0<a href=\"tel:+492331409319\"><strong>+492331409319<\/strong><\/a><\/span><\/p>\n<p dir=\"ltr\"><span style=\"font-size: 16px;\">Handy:\u00a0<strong><a href=\"tel:+491721570178\">+491721570178<\/a><\/strong><\/span><\/p>\n<p dir=\"ltr\"><span style=\"font-size: 16px;\">E-Mail:<strong>\u00a0<a href=\"mailto:info@twitting.eu\">info@twitting.eu<\/a><\/strong><\/span><\/p>\n<p dir=\"ltr\"><span style=\"font-size: 16px;\"><strong><a href=\"https:\/\/wa.me\/491721570178\">WhatsApp<\/a><\/strong><\/span><\/p>\n<p>\u00a0<\/p>\n","protected":false},"excerpt":{"rendered":"<p>Scheidung zum Festpreis: Ein transparenter \u00dcberblick Oft wird im Internet eine Scheidung zu einem Festpreis angeboten. Deswegen erfahren Sie hier, wie dieses Versprechen dazu passt, dass die H\u00f6he der Anwaltskosten und Gerichtskosten gesetzlich vorgeschrieben ist. Die Ehescheidung \u00a0ist oft eine &hellip; <a href=\"https:\/\/scheidung-beratung-online.de\/?page_id=3726\">Weiterlesen <span class=\"meta-nav\">&rarr;<\/span><\/a><\/p>\n","protected":false},"author":1,"featured_media":0,"parent":0,"menu_order":0,"comment_status":"closed","ping_status":"closed","template":"","meta":[],"aioseo_notices":[],"acf":[],"_links":{"self":[{"href":"https:\/\/scheidung-beratung-online.de\/index.php?rest_route=\/wp\/v2\/pages\/3726"}],"collection":[{"href":"https:\/\/scheidung-beratung-online.de\/index.php?rest_route=\/wp\/v2\/pages"}],"about":[{"href":"https:\/\/scheidung-beratung-online.de\/index.php?rest_route=\/wp\/v2\/types\/page"}],"author":[{"embeddable":true,"href":"https:\/\/scheidung-beratung-online.de\/index.php?rest_route=\/wp\/v2\/users\/1"}],"replies":[{"embeddable":true,"href":"https:\/\/scheidung-beratung-online.de\/index.php?rest_route=%2Fwp%2Fv2%2Fcomments&post=3726"}],"version-history":[{"count":25,"href":"https:\/\/scheidung-beratung-online.de\/index.php?rest_route=\/wp\/v2\/pages\/3726\/revisions"}],"predecessor-version":[{"id":3751,"href":"https:\/\/scheidung-beratung-online.de\/index.php?rest_route=\/wp\/v2\/pages\/3726\/revisions\/3751"}],"wp:attachment":[{"href":"https:\/\/scheidung-beratung-online.de\/index.php?rest_route=%2Fwp%2Fv2%2Fmedia&parent=3726"}],"curies":[{"name":"wp","href":"https:\/\/api.w.org\/{rel}","templated":true}]}}