{"id":3803,"date":"2025-08-03T18:42:58","date_gmt":"2025-08-03T17:42:58","guid":{"rendered":"https:\/\/scheidung-beratung-online.de\/?page_id=3803"},"modified":"2025-08-03T18:42:59","modified_gmt":"2025-08-03T17:42:59","slug":"faire-scheidung-fuer-arabische-und-muslimische-ehefrauen-nie-wieder-talaq","status":"publish","type":"page","link":"https:\/\/scheidung-beratung-online.de\/?page_id=3803","title":{"rendered":"Faire Scheidung f\u00fcr arabische und muslimische Ehefrauen! Nie wieder &#8222;Talaq&#8220;!"},"content":{"rendered":"\n<p>F\u00fcr viele Frauen, die mit ihrem (deutschen) Ehemann in einem Land au\u00dferhalb der Europ\u00e4ischen Union leben, erscheint eine faire Scheidung auf den ersten Blick unerreichbar \u2013 insbesondere in Staaten, in denen Frauen nicht den gleichen Zugang zur Scheidung wie M\u00e4nner haben. Doch genau hier gibt es eine L\u00f6sung: Stellen Sie mit unserer Anwaltskanzlei einfach den Scheidungsantrag in Deutschland und werden Sie nach deutschem Recht geschieden. \u00a0<strong>Artikel 10 der Rom-III-Verordnung<\/strong> mach dieses m\u00f6glich.<\/p>\n<p><strong>Ihr Ausweg aus dem Scheidungsdilemma: Deutsches Recht auch im Ausland<\/strong><\/p>\n<p>Wenn Sie in einem Staat leben, in dem Ihnen als Frau <strong>kein gleichberechtigter Zugang zur Scheidung<\/strong> gew\u00e4hrt wird, k\u00f6nnen Sie sich unter bestimmten Voraussetzungen <strong>vor einem deutschen Familiengericht scheiden lassen \u2013 nach deutschem Recht<\/strong>.<\/p>\n<p><strong>Dieses Wunder hat einen Namen: Rom-III-Verordnung<\/strong><\/p>\n<p>Die <strong>Rom-III-Verordnung<\/strong> ist eine globale Richtlinie, die regelt, welches Scheidungsrecht bei internationalen Ehen gilt. Normalerweise richtet sich das anzuwendende Recht nach dem aktuellen Aufenthalt der Ehepartner. Aber:<\/p>\n<p>\ud83d\udc49 <strong>Artikel 10 Rom-III<\/strong> sieht eine <strong>Ausnahme<\/strong> vor:<br \/>Wenn das eigentlich anzuwendende Scheidungsrecht einem Ehegatten <strong>aufgrund seines Geschlechts<\/strong> keinen <strong>gleichberechtigten Zugang zur Scheidung<\/strong> bietet, dann <strong>gilt stattdessen das deutsche Recht<\/strong> \u2013 <strong>das Recht des angerufenen Gerichts<\/strong>.<\/p>\n<p><strong>Das hei\u00dft f\u00fcr Sie:<\/strong> Auch wenn Sie mit Ihrem deutschen Ehemann z.\u202fB. in Saudi-Arabien, Iran oder Afghanistan leben, kann <strong>trotzdem <a href=\"https:\/\/scheidung-beratung-online.de\/?page_id=2087\" target=\"_blank\" rel=\"noopener\">deutsches Recht<\/a> zur Anwendung kommen<\/strong>, sofern Sie sich an ein deutsches Gericht wenden.<\/p>\n<p><strong>In welchen L\u00e4ndern haben Frauen keinen gleichberechtigten Zugang zur Scheidung?<\/strong><\/p>\n<p>Die Rom-III-Verordnung greift insbesondere dann zugunsten der Frau, wenn sie in einem Staat lebt, in dem <strong>eine Scheidung durch den Ehemann einseitig erkl\u00e4rt<\/strong> werden kann, die Frau aber <strong>nur mit Zustimmung des Mannes oder unter erschwerten Bedingungen<\/strong> die Scheidung betreiben darf. Solche Regelungen finden sich z.\u202fB. in:<\/p>\n<ul>\n<li><strong>Saudi-Arabien<\/strong><\/li>\n<li><strong>Iran<\/strong><\/li>\n<li><strong>Afghanistan<\/strong><\/li>\n<li><strong>Pakistan<\/strong><\/li>\n<li><strong>Jemen<\/strong><\/li>\n<li><strong>Kuwait<\/strong><\/li>\n<li><strong>Katar<\/strong><\/li>\n<li><strong>Vereinigte Arabische Emirate<\/strong><\/li>\n<li><strong>Sudan<\/strong><\/li>\n<li><strong>Libyen<\/strong><\/li>\n<li><strong>Syrien<\/strong><\/li>\n<li><strong>Indonesien (teilweise, abh\u00e4ngig von der Region)<\/strong><\/li>\n<li><strong>Malaysia (teilweise, abh\u00e4ngig von der Region und Religion)<\/strong><\/li>\n<\/ul>\n<p>In diesen L\u00e4ndern wird Frauen oft nur ein eingeschr\u00e4nktes oder erschwertes Scheidungsrecht gew\u00e4hrt \u2013 etwa nur durch \u201eKhul\u02bf\u201c (eine Art Aufl\u00f6sung der Ehe durch R\u00fcckgabe der Morgengabe) oder bei Nachweis von Misshandlungen, Unfruchtbarkeit oder \u00e4hnlichen Umst\u00e4nden. Der Mann hingegen kann sich oft ohne jegliche Gr\u00fcnde scheiden lassen (\u201eTalaq\u201c).<\/p>\n<p><strong>Solche Unterschiede versto\u00dfen gegen das Prinzip der Gleichberechtigung und l\u00f6sen daher Art. 10 Rom-III aus.<\/strong><strong>\u00a0<\/strong><\/p>\n<p><strong>Zust\u00e4ndigkeit deutscher Gerichte bei Auslandswohnsitz \u2013 \u00a7 98 FamFG hilft weiter<\/strong><\/p>\n<p>Auch wenn Sie und Ihr Ehemann <strong>nicht in Deutschland leben<\/strong>, k\u00f6nnen Sie sich in Deutschland scheiden lassen. Denn nach <strong>\u00a7 98 Abs. 1 Nr. 1 FamFG<\/strong> sind <strong>deutsche Gerichte zust\u00e4ndig<\/strong>, wenn <strong>Ihr Ehemann Deutscher ist oder bei der Eheschlie\u00dfung Deutscher war.<\/strong><\/p>\n<p><strong>Beispiel:<\/strong><br \/>Sie sind libanesische Staatsangeh\u00f6rige, Ihr Mann ist Deutscher. Sie beide leben in Saudi-Arabien. Sie beantragen die Scheidung in Deutschland \u2013 <strong>das deutsche Familiengericht (z.<\/strong><strong>\u202fB. in Berlin-Sch<\/strong><strong>\u00f6neberg) ist zust<\/strong><strong>\u00e4ndig<\/strong>, selbst wenn Sie nicht in Deutschland leben.<\/p>\n<p><strong>Welche Vorteile hat eine Scheidung nach deutschem Recht?<\/strong><\/p>\n<p>\u2705 <strong>Gleichberechtigter Zugang zur Scheidung<\/strong><br \/>\u2705 <strong>Zugewinnausgleich m\u00f6glich<\/strong><br \/>\u2705 <strong>Versorgungsausgleich nach deutschem Rentenrecht<\/strong><br \/>\u2705 <strong>Anspruch auf nachehelichen Unterhalt<\/strong><br \/>\u2705 <strong>Faire Aufteilung des Hausrats und Verm\u00f6gens<\/strong><br \/>\u2705 <strong>Kein Zwang zur Zustimmung des Ehemannes zur Scheidung<\/strong><\/p>\n<p><strong>Was sollten Sie jetzt tun?<\/strong><\/p>\n<p>Wenn Sie sich in einer solchen Situation befinden und eine faire Scheidung anstreben, dann:<\/p>\n<ol>\n<li><strong>Lassen Sie sich fr\u00fchzeitig anwaltlich beraten.<\/strong><\/li>\n<li><strong>Bereiten Sie die Nachweise zu Ihrer pers\u00f6nlichen Situation, Staatsangeh\u00f6rigkeit und zum gew\u00f6hnlichen Aufenthalt sorgf\u00e4ltig vor.<\/strong><\/li>\n<li><strong>Dokumentieren Sie die konkreten Hindernisse, die Sie im Ausland an einer gleichberechtigten Scheidung hindern.<\/strong><\/li>\n<\/ol>\n<p><strong>Fazit: Frauenrechte im Ausland sind in Deutschland durchsetzbar<\/strong><\/p>\n<p>Wenn Ihnen als Frau im Ausland kein gleichberechtigter Zugang zur Scheidung zusteht, <strong>sch\u00fctzt Sie internationales Recht \u2013 konkret Art. 10 Rom-III-VO<\/strong>.<br \/>Sie haben ein Recht auf <strong>Scheidung nach deutschem Recht<\/strong> \u2013 auch au\u00dferhalb der EU.<\/p>\n<p><strong>Ich vertrete Frauen in genau diesen F\u00e4llen vor deutschen Familiengerichten.<\/strong><\/p>\n<p>\ud83d\udccd Kanzlei Twitting \u2013 <a href=\"http:\/\/www.scheidung-beratung-online.de\">www.scheidung-beratung-online.de<\/a><br \/>\ud83d\udcde Telefon: +49 (0)2331-409319<br \/>\u2709\ufe0f E-Mail: info@twitting.eu<\/p>\n<p><strong>Vereinbaren Sie jetzt eine erste Beratung.<\/strong><br \/>Ich helfe Ihnen, Ihren rechtlichen Weg konsequent und fair zu gehen \u2013 auch wenn Sie weit entfernt leben.<\/p>\n<p dir=\"ltr\">Festnetz aus Deutschland:\u00a0<a href=\"tel:+492331409319\"><strong>02331 409319<\/strong><\/a><\/p>\n<p dir=\"ltr\">Festnetz aus dem Ausland:\u00a0<a href=\"tel:+492331409319\"><strong>+492331409319<\/strong><\/a><\/p>\n<p dir=\"ltr\">Handy:\u00a0<strong><a href=\"tel:+491721570178\">+491721570178<\/a><\/strong><\/p>\n<p dir=\"ltr\">E-Mail:<strong>\u00a0<a href=\"mailto:info@twitting.eu\">info@twitting.eu<\/a><\/strong><\/p>\n<p dir=\"ltr\"><strong><a href=\"https:\/\/wa.me\/491721570178\">WhatsApp<\/a><\/strong><\/p>\n","protected":false},"excerpt":{"rendered":"<p>F\u00fcr viele Frauen, die mit ihrem (deutschen) Ehemann in einem Land au\u00dferhalb der Europ\u00e4ischen Union leben, erscheint eine faire Scheidung auf den ersten Blick unerreichbar \u2013 insbesondere in Staaten, in denen Frauen nicht den gleichen Zugang zur Scheidung wie M\u00e4nner &hellip; <a href=\"https:\/\/scheidung-beratung-online.de\/?page_id=3803\">Weiterlesen <span class=\"meta-nav\">&rarr;<\/span><\/a><\/p>\n","protected":false},"author":1,"featured_media":0,"parent":0,"menu_order":0,"comment_status":"closed","ping_status":"closed","template":"","meta":[],"aioseo_notices":[],"acf":[],"_links":{"self":[{"href":"https:\/\/scheidung-beratung-online.de\/index.php?rest_route=\/wp\/v2\/pages\/3803"}],"collection":[{"href":"https:\/\/scheidung-beratung-online.de\/index.php?rest_route=\/wp\/v2\/pages"}],"about":[{"href":"https:\/\/scheidung-beratung-online.de\/index.php?rest_route=\/wp\/v2\/types\/page"}],"author":[{"embeddable":true,"href":"https:\/\/scheidung-beratung-online.de\/index.php?rest_route=\/wp\/v2\/users\/1"}],"replies":[{"embeddable":true,"href":"https:\/\/scheidung-beratung-online.de\/index.php?rest_route=%2Fwp%2Fv2%2Fcomments&post=3803"}],"version-history":[{"count":12,"href":"https:\/\/scheidung-beratung-online.de\/index.php?rest_route=\/wp\/v2\/pages\/3803\/revisions"}],"predecessor-version":[{"id":3815,"href":"https:\/\/scheidung-beratung-online.de\/index.php?rest_route=\/wp\/v2\/pages\/3803\/revisions\/3815"}],"wp:attachment":[{"href":"https:\/\/scheidung-beratung-online.de\/index.php?rest_route=%2Fwp%2Fv2%2Fmedia&parent=3803"}],"curies":[{"name":"wp","href":"https:\/\/api.w.org\/{rel}","templated":true}]}}