{"id":3826,"date":"2025-08-24T09:32:17","date_gmt":"2025-08-24T08:32:17","guid":{"rendered":"https:\/\/scheidung-beratung-online.de\/?page_id=3826"},"modified":"2025-08-24T09:47:19","modified_gmt":"2025-08-24T08:47:19","slug":"smarte-zustellung-wenn-der-ehepartner-im-ausland-wohnt","status":"publish","type":"page","link":"https:\/\/scheidung-beratung-online.de\/?page_id=3826","title":{"rendered":"Smarte Zustellung wenn der Ehepartner im Ausland wohnt"},"content":{"rendered":"\n<p>Bei einer <a href=\"https:\/\/scheidung-beratung-online.de\/?page_id=2342\" target=\"_blank\" rel=\"noopener\"><strong>internationalen Scheidung<\/strong><\/a> gibt oft dasselbe Problem: Gerichtliche <strong>Zustellung ins Ausland<\/strong>, wo der andere Ehepartner lebt. Das <strong>Familiengericht<\/strong> darf n\u00e4mlich die Scheidungskorrespondenz an Ihren Ehepartner <strong>nicht elektronisch<\/strong>, also z.B. per E-Mail, <strong>zustellen<\/strong>. Dieses ist gesetzlich so geregelt.<\/p>\n<p>Es gibt einen <strong>legalen Trick<\/strong>, mit dem Sie <strong>Brief-Post<\/strong> des Gerichts an Ihren Ehepartner <strong>in Deutschland<\/strong> senden lassen, auch wenn dieser <strong>im Ausland wohnt<\/strong>. Das erfolgt mit Hilfe eines <strong>Postzustellungsbevollm\u00e4chtigten<\/strong>.<a href=\"https:\/\/scheidung-beratung-online.de\/wp-content\/uploads\/2025\/01\/unbekannter_Aufenthalt_AdobeStock_1208105838-scaled.jpeg\"><img decoding=\"async\" loading=\"lazy\" class=\"alignright wp-image-3212\" src=\"https:\/\/scheidung-beratung-online.de\/wp-content\/uploads\/2025\/01\/unbekannter_Aufenthalt_AdobeStock_1208105838-300x168.jpeg\" alt=\"\" width=\"375\" height=\"210\" srcset=\"https:\/\/scheidung-beratung-online.de\/wp-content\/uploads\/2025\/01\/unbekannter_Aufenthalt_AdobeStock_1208105838-300x168.jpeg 300w, https:\/\/scheidung-beratung-online.de\/wp-content\/uploads\/2025\/01\/unbekannter_Aufenthalt_AdobeStock_1208105838-1024x574.jpeg 1024w, https:\/\/scheidung-beratung-online.de\/wp-content\/uploads\/2025\/01\/unbekannter_Aufenthalt_AdobeStock_1208105838-768x431.jpeg 768w, https:\/\/scheidung-beratung-online.de\/wp-content\/uploads\/2025\/01\/unbekannter_Aufenthalt_AdobeStock_1208105838-1536x862.jpeg 1536w, https:\/\/scheidung-beratung-online.de\/wp-content\/uploads\/2025\/01\/unbekannter_Aufenthalt_AdobeStock_1208105838-2048x1149.jpeg 2048w, https:\/\/scheidung-beratung-online.de\/wp-content\/uploads\/2025\/01\/unbekannter_Aufenthalt_AdobeStock_1208105838-500x280.jpeg 500w\" sizes=\"(max-width: 375px) 100vw, 375px\" \/><\/a><\/p>\n<p><strong>Gerne \u00fcbernehme ich diese Rolle<\/strong>.<\/p>\n<p>Aus meiner\u00a0<strong>mehr als 25-j\u00e4hrigen T\u00e4tigkeit im internationalen Scheidungsrecht<\/strong>\u00a0wei\u00df ich: Eines der gr\u00f6\u00dften praktischen Probleme entsteht, wenn gerichtliche Schriftst\u00fccke im\u00a0<strong>nicht-europ\u00e4ischen Ausland<\/strong>\u00a0zugestellt werden m\u00fcssen.<\/p>\n<p>In solchen F\u00e4llen l\u00e4uft die Zustellung regelm\u00e4\u00dfig \u00fcber diplomatische Kan\u00e4le \u2013 ein Verfahren, das in der Praxis \u00e4u\u00dferst zeitaufwendig ist. Zustellungen k\u00f6nnen sich dadurch nicht nur \u00fcber\u00a0<strong>Monate<\/strong>, sondern im Einzelfall sogar \u00fcber\u00a0<strong>Jahre<\/strong>\u00a0hinziehen. F\u00fcr die Beteiligten bedeutet das eine <strong>erhebliche\u00a0Verz\u00f6gerung<\/strong> im gesamten Scheidungsverfahren.<\/p>\n<p>Meine L\u00f6sung f\u00fcr Sie<\/p>\n<p>Um dieses Problem zu vermeiden, biete ich Ihnen an, mich ausdr\u00fccklich als\u00a0<strong>Postzustellungsbevollm\u00e4chtigten gem\u00e4\u00df \u00a7 184 ZPO<\/strong>\u00a0zu benennen.<\/p>\n<ul>\n<li>Gegen ein\u00a0<strong>pauschales Honorar von 400 \u20ac<\/strong>\u00fcbernehme ich diese Funktion in Deutschland.<\/li>\n<li>Ich nehme die gerichtlichen Schriftst\u00fccke\u00a0<strong>entgegen,\u00a0scanne<\/strong>diese und leite sie\u00a0<strong>unverz\u00fcglich per E-Mail<\/strong>\u00a0an den im Ausland lebenden Ehepartnern weiter.<\/li>\n<li>Meine Rolle ist dabei klar begrenzt:<\/li>\n<\/ul>\n<ol>\n<li>Ich\u00a0<strong>trete nicht als Anwalt auf<\/strong>,<\/li>\n<li>ich\u00a0<strong>erteile keine Rechtsberatung<\/strong>,<\/li>\n<li>ich\u00a0<strong>stelle keine Antr\u00e4ge<\/strong>.<\/li>\n<\/ol>\n<p>Mein Auftrag besteht ausschlie\u00dflich darin, die Zustellung in Deutschland rechtssicher zu gew\u00e4hrleisten und die gerichtlichen Schriftst\u00fccke zuverl\u00e4ssig an den Ehepartner im Ausland weiterzuleiten.<\/p>\n<p>Auf diese Weise k\u00f6nnen Sie sicherstellen, dass Ihr Verfahren ohne Verz\u00f6gerungen durchgef\u00fchrt wird.<\/p>\n<p>Au\u00dferdem gibt es bei der Beauftragung eines Postzustellungsbevollm\u00e4chtigten einen finanziell positiven Nebeneffekt: \u00dcbersetzungskosten f\u00fcr eine direkte Zustellung des Gerichts ins Ausland werden gespart. Diese k\u00f6nnen im Einzelfall leicht bis zu 800 EUR betragen.<\/p>\n<p dir=\"ltr\">Wir freuen uns darauf, Ihnen zu helfen. Nehmen Sie \u00fcber Telefon, Handy, E-Mail oder WhatsApp\u00a0<a href=\"https:\/\/scheidung-beratung-online.de\/?page_id=2\" target=\"_blank\" rel=\"noopener\">Kontakt<\/a>\u00a0zu uns auf:<\/p>\n<p dir=\"ltr\">Festnetz aus Deutschland:\u00a0<a href=\"tel:+492331409319\"><strong>02331 409319<\/strong><\/a><\/p>\n<p dir=\"ltr\">Festnetz aus dem Ausland:\u00a0<a href=\"tel:+492331409319\"><strong>+492331409319<\/strong><\/a><\/p>\n<p dir=\"ltr\">Handy:\u00a0<strong><a href=\"tel:+491721570178\">+491721570178<\/a><\/strong><\/p>\n<p dir=\"ltr\">E-Mail:<strong>\u00a0<a href=\"mailto:info@twitting.eu\">info@twitting.eu<\/a><\/strong><\/p>\n<p dir=\"ltr\"><strong><a href=\"https:\/\/wa.me\/491721570178\">WhatsApp<\/a><\/strong><\/p>\n","protected":false},"excerpt":{"rendered":"<p>Bei einer internationalen Scheidung gibt oft dasselbe Problem: Gerichtliche Zustellung ins Ausland, wo der andere Ehepartner lebt. Das Familiengericht darf n\u00e4mlich die Scheidungskorrespondenz an Ihren Ehepartner nicht elektronisch, also z.B. per E-Mail, zustellen. Dieses ist gesetzlich so geregelt. Es gibt &hellip; <a href=\"https:\/\/scheidung-beratung-online.de\/?page_id=3826\">Weiterlesen <span class=\"meta-nav\">&rarr;<\/span><\/a><\/p>\n","protected":false},"author":1,"featured_media":0,"parent":0,"menu_order":0,"comment_status":"closed","ping_status":"closed","template":"","meta":[],"aioseo_notices":[],"acf":[],"_links":{"self":[{"href":"https:\/\/scheidung-beratung-online.de\/index.php?rest_route=\/wp\/v2\/pages\/3826"}],"collection":[{"href":"https:\/\/scheidung-beratung-online.de\/index.php?rest_route=\/wp\/v2\/pages"}],"about":[{"href":"https:\/\/scheidung-beratung-online.de\/index.php?rest_route=\/wp\/v2\/types\/page"}],"author":[{"embeddable":true,"href":"https:\/\/scheidung-beratung-online.de\/index.php?rest_route=\/wp\/v2\/users\/1"}],"replies":[{"embeddable":true,"href":"https:\/\/scheidung-beratung-online.de\/index.php?rest_route=%2Fwp%2Fv2%2Fcomments&post=3826"}],"version-history":[{"count":3,"href":"https:\/\/scheidung-beratung-online.de\/index.php?rest_route=\/wp\/v2\/pages\/3826\/revisions"}],"predecessor-version":[{"id":3831,"href":"https:\/\/scheidung-beratung-online.de\/index.php?rest_route=\/wp\/v2\/pages\/3826\/revisions\/3831"}],"wp:attachment":[{"href":"https:\/\/scheidung-beratung-online.de\/index.php?rest_route=%2Fwp%2Fv2%2Fmedia&parent=3826"}],"curies":[{"name":"wp","href":"https:\/\/api.w.org\/{rel}","templated":true}]}}