{"id":3857,"date":"2025-09-28T19:01:39","date_gmt":"2025-09-28T18:01:39","guid":{"rendered":"https:\/\/scheidung-beratung-online.de\/?page_id=3857"},"modified":"2025-09-28T19:01:40","modified_gmt":"2025-09-28T18:01:40","slug":"internationale-scheidung-folgesachen-detailliert-erklaert","status":"publish","type":"page","link":"https:\/\/scheidung-beratung-online.de\/?page_id=3857","title":{"rendered":"Internationale Scheidung &#8211; Folgesachen detailliert erkl\u00e4rt"},"content":{"rendered":"\n<p><\/p>\n\n\n\n<p>Internationale Ehen sind l\u00e4ngst Alltag. Kommt es zur <a href=\"https:\/\/scheidung-beratung-online.de\/?page_id=2342\" target=\"_blank\" rel=\"noopener\">Scheidung<\/a>, stellen sich nicht nur Fragen zur Zust\u00e4ndigkeit des Gerichts und zum anwendbaren Recht, sondern vor allem zu den Scheidungsfolgesachen. Diese betreffen das Leben nach der Scheidung unmittelbar: die Kinder, das Verm\u00f6gen, den Unterhalt und die Altersvorsorge.<\/p>\n\n\n\n<p>Nachfolgend finden Sie eine \u00dcbersicht \u00fcber die wichtigsten Themen, die internationale Paare im Rahmen einer Scheidung erwarten.<\/p>\n\n\n\n<h1>1. Sorgerecht und Umgangsrecht<a href=\"https:\/\/scheidung-beratung-online.de\/wp-content\/uploads\/2025\/07\/Address_unknown_AdobeStock_287689220-scaled.jpeg\"><img decoding=\"async\" loading=\"lazy\" class=\"alignright wp-image-3799\" src=\"https:\/\/scheidung-beratung-online.de\/wp-content\/uploads\/2025\/07\/Address_unknown_AdobeStock_287689220-300x162.jpeg\" alt=\"\" width=\"450\" height=\"243\" srcset=\"https:\/\/scheidung-beratung-online.de\/wp-content\/uploads\/2025\/07\/Address_unknown_AdobeStock_287689220-300x162.jpeg 300w, https:\/\/scheidung-beratung-online.de\/wp-content\/uploads\/2025\/07\/Address_unknown_AdobeStock_287689220-1024x552.jpeg 1024w, https:\/\/scheidung-beratung-online.de\/wp-content\/uploads\/2025\/07\/Address_unknown_AdobeStock_287689220-768x414.jpeg 768w, https:\/\/scheidung-beratung-online.de\/wp-content\/uploads\/2025\/07\/Address_unknown_AdobeStock_287689220-1536x828.jpeg 1536w, https:\/\/scheidung-beratung-online.de\/wp-content\/uploads\/2025\/07\/Address_unknown_AdobeStock_287689220-2048x1104.jpeg 2048w, https:\/\/scheidung-beratung-online.de\/wp-content\/uploads\/2025\/07\/Address_unknown_AdobeStock_287689220-500x269.jpeg 500w\" sizes=\"(max-width: 450px) 100vw, 450px\" \/><\/a><\/h1>\n\n\n\n<p>Das Kindeswohl steht im Mittelpunkt aller Entscheidungen. Bei internationalen Familien kommt hinzu, dass Kinder oft zwei Staatsangeh\u00f6rigkeiten besitzen oder zwischen zwei L\u00e4ndern pendeln.<\/p>\n\n\n\n<p>Zentrale Fragen sind:<\/p>\n\n\n\n<ul>\n<li>Welches Gericht ist f\u00fcr die Entscheidung zust\u00e4ndig?<\/li>\n<\/ul>\n\n\n\n<ul>\n<li>Welches Recht ist anzuwenden (deutsches oder ausl\u00e4ndisches)?<\/li>\n<\/ul>\n\n\n\n<ul>\n<li>Was passiert, wenn ein Elternteil mit dem Kind aus dem Ausland wieder nach Deutschland zur\u00fcck will?<\/li>\n<\/ul>\n\n\n\n<p>Wichtige Punkte f\u00fcr internationale Paare:<\/p>\n\n\n\n<p>Grunds\u00e4tzlich sind f\u00fcr Kindschaftsfragen die Gerichte an dem Ort zust\u00e4ndig, an dem die Kinder wohnen. Aber: Geht es darum, eine Kindeswohlgef\u00e4hrdung abzuwehren, k\u00f6nnen deutsche Gerichte die Zust\u00e4ndigkeit auch dann an sich ziehen, wenn die Kinder ihren gew\u00f6hnlichen Aufenthalt im Ausland haben.<\/p>\n\n\n\n<p>Bei widerrechtlicher Verbringung eines Kindes ins Ausland greift das Haager Kindesentf\u00fchrungs\u00fcbereinkommen (HK\u00dc): Das Kind muss in der Regel zur\u00fcckgef\u00fchrt werden.<\/p>\n\n\n\n<p>Praxisbeispiel:<br>Eine deutsche Mutter und ein italienischer Vater leben mit ihrem Kind in M\u00fcnchen. Nach der Trennung will der Vater nach Italien zur\u00fcckkehren und das Kind mitnehmen. Ohne Zustimmung der Mutter ist dies nicht erlaubt. Im Eilverfahren kann das Familiengericht den Aufenthalt des Kindes sichern.<\/p>\n\n\n\n<h1>2. Verm\u00f6gensauseinandersetzung und G\u00fcterrecht<\/h1>\n\n\n\n<p>Internationale Paare verf\u00fcgen oft \u00fcber Verm\u00f6gen in mehreren L\u00e4ndern: Immobilien, Bankkonten, Unternehmensbeteiligungen oder Erbschaften.<\/p>\n\n\n\n<p>Grundsatz in Deutschland:<br>Wenn kein Ehevertrag existiert, gilt die Zugewinngemeinschaft. Dabei wird das w\u00e4hrend der Ehe erworbene Verm\u00f6gen ausgeglichen.<\/p>\n\n\n\n<p>Herausforderungen im internationalen Kontext:<\/p>\n\n\n\n<p>Immobilien im Ausland unterliegen in der Regel dem Recht des Landes, in dem sie belegen sind.<\/p>\n\n\n\n<p>Bankkonten oder Beteiligungen m\u00fcssen oft \u00fcber ausl\u00e4ndische Gerichte oder Beh\u00f6rden im laufenden Scheidungsverfahren ber\u00fccksichtigt werden. Unterschiedliche Rechtsordnungen k\u00f6nnen v\u00f6llig verschiedene G\u00fcterst\u00e4nde vorsehen (z. B. G\u00fctertrennung in Frankreich oder Spanien).<\/p>\n\n\n\n<p>Unsere Empfehlung:<\/p>\n\n\n\n<ul style=\"list-style-type: square;\">\n<li>Fr\u00fchzeitige Bestandsaufnahme aller Verm\u00f6genswerte im In- und Ausland.<\/li>\n<\/ul>\n\n\n\n<ul style=\"list-style-type: square;\">\n<li>Pr\u00fcfung, ob eine Rechtswahl nach EU-G\u00fcterverordnungen m\u00f6glich ist.<\/li>\n<\/ul>\n\n\n\n<ul style=\"list-style-type: square;\">\n<li>Gezielte Vereinbarungen im Scheidungsverfahren, um sp\u00e4tere Vollstreckungsprobleme zu vermeiden.<\/li>\n<\/ul>\n\n\n\n<h1>3. Versorgungsausgleich (Renten und Altersvorsorge)<\/h1>\n\n\n\n<p>Der Versorgungsausgleich regelt den Ausgleich der w\u00e4hrend der Ehe erworbenen Rentenanwartschaften.<\/p>\n\n\n\n<p>Besonderheit bei internationalen Ehen:<\/p>\n\n\n\n<ul style=\"list-style-type: disc;\">\n<li>Neben deutschen Rentenanspr\u00fcchen k\u00f6nnen auch ausl\u00e4ndische Anwartschaften (z. B. in der Schweiz, Italien oder den USA) betroffen sein.<\/li>\n<\/ul>\n\n\n\n<ul style=\"list-style-type: disc;\">\n<li>Deutsche Gerichte beziehen diese Anspr\u00fcche grunds\u00e4tzlich ein \u2013 die praktische Durchsetzung ist aber oft schwierig.<\/li>\n<\/ul>\n\n\n\n<ul style=\"list-style-type: disc;\">\n<li>Wenn ein Ausgleich technisch nicht m\u00f6glich ist, wird h\u00e4ufig ein Wertausgleich durch Abfindung vereinbart.<\/li>\n<\/ul>\n\n\n\n<p>Beispiel:<br>Ein deutscher Ehepartner hat in Deutschland gesetzliche Rentenanwartschaften erworben, der andere hat in den Niederlanden Beitr\u00e4ge gezahlt. W\u00e4hrend die deutschen Anspr\u00fcche problemlos geteilt werden k\u00f6nnen, muss bei den niederl\u00e4ndischen Anwartschaften eine gesonderte Pr\u00fcfung und ggf. eine Abfindungsregelung erfolgen.<\/p>\n\n\n\n<h1>4. Unterhalt (Kindes- und Ehegattenunterhalt)<\/h1>\n\n\n\n<p>Auch beim Unterhalt spielen internationale Aspekte eine gro\u00dfe Rolle:<\/p>\n\n\n\n<p>Kindesunterhalt richtet sich nach dem Recht des Landes, in dem das Kind lebt, es sei denn, es besteht eine engere Verbindung des Kindes nach Deutschland.<\/p>\n\n\n\n<p>Ehegattenunterhalt kann sowohl nach deutschem als auch nach ausl\u00e4ndischem Recht unterschiedlich hoch ausfallen.<\/p>\n\n\n\n<p>Die Vollstreckung von Unterhaltstiteln im Ausland erfolgt innerhalb der EU relativ einfach, au\u00dferhalb der EU oft nur mit zus\u00e4tzlichem Aufwand.<\/p>\n\n\n\n<h1>5. Praktische Tipps f\u00fcr internationale Paare<\/h1>\n\n\n\n<p>Dokumente fr\u00fchzeitig sichern: Heiratsurkunden, Geburtsurkunden der Kinder, Einkommensnachweise und Rentenbescheide sollten vollst\u00e4ndig und \u2013 falls n\u00f6tig \u2013 \u00fcbersetzt vorliegen.<\/p>\n\n\n\n<p>Gerichtliche Eilverfahren nutzen: Besonders im Sorgerecht k\u00f6nnen schnelle Entscheidungen n\u00f6tig sein, wenn ein Umzug nach Deutschland beabsichtigt ist.<\/p>\n\n\n\n<p>Rechtswahl pr\u00fcfen: In vielen F\u00e4llen k\u00f6nnen internationale Paare selbst entscheiden, ob deutsches oder ausl\u00e4ndisches Recht gelten soll.<\/p>\n\n\n\n<p>Internationale Scheidungen sind komplex, weil sie \u00fcber die reine Trennung hinaus tief in die Zukunftsplanung der Familie eingreifen: Wo leben die Kinder, wie wird das Verm\u00f6gen aufgeteilt, wie sichern sich beide Partner im Alter ab?<\/p>\n\n\n\n<p><strong>Fazit<\/strong><\/p>\n\n\n\n<p>Mit \u00fcber 25 Jahren Erfahrung im internationalen Familienrecht biete ich Ihnen eine ma\u00dfgeschneiderte Beratung, die alle Scheidungsfolgesachen ber\u00fccksichtigt \u2014 vom Sorgerecht \u00fcber das Verm\u00f6gen bis hin zum Versorgungsausgleich.<\/p>\n\n\n\n<p>\ud83d\udc49 Kontaktieren Sie uns jetzt \u00fcber <a href=\"https:\/\/www.scheidung-beratung-online.de\">www.scheidung-beratung-online.de<\/a> f\u00fcr eine kostenlose Ersteinsch\u00e4tzung. Ihre internationale Scheidung in Deutschland beginnt mit einem Klick.<\/p>\n\n\n\n<p>Festnetz aus Deutschland:&nbsp;<a href=\"tel:+492331409319\"><strong>02331 409319<\/strong><\/a><\/p>\n\n\n\n<p>Festnetz aus dem Ausland:&nbsp;<a href=\"tel:+492331409319\"><strong>+492331409319<\/strong><\/a><\/p>\n\n\n\n<p>Handy:&nbsp;<strong><a href=\"tel:+491721570178\">+491721570178<\/a><\/strong><\/p>\n\n\n\n<p>E-Mail:<strong>&nbsp;<a href=\"mailto:info@twitting.eu\">info@twitting.eu<\/a><\/strong><\/p>\n\n\n\n<p><strong><a href=\"https:\/\/wa.me\/491721570178\">WhatsApp<\/a><\/strong><\/p>\n\n\n\n\n","protected":false},"excerpt":{"rendered":"<p>Internationale Ehen sind l\u00e4ngst Alltag. Kommt es zur Scheidung, stellen sich nicht nur Fragen zur Zust\u00e4ndigkeit des Gerichts und zum anwendbaren Recht, sondern vor allem zu den Scheidungsfolgesachen. Diese betreffen das Leben nach der Scheidung unmittelbar: die Kinder, das Verm\u00f6gen, &hellip; <a href=\"https:\/\/scheidung-beratung-online.de\/?page_id=3857\">Weiterlesen <span class=\"meta-nav\">&rarr;<\/span><\/a><\/p>\n","protected":false},"author":1,"featured_media":0,"parent":0,"menu_order":0,"comment_status":"closed","ping_status":"closed","template":"","meta":[],"aioseo_notices":[],"acf":[],"_links":{"self":[{"href":"https:\/\/scheidung-beratung-online.de\/index.php?rest_route=\/wp\/v2\/pages\/3857"}],"collection":[{"href":"https:\/\/scheidung-beratung-online.de\/index.php?rest_route=\/wp\/v2\/pages"}],"about":[{"href":"https:\/\/scheidung-beratung-online.de\/index.php?rest_route=\/wp\/v2\/types\/page"}],"author":[{"embeddable":true,"href":"https:\/\/scheidung-beratung-online.de\/index.php?rest_route=\/wp\/v2\/users\/1"}],"replies":[{"embeddable":true,"href":"https:\/\/scheidung-beratung-online.de\/index.php?rest_route=%2Fwp%2Fv2%2Fcomments&post=3857"}],"version-history":[{"count":7,"href":"https:\/\/scheidung-beratung-online.de\/index.php?rest_route=\/wp\/v2\/pages\/3857\/revisions"}],"predecessor-version":[{"id":3864,"href":"https:\/\/scheidung-beratung-online.de\/index.php?rest_route=\/wp\/v2\/pages\/3857\/revisions\/3864"}],"wp:attachment":[{"href":"https:\/\/scheidung-beratung-online.de\/index.php?rest_route=%2Fwp%2Fv2%2Fmedia&parent=3857"}],"curies":[{"name":"wp","href":"https:\/\/api.w.org\/{rel}","templated":true}]}}