{"id":3985,"date":"2025-11-23T11:45:27","date_gmt":"2025-11-23T10:45:27","guid":{"rendered":"https:\/\/scheidung-beratung-online.de\/?page_id=3985"},"modified":"2025-11-23T11:48:29","modified_gmt":"2025-11-23T10:48:29","slug":"scheidung-von-niederlaendischem-ehepartner-deutsches-oder-niederlaendisches-recht","status":"publish","type":"page","link":"https:\/\/scheidung-beratung-online.de\/?page_id=3985","title":{"rendered":"Scheidung von niederl\u00e4ndischem Ehepartner &#8211; deutsches oder niederl\u00e4ndisches Recht?"},"content":{"rendered":"\n<p data-start=\"659\" data-end=\"900\"><span style=\"font-size: 16px;\">Immer mehr Niederl\u00e4nder leben dauerhaft in Deutschland. Kommt es zur Trennung, stellt sich schnell die Frage:<\/span><br data-start=\"768\" data-end=\"771\" \/><span style=\"font-size: 16px;\"><strong data-start=\"771\" data-end=\"900\">Soll die Scheidung nach deutschem oder nach niederl\u00e4ndischem Recht erfolgen \u2013 und welche Vor- oder Nachteile hat das jeweils?<\/strong><\/span><\/p>\n<p data-start=\"902\" data-end=\"1083\"><span style=\"font-size: 16px;\">Dieser umfassende Leitfaden erkl\u00e4rt, wann deutsche Gerichte zust\u00e4ndig sind, welches Recht zur Anwendung kommt und welche Besonderheiten das niederl\u00e4ndische Scheidungsrecht aufweist.<\/span><\/p>\n<h1 data-start=\"1090\" data-end=\"1169\"><span style=\"font-size: 16px;\"><strong data-start=\"1093\" data-end=\"1169\">1. Zust\u00e4ndigkeit: In den meisten F\u00e4llen entscheidet das deutsche Gericht<\/strong><\/span><\/h1>\n<p data-start=\"1171\" data-end=\"1318\"><span style=\"font-size: 16px;\">Nach der europ\u00e4ischen Br\u00fcssel-IIb-Verordnung (EU 2019\/1111) bestimmt der<a href=\"https:\/\/scheidung-beratung-online.de\/wp-content\/uploads\/2025\/11\/judge-hammer.jpg\"><img decoding=\"async\" loading=\"lazy\" class=\"alignright wp-image-3991\" src=\"https:\/\/scheidung-beratung-online.de\/wp-content\/uploads\/2025\/11\/judge-hammer-300x200.jpg\" alt=\"\" width=\"400\" height=\"267\" srcset=\"https:\/\/scheidung-beratung-online.de\/wp-content\/uploads\/2025\/11\/judge-hammer-300x200.jpg 300w, https:\/\/scheidung-beratung-online.de\/wp-content\/uploads\/2025\/11\/judge-hammer-1024x682.jpg 1024w, https:\/\/scheidung-beratung-online.de\/wp-content\/uploads\/2025\/11\/judge-hammer-768x512.jpg 768w, https:\/\/scheidung-beratung-online.de\/wp-content\/uploads\/2025\/11\/judge-hammer-1536x1024.jpg 1536w, https:\/\/scheidung-beratung-online.de\/wp-content\/uploads\/2025\/11\/judge-hammer-450x300.jpg 450w, https:\/\/scheidung-beratung-online.de\/wp-content\/uploads\/2025\/11\/judge-hammer.jpg 1688w\" sizes=\"(max-width: 400px) 100vw, 400px\" \/><\/a> <strong data-start=\"1244\" data-end=\"1270\">gew\u00f6hnliche Aufenthalt<\/strong> der Ehegatten die internationale Zust\u00e4ndigkeit.<\/span><\/p>\n<p data-start=\"1320\" data-end=\"1385\"><span style=\"font-size: 16px;\">Ein deutsches Familiengericht ist typischerweise zust\u00e4ndig, wenn:<\/span><\/p>\n<ul data-start=\"1387\" data-end=\"1547\">\n<li data-start=\"1387\" data-end=\"1438\">\n<p data-start=\"1389\" data-end=\"1438\"><span style=\"font-size: 16px;\">beide Ehegatten dauerhaft in Deutschland leben,<\/span><\/p>\n<\/li>\n<li data-start=\"1439\" data-end=\"1499\">\n<p data-start=\"1441\" data-end=\"1499\"><span style=\"font-size: 16px;\">oder einer der beiden hier seinen Lebensmittelpunkt hat.<\/span><\/p>\n<\/li>\n<\/ul>\n<p data-start=\"1549\" data-end=\"1596\"><span style=\"font-size: 16px;\">Die Staatsangeh\u00f6rigkeit spielt <strong data-start=\"1580\" data-end=\"1595\">keine Rolle<\/strong>.<\/span><\/p>\n<p data-start=\"1598\" data-end=\"1747\"><span style=\"font-size: 16px;\"><strong data-start=\"1598\" data-end=\"1678\">F\u00fcr niederl\u00e4ndische Staatsb\u00fcrger mit Aufenthalt in Deutschland bedeutet das:<\/strong><\/span><br data-start=\"1678\" data-end=\"1681\" \/><span style=\"font-size: 16px;\">Die Scheidung findet fast immer vor einem deutschen Gericht statt.<\/span><\/p>\n<h1 data-start=\"1754\" data-end=\"1813\"><span style=\"font-size: 16px;\"><strong data-start=\"1757\" data-end=\"1813\">2. Welches Recht gilt? \u2013 Normalfall: deutsches Recht<\/strong><\/span><\/h1>\n<p data-start=\"1815\" data-end=\"1924\"><span style=\"font-size: 16px;\">Die Frage nach dem <em data-start=\"1834\" data-end=\"1863\">anwendbaren Scheidungsrecht<\/em> richtet sich in Deutschland nach der <strong data-start=\"1901\" data-end=\"1923\">Rom-III-Verordnung<\/strong>.<\/span><\/p>\n<h3 data-start=\"1926\" data-end=\"2003\"><span style=\"font-size: 16px;\"><strong data-start=\"1930\" data-end=\"1996\">Ohne besondere Vereinbarung gilt grunds\u00e4tzlich deutsches Recht<\/strong>, wenn:<\/span><\/h3>\n<ul data-start=\"2005\" data-end=\"2102\">\n<li data-start=\"2005\" data-end=\"2050\">\n<p data-start=\"2007\" data-end=\"2050\"><span style=\"font-size: 16px;\">beide Ehegatten in Deutschland leben oder<\/span><\/p>\n<\/li>\n<li data-start=\"2051\" data-end=\"2102\">\n<p data-start=\"2053\" data-end=\"2102\"><span style=\"font-size: 16px;\">die Ehe am engsten mit Deutschland verbunden ist.<\/span><\/p>\n<\/li>\n<\/ul>\n<p data-start=\"2104\" data-end=\"2207\"><span style=\"font-size: 16px;\">Das bedeutet:<\/span><br data-start=\"2117\" data-end=\"2120\" \/><span style=\"font-size: 16px;\"><strong data-start=\"2120\" data-end=\"2207\">Trennungsjahr \u2013 Versorgungsausgleich \u2013 Verfahren vor dem deutschen Familiengericht.<\/strong><\/span><\/p>\n<h1 data-start=\"2214\" data-end=\"2296\"><span style=\"font-size: 16px;\"><strong data-start=\"2217\" data-end=\"2296\">3. M\u00f6glichkeit einer <a href=\"https:\/\/scheidung-beratung-online.de\/?p=3922\" target=\"_blank\" rel=\"noopener\">Rechtswahl<\/a>: Niederl\u00e4ndisches Recht kann gew\u00e4hlt werden<\/strong><\/span><\/h1>\n<p data-start=\"2298\" data-end=\"2418\"><span style=\"font-size: 16px;\">Ehepaare k\u00f6nnen ausdr\u00fccklich bestimmen, dass <strong data-start=\"2343\" data-end=\"2379\">niederl\u00e4ndisches Scheidungsrecht<\/strong> gelten soll.<\/span><br data-start=\"2392\" data-end=\"2395\" \/><span style=\"font-size: 16px;\">Dies ist m\u00f6glich, wenn:<\/span><\/p>\n<ul data-start=\"2420\" data-end=\"2551\">\n<li data-start=\"2420\" data-end=\"2501\">\n<p data-start=\"2422\" data-end=\"2501\"><span style=\"font-size: 16px;\">mindestens ein Ehegatte die niederl\u00e4ndische Staatsangeh\u00f6rigkeit besitzt, oder<\/span><\/p>\n<\/li>\n<li data-start=\"2502\" data-end=\"2551\">\n<p data-start=\"2504\" data-end=\"2551\"><span style=\"font-size: 16px;\">beide fr\u00fcher in den Niederlanden gewohnt haben.<\/span><\/p>\n<\/li>\n<\/ul>\n<p data-start=\"2553\" data-end=\"2629\"><span style=\"font-size: 16px;\">Die Rechtswahl muss schriftlich erfolgen und von beiden unterschrieben sein.<\/span><\/p>\n<h1 data-start=\"2636\" data-end=\"2704\"><span style=\"font-size: 16px;\"><strong data-start=\"2638\" data-end=\"2704\">4. Voraussetzungen einer Scheidung nach niederl\u00e4ndischem Recht<\/strong><\/span><\/h1>\n<p data-start=\"2706\" data-end=\"2770\"><span style=\"font-size: 16px;\">Wird niederl\u00e4ndisches Recht gew\u00e4hlt, gelten folgende Grunds\u00e4tze:<\/span><\/p>\n<h2 data-start=\"2772\" data-end=\"2858\"><span style=\"font-size: 16px;\"><strong data-start=\"2776\" data-end=\"2856\">a. Einziger Scheidungsgrund: \u201eDuurzame ontwrichting\u201c \u2013 dauerhafte Zerr\u00fcttung<\/strong><\/span><\/h2>\n<p data-start=\"2859\" data-end=\"2938\"><span style=\"font-size: 16px;\">Es gen\u00fcgt, wenn ein Ehegatte erkl\u00e4rt, dass die Ehe endg\u00fcltig gescheitert ist.<\/span><\/p>\n<ul data-start=\"2939\" data-end=\"3030\">\n<li data-start=\"2939\" data-end=\"2961\">\n<p data-start=\"2941\" data-end=\"2961\"><span style=\"font-size: 16px;\">Kein Trennungsjahr<\/span><\/p>\n<\/li>\n<li data-start=\"2962\" data-end=\"2998\">\n<p data-start=\"2964\" data-end=\"2998\"><span style=\"font-size: 16px;\">Keine detaillierten Begr\u00fcndungen<\/span><\/p>\n<\/li>\n<li data-start=\"2999\" data-end=\"3030\">\n<p data-start=\"3001\" data-end=\"3030\"><span style=\"font-size: 16px;\">Keine Beweisf\u00fchrung notwendig<\/span><\/p>\n<\/li>\n<\/ul>\n<h2 data-start=\"3032\" data-end=\"3062\"><span style=\"font-size: 16px;\"><strong data-start=\"3036\" data-end=\"3060\">b. Keine Schuldfrage<\/strong><\/span><\/h2>\n<p data-start=\"3063\" data-end=\"3118\"><span style=\"font-size: 16px;\">Wer \u201eschuld\u201c an der Trennung tr\u00e4gt, spielt keine Rolle.<\/span><\/p>\n<h2 data-start=\"3120\" data-end=\"3169\"><span style=\"font-size: 16px;\"><strong data-start=\"3124\" data-end=\"3167\">c. Einseitiger Scheidungsantrag m\u00f6glich<\/strong><\/span><\/h2>\n<p data-start=\"3170\" data-end=\"3220\"><span style=\"font-size: 16px;\">Ein Ehegatte kann allein die Scheidung beantragen.<\/span><\/p>\n<h2 data-start=\"3222\" data-end=\"3274\"><span style=\"font-size: 16px;\"><strong data-start=\"3226\" data-end=\"3272\">d. Kein automatischer Versorgungsausgleich<\/strong><\/span><\/h2>\n<p data-start=\"3275\" data-end=\"3367\"><span style=\"font-size: 16px;\">Pensionsanspr\u00fcche werden <strong data-start=\"3300\" data-end=\"3321\">nicht automatisch<\/strong> geteilt und m\u00fcssen gesondert geregelt werden.<\/span><\/p>\n<h1 data-start=\"3374\" data-end=\"3439\"><span style=\"font-size: 16px;\"><strong data-start=\"3376\" data-end=\"3439\">5. Vorteile und Nachteile niederl\u00e4ndischen Scheidungsrechts<\/strong><\/span><\/h1>\n<h2 data-start=\"3441\" data-end=\"3456\"><span style=\"font-size: 16px;\"><strong data-start=\"3444\" data-end=\"3456\">Vorteile<\/strong><\/span><\/h2>\n<h2 data-start=\"3458\" data-end=\"3489\"><span style=\"font-size: 16px;\"><strong data-start=\"3462\" data-end=\"3487\">a. Kein Trennungsjahr<\/strong><\/span><\/h2>\n<p data-start=\"3490\" data-end=\"3535\"><span style=\"font-size: 16px;\">Die Scheidung kann sofort eingereicht werden.<\/span><\/p>\n<h1 data-start=\"3537\" data-end=\"3589\"><span style=\"font-size: 16px;\"><strong data-start=\"3541\" data-end=\"3587\">b. Einfacher und schneller Scheidungsgrund<\/strong><\/span><\/h1>\n<p data-start=\"3590\" data-end=\"3663\"><span style=\"font-size: 16px;\">\u201eDauerhafte Zerr\u00fcttung\u201c reicht aus \u2013 sehr klare und unkomplizierte Regel.<\/span><\/p>\n<h2 data-start=\"3665\" data-end=\"3706\"><span style=\"font-size: 16px;\"><strong data-start=\"3669\" data-end=\"3704\">c. Einseitige Scheidung m\u00f6glich<\/strong><\/span><\/h2>\n<p data-start=\"3707\" data-end=\"3765\"><span style=\"font-size: 16px;\">Der andere Ehepartner kann das Verfahren nicht verhindern.<\/span><\/p>\n<h1 data-start=\"3767\" data-end=\"3800\"><span style=\"font-size: 16px;\"><strong data-start=\"3771\" data-end=\"3798\">d. Weniger Formalit\u00e4ten<\/strong><\/span><\/h1>\n<p data-start=\"3801\" data-end=\"3865\"><span style=\"font-size: 16px;\">Besonders geeignet f\u00fcr Paare, die bereits l\u00e4nger getrennt leben.<\/span><\/p>\n<h2 data-start=\"3872\" data-end=\"3888\"><span style=\"font-size: 16px;\"><strong data-start=\"3875\" data-end=\"3888\">Nachteile<\/strong><\/span><\/h2>\n<h2 data-start=\"3890\" data-end=\"3931\"><span style=\"font-size: 16px;\"><strong data-start=\"3894\" data-end=\"3929\">a. G\u00fcterrecht kann komplex sein<\/strong><\/span><\/h2>\n<p data-start=\"3932\" data-end=\"4060\"><span style=\"font-size: 16px;\">Insbesondere bei Ehen, die vor 2018 in den Niederlanden geschlossen wurden, kann eine <strong data-start=\"4018\" data-end=\"4052\">vollst\u00e4ndige G\u00fctergemeinschaft<\/strong> gelten.<\/span><\/p>\n<h2 data-start=\"4062\" data-end=\"4107\"><span style=\"font-size: 16px;\"><strong data-start=\"4066\" data-end=\"4105\">b. Keine automatische Rententeilung<\/strong><\/span><\/h2>\n<p data-start=\"4108\" data-end=\"4146\"><span style=\"font-size: 16px;\">Gefahr unvollst\u00e4ndiger Vereinbarungen.<\/span><\/p>\n<h2 data-start=\"4148\" data-end=\"4199\"><span style=\"font-size: 16px;\"><strong data-start=\"4152\" data-end=\"4197\">c. Unterhalt bleibt meist deutsches Recht<\/strong><\/span><\/h2>\n<p data-start=\"4200\" data-end=\"4276\"><span style=\"font-size: 16px;\">Da Unterhalt h\u00e4ufig nach dem Aufenthaltsort des Berechtigten beurteilt wird.<\/span><\/p>\n<h2 data-start=\"4278\" data-end=\"4345\"><span style=\"font-size: 16px;\"><strong data-start=\"4282\" data-end=\"4343\">d. Deutsches Gericht muss niederl\u00e4ndisches Recht anwenden<\/strong><\/span><\/h2>\n<p data-start=\"4346\" data-end=\"4410\"><span style=\"font-size: 16px;\">Einzelne Detailfragen k\u00f6nnen dadurch schwerer vorhersehbar sein.<\/span><\/p>\n<h1 data-start=\"4417\" data-end=\"4491\"><span style=\"font-size: 16px;\"><strong data-start=\"4420\" data-end=\"4491\">6. Ablauf einer Scheidung in Deutschland mit niederl\u00e4ndischem Bezug<\/strong><\/span><\/h1>\n<p data-start=\"4493\" data-end=\"4566\"><span style=\"font-size: 16px;\">Der Ablauf entspricht im Wesentlichen einer normalen deutschen Scheidung:<\/span><\/p>\n<ol data-start=\"4568\" data-end=\"4757\">\n<li data-start=\"4568\" data-end=\"4585\">\n<p data-start=\"4571\" data-end=\"4585\"><span style=\"font-size: 16px;\">Erstberatung<\/span><\/p>\n<\/li>\n<li data-start=\"4586\" data-end=\"4631\">\n<p data-start=\"4589\" data-end=\"4631\"><span style=\"font-size: 16px;\">Pr\u00fcfung von Zust\u00e4ndigkeit und Rechtswahl<\/span><\/p>\n<\/li>\n<li data-start=\"4632\" data-end=\"4670\">\n<p data-start=\"4635\" data-end=\"4670\"><span style=\"font-size: 16px;\">Einreichung des Scheidungsantrags<\/span><\/p>\n<\/li>\n<li data-start=\"4671\" data-end=\"4714\">\n<p data-start=\"4674\" data-end=\"4714\"><span style=\"font-size: 16px;\">Versorgungsausgleich (falls anwendbar)<\/span><\/p>\n<\/li>\n<li data-start=\"4715\" data-end=\"4734\">\n<p data-start=\"4718\" data-end=\"4734\"><span style=\"font-size: 16px;\">Gerichtstermin<\/span><\/p>\n<\/li>\n<li data-start=\"4735\" data-end=\"4757\">\n<p data-start=\"4738\" data-end=\"4757\"><span style=\"font-size: 16px;\">Scheidungsbeschluss<\/span><\/p>\n<\/li>\n<\/ol>\n<p data-start=\"4759\" data-end=\"4847\"><span style=\"font-size: 16px;\">Das gesamte Verfahren kann vollst\u00e4ndig <strong data-start=\"4798\" data-end=\"4808\">online<\/strong> beantragt werden.<\/span><\/p>\n<h1 data-start=\"4854\" data-end=\"4905\"><span style=\"font-size: 16px;\"><strong data-start=\"4857\" data-end=\"4905\">7. Wann ist niederl\u00e4ndisches Recht sinnvoll?<\/strong><\/span><\/h1>\n<p data-start=\"4907\" data-end=\"4948\"><span style=\"font-size: 16px;\">Eine Rechtswahl kann sinnvoll sein, wenn:<\/span><\/p>\n<ul data-start=\"4950\" data-end=\"5161\">\n<li data-start=\"4950\" data-end=\"5000\">\n<p data-start=\"4952\" data-end=\"5000\"><span style=\"font-size: 16px;\">die Scheidung m\u00f6glichst schnell erfolgen soll,<\/span><\/p>\n<\/li>\n<li data-start=\"5001\" data-end=\"5045\">\n<p data-start=\"5003\" data-end=\"5045\"><span style=\"font-size: 16px;\">kein Versorgungsausgleich gew\u00fcnscht ist,<\/span><\/p>\n<\/li>\n<li data-start=\"5046\" data-end=\"5095\">\n<p data-start=\"5048\" data-end=\"5095\"><span style=\"font-size: 16px;\">niederl\u00e4ndische G\u00fcterregeln bevorzugt werden,<\/span><\/p>\n<\/li>\n<li data-start=\"5096\" data-end=\"5161\">\n<p data-start=\"5098\" data-end=\"5161\"><span style=\"font-size: 16px;\">die Eheleute weiterhin eng mit den Niederlanden verbunden sind.<\/span><\/p>\n<\/li>\n<\/ul>\n<p data-start=\"5163\" data-end=\"5275\"><span style=\"font-size: 16px;\">Lebt das Paar seit Jahren vollst\u00e4ndig in Deutschland, ist <strong data-start=\"5221\" data-end=\"5275\">deutsches Recht meistens klarer und berechenbarer.<\/strong><\/span><\/p>\n<h1 data-start=\"5282\" data-end=\"5297\"><span style=\"font-size: 16px;\"><strong data-start=\"5285\" data-end=\"5297\">8. Fazit<\/strong><\/span><\/h1>\n<p data-start=\"5299\" data-end=\"5527\"><span style=\"font-size: 16px;\">Niederl\u00e4nder in Deutschland k\u00f6nnen sich problemlos vor deutschen Gerichten scheiden lassen.<\/span><br data-start=\"5390\" data-end=\"5393\" \/><span style=\"font-size: 16px;\">Standardm\u00e4\u00dfig gilt deutsches Recht \u2013 niederl\u00e4ndisches Recht kann jedoch gew\u00e4hlt werden, wenn dies f\u00fcr die Beteiligten vorteilhaft ist.<\/span><\/p>\n<p data-start=\"5529\" data-end=\"5630\"><span style=\"font-size: 16px;\">Ich berate Sie umfassend und f\u00fchre das gesamte Verfahren f\u00fcr Sie auf Wunsch vollst\u00e4ndig online durch.<\/span><\/p>\n<p><span style=\"font-size: 16px;\"><strong>Die Kanzlei Twitting ber\u00e4t Sie direkt:<\/strong><\/span><\/p>\n<p dir=\"ltr\"><span style=\"font-size: 16px;\">Festnetz aus Deutschland:\u00a0<a href=\"tel:+492331409319\"><strong>02331 409319<\/strong><\/a><\/span><\/p>\n<p dir=\"ltr\"><span style=\"font-size: 16px;\">Festnetz aus dem Ausland:\u00a0<a href=\"tel:+492331409319\"><strong>+492331409319<\/strong><\/a><\/span><\/p>\n<p dir=\"ltr\"><span style=\"font-size: 16px;\">Handy:\u00a0<strong><a href=\"tel:+491721570178\">+491721570178<\/a><\/strong><\/span><\/p>\n<p dir=\"ltr\"><span style=\"font-size: 16px;\">E-Mail:<strong>\u00a0<a href=\"mailto:info@twitting.eu\">info@twitting.eu<\/a><\/strong><\/span><\/p>\n<p dir=\"ltr\"><span style=\"font-size: 16px;\"><strong><a href=\"https:\/\/wa.me\/491721570178\">WhatsApp<\/a><\/strong><\/span><\/p>\n","protected":false},"excerpt":{"rendered":"<p>Immer mehr Niederl\u00e4nder leben dauerhaft in Deutschland. Kommt es zur Trennung, stellt sich schnell die Frage:Soll die Scheidung nach deutschem oder nach niederl\u00e4ndischem Recht erfolgen \u2013 und welche Vor- oder Nachteile hat das jeweils? Dieser umfassende Leitfaden erkl\u00e4rt, wann deutsche &hellip; <a href=\"https:\/\/scheidung-beratung-online.de\/?page_id=3985\">Weiterlesen <span class=\"meta-nav\">&rarr;<\/span><\/a><\/p>\n","protected":false},"author":1,"featured_media":0,"parent":0,"menu_order":0,"comment_status":"closed","ping_status":"closed","template":"","meta":[],"aioseo_notices":[],"acf":[],"_links":{"self":[{"href":"https:\/\/scheidung-beratung-online.de\/index.php?rest_route=\/wp\/v2\/pages\/3985"}],"collection":[{"href":"https:\/\/scheidung-beratung-online.de\/index.php?rest_route=\/wp\/v2\/pages"}],"about":[{"href":"https:\/\/scheidung-beratung-online.de\/index.php?rest_route=\/wp\/v2\/types\/page"}],"author":[{"embeddable":true,"href":"https:\/\/scheidung-beratung-online.de\/index.php?rest_route=\/wp\/v2\/users\/1"}],"replies":[{"embeddable":true,"href":"https:\/\/scheidung-beratung-online.de\/index.php?rest_route=%2Fwp%2Fv2%2Fcomments&post=3985"}],"version-history":[{"count":7,"href":"https:\/\/scheidung-beratung-online.de\/index.php?rest_route=\/wp\/v2\/pages\/3985\/revisions"}],"predecessor-version":[{"id":3993,"href":"https:\/\/scheidung-beratung-online.de\/index.php?rest_route=\/wp\/v2\/pages\/3985\/revisions\/3993"}],"wp:attachment":[{"href":"https:\/\/scheidung-beratung-online.de\/index.php?rest_route=%2Fwp%2Fv2%2Fmedia&parent=3985"}],"curies":[{"name":"wp","href":"https:\/\/api.w.org\/{rel}","templated":true}]}}