{"id":4214,"date":"2026-03-22T20:24:06","date_gmt":"2026-03-22T19:24:06","guid":{"rendered":"https:\/\/scheidung-beratung-online.de\/?page_id=4214"},"modified":"2026-03-22T20:29:58","modified_gmt":"2026-03-22T19:29:58","slug":"unterhalt-und-versorgungsausgleich-nach-chinesischem-recht","status":"publish","type":"page","link":"https:\/\/scheidung-beratung-online.de\/?page_id=4214","title":{"rendered":"Unterhalt und Versorgungsausgleich nach chinesischem Recht"},"content":{"rendered":"\n<h3 data-section-id=\"rpcixz\" data-start=\"299\" data-end=\"360\"><span style=\"font-size: 16px;\">Ein zentraler Unterschied zum deutschen Scheidungsrecht<\/span><\/h3>\n<p data-start=\"362\" data-end=\"509\"><span style=\"font-size: 16px;\">Wenn Sie sich nach <a href=\"https:\/\/scheidung-beratung-online.de\/?p=3069\" target=\"_blank\" rel=\"noopener\"><strong data-start=\"381\" data-end=\"403\">chinesischem Recht<\/strong><\/a> scheiden lassen, hat das erhebliche Auswirkungen auf Ihre wirtschaftliche Situation nach der Scheidung.<\/span><\/p>\n<p data-start=\"511\" data-end=\"599\"><span style=\"font-size: 16px;\">Viele Mandanten erwarten automatisch Regelungen wie im deutschen Recht \u2013 insbesondere:<\/span><\/p>\n<ul data-start=\"600\" data-end=\"668\">\n<li data-section-id=\"h0doyw\" data-start=\"600\" data-end=\"627\"><span style=\"font-size: 16px;\">nachehelichen Unterhalt<\/span><\/li>\n<li data-section-id=\"1c5nn9n\" data-start=\"628\" data-end=\"668\"><span style=\"font-size: 16px;\">Versorgungsausgleich (Rententeilung)<\/span><\/li>\n<\/ul>\n<p data-start=\"670\" data-end=\"739\"><span style=\"font-size: 16px;\">\ud83d\udc49 <strong data-start=\"673\" data-end=\"737\">Beides existiert in dieser Form im chinesischen Recht nicht.<\/strong><\/span><\/p>\n<p data-start=\"741\" data-end=\"815\"><span style=\"font-size: 16px;\">Das f\u00fchrt oft zu \u00fcberraschenden, aber auch sehr vorteilhaften Ergebnissen.<\/span><\/p>\n<hr data-start=\"817\" data-end=\"820\" \/>\n<h2 data-section-id=\"yz0nfa\" data-start=\"822\" data-end=\"874\"><span style=\"font-size: 16px;\">Nachehelicher Unterhalt nach chinesischem Recht<\/span><\/h2>\n<h3 data-section-id=\"abpvah\" data-start=\"876\" data-end=\"930\"><span style=\"font-size: 16px;\">Grundsatz: Eigenverantwortung nach der Scheidung<\/span><\/h3>\n<p data-start=\"932\" data-end=\"984\"><span style=\"font-size: 16px;\">Nach chinesischem Recht gilt ein klarer Grundsatz:<a href=\"https:\/\/scheidung-beratung-online.de\/wp-content\/uploads\/2026\/03\/chinesischen-Recht-ChatGPT-Image-22.-Maerz-2026-20_19_19.png\"><img decoding=\"async\" loading=\"lazy\" class=\"alignright wp-image-4224\" src=\"https:\/\/scheidung-beratung-online.de\/wp-content\/uploads\/2026\/03\/chinesischen-Recht-ChatGPT-Image-22.-Maerz-2026-20_19_19-300x200.png\" alt=\"\" width=\"400\" height=\"267\" srcset=\"https:\/\/scheidung-beratung-online.de\/wp-content\/uploads\/2026\/03\/chinesischen-Recht-ChatGPT-Image-22.-Maerz-2026-20_19_19-300x200.png 300w, https:\/\/scheidung-beratung-online.de\/wp-content\/uploads\/2026\/03\/chinesischen-Recht-ChatGPT-Image-22.-Maerz-2026-20_19_19-1024x683.png 1024w, https:\/\/scheidung-beratung-online.de\/wp-content\/uploads\/2026\/03\/chinesischen-Recht-ChatGPT-Image-22.-Maerz-2026-20_19_19-768x512.png 768w, https:\/\/scheidung-beratung-online.de\/wp-content\/uploads\/2026\/03\/chinesischen-Recht-ChatGPT-Image-22.-Maerz-2026-20_19_19-450x300.png 450w, https:\/\/scheidung-beratung-online.de\/wp-content\/uploads\/2026\/03\/chinesischen-Recht-ChatGPT-Image-22.-Maerz-2026-20_19_19.png 1536w\" sizes=\"(max-width: 400px) 100vw, 400px\" \/><\/a><\/span><\/p>\n<p data-start=\"986\" data-end=\"1098\"><span style=\"font-size: 16px;\">\ud83d\udc49 <strong data-start=\"989\" data-end=\"1096\">Nach der Scheidung ist jeder Ehepartner grunds\u00e4tzlich selbst f\u00fcr seinen Lebensunterhalt verantwortlich.<\/strong><\/span><\/p>\n<p data-start=\"1100\" data-end=\"1228\"><span style=\"font-size: 16px;\">Ein dauerhafter Unterhaltsanspruch \u2013 wie im deutschen Recht (z. B. wegen Ehe, Krankheit oder Alters) \u2013 ist <strong data-start=\"1207\" data-end=\"1227\">nicht vorgesehen<\/strong>.<\/span><\/p>\n<hr data-start=\"1230\" data-end=\"1233\" \/>\n<h3 data-section-id=\"1eqdc6q\" data-start=\"1235\" data-end=\"1262\"><span style=\"font-size: 16px;\">Gesetzliche Grundlage<\/span><\/h3>\n<p data-start=\"1264\" data-end=\"1373\"><span style=\"font-size: 16px;\">Die Regelungen finden sich heute im <strong data-start=\"1300\" data-end=\"1356\">Zivilgesetzbuch der Volksrepublik China (Civil Code)<\/strong>, insbesondere:<\/span><\/p>\n<ul data-start=\"1375\" data-end=\"1528\">\n<li data-section-id=\"13x3nvv\" data-start=\"1375\" data-end=\"1440\"><span style=\"font-size: 16px;\"><strong data-start=\"1377\" data-end=\"1401\">Art. 1090 Civil Code<\/strong>: wirtschaftliche Ausgleichsanspr\u00fcche<\/span><\/li>\n<li data-section-id=\"1liuw0h\" data-start=\"1441\" data-end=\"1528\"><span style=\"font-size: 16px;\"><strong data-start=\"1443\" data-end=\"1467\">Art. 1087 Civil Code<\/strong>: Verm\u00f6gensaufteilung unter Ber\u00fccksichtigung von Billigkeit<\/span><\/li>\n<\/ul>\n<p data-start=\"1530\" data-end=\"1605\"><span style=\"font-size: 16px;\">Diese Vorschriften ersetzen die fr\u00fcheren Regelungen des Ehegesetzes (EheG).<\/span><\/p>\n<hr data-start=\"1607\" data-end=\"1610\" \/>\n<h3 data-section-id=\"eh6ahv\" data-start=\"1612\" data-end=\"1676\"><span style=\"font-size: 16px;\">Ausnahme: Unterst\u00fctzung bei wirtschaftlicher Bed\u00fcrftigkeit<\/span><\/h3>\n<p data-start=\"1678\" data-end=\"1729\"><span style=\"font-size: 16px;\">Ein Anspruch auf Unterst\u00fctzung besteht nur, wenn:<\/span><\/p>\n<ul data-start=\"1731\" data-end=\"1856\">\n<li data-section-id=\"mb0esx\" data-start=\"1731\" data-end=\"1802\"><span style=\"font-size: 16px;\">ein Ehepartner nach der Scheidung <strong data-start=\"1767\" data-end=\"1799\">in wirtschaftliche Not ger\u00e4t<\/strong>,<\/span><\/li>\n<li data-section-id=\"1ettcyf\" data-start=\"1803\" data-end=\"1856\"><span style=\"font-size: 16px;\">und der andere Ehepartner <strong data-start=\"1831\" data-end=\"1853\">leistungsf\u00e4hig ist<\/strong>.<\/span><\/li>\n<\/ul>\n<p data-start=\"1858\" data-end=\"1938\"><span style=\"font-size: 16px;\">In diesem Fall kann das Gericht eine <strong data-start=\"1895\" data-end=\"1924\">angemessene Unterst\u00fctzung<\/strong> zusprechen.<\/span><\/p>\n<p data-start=\"1940\" data-end=\"1973\"><span style=\"font-size: 16px;\">Diese Unterst\u00fctzung ist jedoch:<\/span><\/p>\n<ul data-start=\"1975\" data-end=\"2103\">\n<li data-section-id=\"122c2mx\" data-start=\"1975\" data-end=\"2007\"><span style=\"font-size: 16px;\">meist <strong data-start=\"1983\" data-end=\"2004\">zeitlich begrenzt<\/strong>,<\/span><\/li>\n<li data-section-id=\"7fttfa\" data-start=\"2008\" data-end=\"2047\"><span style=\"font-size: 16px;\">oft <strong data-start=\"2014\" data-end=\"2026\">einmalig<\/strong> (z. B. Abfindung),<\/span><\/li>\n<li data-section-id=\"cqmib8\" data-start=\"2048\" data-end=\"2103\"><span style=\"font-size: 16px;\">und <strong data-start=\"2054\" data-end=\"2100\">nicht mit deutschem Unterhalt vergleichbar<\/strong>.<\/span><\/li>\n<\/ul>\n<p data-start=\"2105\" data-end=\"2184\"><span style=\"font-size: 16px;\">\ud83d\udc49 Es geht nicht um Lebensstandard-Sicherung, sondern um <strong data-start=\"2162\" data-end=\"2183\">Existenzsicherung<\/strong>.<\/span><\/p>\n<hr data-start=\"2186\" data-end=\"2189\" \/>\n<h3 data-section-id=\"dy7bpp\" data-start=\"2191\" data-end=\"2237\"><span style=\"font-size: 16px;\">Kein Automatismus wie im deutschen Recht<\/span><\/h3>\n<p data-start=\"2239\" data-end=\"2316\"><span style=\"font-size: 16px;\">Im deutschen Recht wird Unterhalt h\u00e4ufig gepr\u00fcft und oft auch zugesprochen.<\/span><\/p>\n<p data-start=\"2318\" data-end=\"2355\"><span style=\"font-size: 16px;\">Im chinesischen Recht dagegen gilt:<\/span><\/p>\n<ul data-start=\"2357\" data-end=\"2508\">\n<li data-section-id=\"enfuh4\" data-start=\"2357\" data-end=\"2396\"><span style=\"font-size: 16px;\">Kein Anspruch ohne besondere Gr\u00fcnde<\/span><\/li>\n<li data-section-id=\"g1jg8z\" data-start=\"2397\" data-end=\"2471\"><span style=\"font-size: 16px;\">Keine typisierten Unterhaltstatbest\u00e4nde (wie Betreuungsunterhalt etc.)<\/span><\/li>\n<li data-section-id=\"yn4ar\" data-start=\"2472\" data-end=\"2508\"><span style=\"font-size: 16px;\">Keine standardisierte Berechnung<\/span><\/li>\n<\/ul>\n<p data-start=\"2510\" data-end=\"2560\"><span style=\"font-size: 16px;\">\ud83d\udc49 Jeder Fall ist eine <strong data-start=\"2533\" data-end=\"2559\">Einzelfallentscheidung<\/strong>.<\/span><\/p>\n<hr data-start=\"2562\" data-end=\"2565\" \/>\n<h3 data-section-id=\"1k91nz0\" data-start=\"2567\" data-end=\"2597\"><span style=\"font-size: 16px;\">Bedeutung f\u00fcr die Praxis<\/span><\/h3>\n<p data-start=\"2599\" data-end=\"2634\"><span style=\"font-size: 16px;\">F\u00fcr viele Mandanten bedeutet das:<\/span><\/p>\n<ul data-start=\"2636\" data-end=\"2777\">\n<li data-section-id=\"14jkucx\" data-start=\"2636\" data-end=\"2685\"><span style=\"font-size: 16px;\">Kein Risiko langfristiger Unterhaltszahlungen<\/span><\/li>\n<li data-section-id=\"1fnj8yt\" data-start=\"2686\" data-end=\"2739\"><span style=\"font-size: 16px;\">Klare wirtschaftliche Trennung nach der Scheidung<\/span><\/li>\n<li data-section-id=\"1l8tioy\" data-start=\"2740\" data-end=\"2777\"><span style=\"font-size: 16px;\">Weniger Streitpunkte im Verfahren<\/span><\/li>\n<\/ul>\n<hr data-start=\"2779\" data-end=\"2782\" \/>\n<h2 data-section-id=\"y5ae97\" data-start=\"2784\" data-end=\"2833\"><span style=\"font-size: 16px;\">Versorgungsausgleich: Ein gro\u00dfer Unterschied<\/span><\/h2>\n<h3 data-section-id=\"d2fwjx\" data-start=\"2835\" data-end=\"2885\"><span style=\"font-size: 16px;\">Kein Rentenausgleich nach chinesischem Recht<\/span><\/h3>\n<p data-start=\"2887\" data-end=\"2919\"><span style=\"font-size: 16px;\">Ein besonders wichtiger Punkt:<\/span><\/p>\n<p data-start=\"2921\" data-end=\"2998\"><span style=\"font-size: 16px;\">\ud83d\udc49 <strong data-start=\"2924\" data-end=\"2996\">Ein Versorgungsausgleich findet nach chinesischem Recht nicht statt.<\/strong><\/span><\/p>\n<p data-start=\"3000\" data-end=\"3015\"><span style=\"font-size: 16px;\">Das bedeutet:<\/span><\/p>\n<ul data-start=\"3017\" data-end=\"3158\">\n<li data-section-id=\"zj5xj8\" data-start=\"3017\" data-end=\"3066\"><span style=\"font-size: 16px;\">Rentenanwartschaften werden <strong data-start=\"3047\" data-end=\"3064\">nicht geteilt<\/strong><\/span><\/li>\n<li data-section-id=\"gxrwpw\" data-start=\"3067\" data-end=\"3103\"><span style=\"font-size: 16px;\">Keine \u00dcbertragung von Anspr\u00fcchen<\/span><\/li>\n<li data-section-id=\"31uex\" data-start=\"3104\" data-end=\"3158\"><span style=\"font-size: 16px;\">Keine komplizierten Berechnungen durch das Gericht<\/span><\/li>\n<\/ul>\n<hr data-start=\"3160\" data-end=\"3163\" \/>\n<h3 data-section-id=\"1l0krt1\" data-start=\"3165\" data-end=\"3213\"><span style=\"font-size: 16px;\">Warum gibt es keinen Versorgungsausgleich?<\/span><\/h3>\n<p data-start=\"3215\" data-end=\"3269\"><span style=\"font-size: 16px;\">Das chinesische Recht verfolgt einen anderen Ansatz:<\/span><\/p>\n<p data-start=\"3271\" data-end=\"3381\"><span style=\"font-size: 16px;\">Die wirtschaftliche Auseinandersetzung erfolgt <strong data-start=\"3318\" data-end=\"3339\">\u00fcber das Verm\u00f6gen<\/strong>, nicht \u00fcber zuk\u00fcnftige Rentenanspr\u00fcche.<\/span><\/p>\n<p data-start=\"3383\" data-end=\"3395\"><span style=\"font-size: 16px;\">Das hei\u00dft:<\/span><\/p>\n<ul data-start=\"3397\" data-end=\"3484\">\n<li data-section-id=\"c3azs0\" data-start=\"3397\" data-end=\"3443\"><span style=\"font-size: 16px;\">Es wird das vorhandene Verm\u00f6gen aufgeteilt<\/span><\/li>\n<li data-section-id=\"1hc0jyp\" data-start=\"3444\" data-end=\"3484\"><span style=\"font-size: 16px;\">Nicht aber zuk\u00fcnftige Altersvorsorge<\/span><\/li>\n<\/ul>\n<hr data-start=\"3486\" data-end=\"3489\" \/>\n<h3 data-section-id=\"f9exy9\" data-start=\"3491\" data-end=\"3534\"><span style=\"font-size: 16px;\">Auswirkungen f\u00fcr internationale Paare<\/span><\/h3>\n<p data-start=\"3536\" data-end=\"3602\"><span style=\"font-size: 16px;\">Gerade bei binationalen Ehen ist das ein entscheidender Vorteil:<\/span><\/p>\n<ul data-start=\"3604\" data-end=\"3763\">\n<li data-section-id=\"1j7s0tu\" data-start=\"3604\" data-end=\"3658\"><span style=\"font-size: 16px;\">Deutsche Rentenanwartschaften bleiben unangetastet<\/span><\/li>\n<li data-section-id=\"1dmocse\" data-start=\"3659\" data-end=\"3707\"><span style=\"font-size: 16px;\">Kein Zugriff auf betriebliche Altersvorsorge<\/span><\/li>\n<li data-section-id=\"1dwbbix\" data-start=\"3708\" data-end=\"3763\"><span style=\"font-size: 16px;\">Kein zeitaufwendiges Versorgungsausgleichsverfahren<\/span><\/li>\n<\/ul>\n<p data-start=\"3765\" data-end=\"3822\"><span style=\"font-size: 16px;\">\ud83d\udc49 Das Verfahren wird dadurch erheblich <strong data-start=\"3805\" data-end=\"3821\">beschleunigt<\/strong>.<\/span><\/p>\n<hr data-start=\"3824\" data-end=\"3827\" \/>\n<h2 data-section-id=\"1cl3g6j\" data-start=\"3829\" data-end=\"3859\"><span style=\"font-size: 16px;\">Verbindung zum G\u00fcterrecht<\/span><\/h2>\n<p data-start=\"3861\" data-end=\"3977\"><span style=\"font-size: 16px;\">Die wirtschaftlichen Folgen der Scheidung werden im chinesischen Recht vor allem \u00fcber das <strong data-start=\"3951\" data-end=\"3965\">G\u00fcterrecht<\/strong> geregelt.<\/span><\/p>\n<p data-start=\"3979\" data-end=\"4058\"><span style=\"font-size: 16px;\">Grundsatz:<\/span><br data-start=\"3989\" data-end=\"3992\" \/><span style=\"font-size: 16px;\">\ud83d\udc49 <strong data-start=\"3995\" data-end=\"4056\">50\/50-Aufteilung des w\u00e4hrend der Ehe erworbenen Verm\u00f6gens<\/strong><\/span><\/p>\n<p data-start=\"4060\" data-end=\"4078\"><span style=\"font-size: 16px;\">Rechtsgrundlage:<\/span><\/p>\n<ul data-start=\"4079\" data-end=\"4129\">\n<li data-section-id=\"1k1sehn\" data-start=\"4079\" data-end=\"4107\"><span style=\"font-size: 16px;\"><strong data-start=\"4081\" data-end=\"4105\">Art. 1087 Civil Code<\/strong><\/span><\/li>\n<li data-section-id=\"1e6yi97\" data-start=\"4108\" data-end=\"4129\"><span style=\"font-size: 16px;\">fr\u00fcher: \u00a7 17 EheG<\/span><\/li>\n<\/ul>\n<p data-start=\"4131\" data-end=\"4166\"><span style=\"font-size: 16px;\">Dabei ber\u00fccksichtigt das Gericht:<\/span><\/p>\n<ul data-start=\"4168\" data-end=\"4253\">\n<li data-section-id=\"9lf3o3\" data-start=\"4168\" data-end=\"4195\"><span style=\"font-size: 16px;\">Beitr\u00e4ge der Ehepartner<\/span><\/li>\n<li data-section-id=\"nmklue\" data-start=\"4196\" data-end=\"4225\"><span style=\"font-size: 16px;\">wirtschaftliche Situation<\/span><\/li>\n<li data-section-id=\"2ikz1z\" data-start=\"4226\" data-end=\"4253\"><span style=\"font-size: 16px;\">ggf. besondere Umst\u00e4nde<\/span><\/li>\n<\/ul>\n<hr data-start=\"4255\" data-end=\"4258\" \/>\n<h3 data-section-id=\"1m0c5qo\" data-start=\"4260\" data-end=\"4303\"><span style=\"font-size: 16px;\">Wichtig: Ehevertrag kann alles \u00e4ndern<\/span><\/h3>\n<p data-start=\"4305\" data-end=\"4395\"><span style=\"font-size: 16px;\">Wenn \u2013 wie h\u00e4ufig \u2013 ein <strong data-start=\"4329\" data-end=\"4386\">Ehevertrag (\u201ePremarital Property Agreement\u201c) vorliegt<\/strong>, gilt:<\/span><\/p>\n<p data-start=\"4397\" data-end=\"4421\"><span style=\"font-size: 16px;\">\ud83d\udc49 Dieser hat Vorrang.<\/span><\/p>\n<p data-start=\"4423\" data-end=\"4438\"><span style=\"font-size: 16px;\">Das bedeutet:<\/span><\/p>\n<ul data-start=\"4440\" data-end=\"4604\">\n<li data-section-id=\"1a9xvys\" data-start=\"4440\" data-end=\"4486\"><span style=\"font-size: 16px;\">Verm\u00f6gen kann vollst\u00e4ndig getrennt bleiben<\/span><\/li>\n<li data-section-id=\"1cs75um\" data-start=\"4487\" data-end=\"4542\"><span style=\"font-size: 16px;\">Unterhaltsfragen k\u00f6nnen indirekt beeinflusst werden<\/span><\/li>\n<li data-section-id=\"1ez1k2p\" data-start=\"4543\" data-end=\"4604\"><span style=\"font-size: 16px;\">wirtschaftliche Auseinandersetzung wird stark vereinfacht<\/span><\/li>\n<\/ul>\n<hr data-start=\"4606\" data-end=\"4609\" \/>\n<h2 data-section-id=\"wq3h0e\" data-start=\"4611\" data-end=\"4662\"><span style=\"font-size: 16px;\">Deutsches Gericht wendet chinesisches Recht an<\/span><\/h2>\n<p data-start=\"4664\" data-end=\"4737\"><span style=\"font-size: 16px;\">Auch wenn Ihre Scheidung vor einem deutschen Gericht stattfindet, gilt:<\/span><\/p>\n<p data-start=\"4739\" data-end=\"4877\"><span style=\"font-size: 16px;\">\ud83d\udc49 Das Gericht muss <strong data-start=\"4759\" data-end=\"4790\">chinesisches Recht anwenden<\/strong>, wenn die Voraussetzungen vorliegen (z. B. entsprechende Rechtswahlvereinbarung).<\/span><\/p>\n<p data-start=\"4879\" data-end=\"4902\"><span style=\"font-size: 16px;\">Das f\u00fchrt dazu, dass:<\/span><\/p>\n<ul data-start=\"4904\" data-end=\"5051\">\n<li data-section-id=\"1a2mla3\" data-start=\"4904\" data-end=\"4951\"><span style=\"font-size: 16px;\">kein Versorgungsausgleich durchgef\u00fchrt wird<\/span><\/li>\n<li data-section-id=\"o5s8c1\" data-start=\"4952\" data-end=\"4996\"><span style=\"font-size: 16px;\">Unterhalt nur eingeschr\u00e4nkt gepr\u00fcft wird<\/span><\/li>\n<li data-section-id=\"c6tt9z\" data-start=\"4997\" data-end=\"5051\"><span style=\"font-size: 16px;\">die Scheidung insgesamt deutlich schneller abl\u00e4uft<\/span><\/li>\n<\/ul>\n<hr data-start=\"5053\" data-end=\"5056\" \/>\n<h2 data-section-id=\"yjp9m0\" data-start=\"5058\" data-end=\"5094\"><span style=\"font-size: 16px;\">Typische Vorteile f\u00fcr Mandanten<\/span><\/h2>\n<p data-start=\"5096\" data-end=\"5163\"><span style=\"font-size: 16px;\">Die Anwendung chinesischen Rechts bringt oft erhebliche Vorteile:<\/span><\/p>\n<ul data-start=\"5165\" data-end=\"5301\">\n<li data-section-id=\"symmbd\" data-start=\"5165\" data-end=\"5189\"><span style=\"font-size: 16px;\">\u2705 Kein Trennungsjahr<\/span><\/li>\n<li data-section-id=\"1cbx2zs\" data-start=\"5190\" data-end=\"5221\"><span style=\"font-size: 16px;\">\u2705 Kein Versorgungsausgleich<\/span><\/li>\n<li data-section-id=\"9n32bo\" data-start=\"5222\" data-end=\"5250\"><span style=\"font-size: 16px;\">\u2705 Kaum Unterhaltsrisiken<\/span><\/li>\n<li data-section-id=\"1lf1r9k\" data-start=\"5251\" data-end=\"5278\"><span style=\"font-size: 16px;\">\u2705 Schnelleres Verfahren<\/span><\/li>\n<\/ul>\n<hr data-start=\"5303\" data-end=\"5306\" \/>\n<h2 data-section-id=\"1hxvpal\" data-start=\"5308\" data-end=\"5333\"><span style=\"font-size: 16px;\">FAQ \u2013 H\u00e4ufige Fragen<\/span><\/h2>\n<h3 data-section-id=\"y1s9et\" data-start=\"5335\" data-end=\"5386\"><span style=\"font-size: 16px;\">Muss ich nach der Scheidung NACH CHENESISCHEM RECHT Unterhalt zahlen?<\/span><\/h3>\n<p data-start=\"5387\" data-end=\"5497\"><span style=\"font-size: 16px;\">In der Regel <strong data-start=\"5400\" data-end=\"5408\">nein<\/strong>. Nur in Ausnahmef\u00e4llen bei echter Bed\u00fcrftigkeit kann eine Unterst\u00fctzung verlangt werden.<\/span><\/p>\n<hr data-start=\"5499\" data-end=\"5502\" \/>\n<h3 data-section-id=\"2rxwac\" data-start=\"5504\" data-end=\"5550\"><span style=\"font-size: 16px;\">Wie lange muss Unterhalt gezahlt werden?<\/span><\/h3>\n<p data-start=\"5551\" data-end=\"5644\"><span style=\"font-size: 16px;\">Wenn \u00fcberhaupt, dann <strong data-start=\"5572\" data-end=\"5607\">nur vor\u00fcbergehend oder einmalig<\/strong>. Dauerhafte Zahlungen sind un\u00fcblich.<\/span><\/p>\n<hr data-start=\"5646\" data-end=\"5649\" \/>\n<h3 data-section-id=\"ookhle\" data-start=\"5651\" data-end=\"5697\"><span style=\"font-size: 16px;\">Gibt es Unterhalt wegen Kinderbetreuung?<\/span><\/h3>\n<p data-start=\"5698\" data-end=\"5902\"><span style=\"font-size: 16px;\">Ein <strong data-start=\"5763\" data-end=\"5809\">nachehelicher Unterhalt f\u00fcr den Ehepartner<\/strong> wegen Kinderbetreuung ist im chinesischen Recht deutlich eingeschr\u00e4nkter als in Deutschland.<\/span><\/p>\n<hr data-start=\"5904\" data-end=\"5907\" \/>\n<h3 data-section-id=\"1helqav\" data-start=\"5909\" data-end=\"5945\"><span style=\"font-size: 16px;\">Was passiert mit meiner Rente?<\/span><\/h3>\n<p data-start=\"5946\" data-end=\"6038\"><span style=\"font-size: 16px;\">\ud83d\udc49 <strong data-start=\"5949\" data-end=\"5993\">Ihre Rente bleibt vollst\u00e4ndig bei Ihnen.<\/strong><\/span><br data-start=\"5993\" data-end=\"5996\" \/><span style=\"font-size: 16px;\">Nach chinesischem Recht findet kein Versorgungsausgleich statt.<\/span><\/p>\n<hr data-start=\"6040\" data-end=\"6043\" \/>\n<h3 data-section-id=\"1a3lqpm\" data-start=\"6045\" data-end=\"6119\"><span style=\"font-size: 16px;\">Kann das deutsche Gericht trotzdem DEN Versorgungsausgleich durchf\u00fchren?<\/span><\/h3>\n<p data-start=\"6120\" data-end=\"6229\"><span style=\"font-size: 16px;\">Nein, wenn <strong data-start=\"6131\" data-end=\"6179\">chinesisches Scheidungsrecht angewendet wird<\/strong>, entf\u00e4llt der Versorgungsausgleich grunds\u00e4tzlich.<\/span><\/p>\n<hr data-start=\"6231\" data-end=\"6234\" \/>\n<h3 data-section-id=\"1eer6ts\" data-start=\"6236\" data-end=\"6280\"><span style=\"font-size: 16px;\">Was ist, wenn meine Ehe sehr kurz war?<\/span><\/h3>\n<p data-start=\"6281\" data-end=\"6366\"><span style=\"font-size: 16px;\">Dann spricht noch mehr daf\u00fcr, dass weder Unterhalt noch Ausgleichsanspr\u00fcche bestehen.<\/span><\/p>\n<hr data-start=\"6368\" data-end=\"6371\" \/>\n<h3 data-section-id=\"1swn2w9\" data-start=\"6373\" data-end=\"6449\"><span style=\"font-size: 16px;\">Kann ich chinesisches Recht gezielt w\u00e4hlen, um Unterhalt zu vermeiden?<\/span><\/h3>\n<p data-start=\"6450\" data-end=\"6569\"><span style=\"font-size: 16px;\">Ja, wenn ein Ehepartner die chinesische Staatsangeh\u00f6rigkeit hat, ist eine <strong data-start=\"6496\" data-end=\"6518\"><a href=\"https:\/\/scheidung-beratung-online.de\/?p=3922\" target=\"_blank\" rel=\"noopener\">Rechtswahl<\/a> m\u00f6glich<\/strong>. Das ist oft ein strategisch sinnvoller Schritt.<\/span><\/p>\n<hr data-start=\"6571\" data-end=\"6574\" \/>\n<p data-start=\"6639\" data-end=\"6768\">\u00a0<\/p>\n<h2 data-section-id=\"1s0cj98\" data-start=\"6775\" data-end=\"6797\"><span style=\"font-size: 16px;\">Unsere Empfehlung<\/span><\/h2>\n<p data-start=\"6799\" data-end=\"6874\"><span style=\"font-size: 16px;\">Gerade bei internationalen Ehen ist die richtige <a href=\"https:\/\/scheidung-beratung-online.de\/?p=3922\" target=\"_blank\" rel=\"noopener\">Rechtswahl<\/a> entscheidend.<\/span><\/p>\n<p data-start=\"6876\" data-end=\"6897\"><span style=\"font-size: 16px;\">Wir pr\u00fcfen f\u00fcr Sie:<\/span><\/p>\n<ul data-start=\"6899\" data-end=\"7086\">\n<li data-section-id=\"12zhibz\" data-start=\"6899\" data-end=\"6932\"><span style=\"font-size: 16px;\">welches Recht angewendet wird<\/span><\/li>\n<li data-section-id=\"yb3h3s\" data-start=\"6933\" data-end=\"6966\"><span style=\"font-size: 16px;\">ob Unterhaltsrisiken bestehen<\/span><\/li>\n<li data-section-id=\"ehzntl\" data-start=\"6967\" data-end=\"7016\"><span style=\"font-size: 16px;\">wie Sie Versorgungsausgleich vermeiden k\u00f6nnen<\/span><\/li>\n<li data-section-id=\"1bptsqf\" data-start=\"7017\" data-end=\"7086\"><span style=\"font-size: 16px;\">und wie Ihre wirtschaftlichen Interessen optimal gesch\u00fctzt werden<\/span><\/li>\n<\/ul>\n<hr data-start=\"7088\" data-end=\"7091\" \/>\n<h2 data-section-id=\"5lkwxx\" data-start=\"7093\" data-end=\"7105\"><span style=\"font-size: 16px;\">Kontakt<\/span><\/h2>\n<p data-start=\"7107\" data-end=\"7148\"><span style=\"font-size: 16px;\">Wir freuen uns darauf, Ihnen zu helfen.<\/span><\/p>\n<p dir=\"ltr\"><span style=\"font-size: 16px;\">Festnetz aus Deutschland:\u00a0<a href=\"tel:+492331409319\"><strong>02331 409319<\/strong><\/a><\/span><\/p>\n<p dir=\"ltr\"><span style=\"font-size: 16px;\">Festnetz aus dem Ausland:\u00a0<a href=\"tel:+492331409319\"><strong>+492331409319<\/strong><\/a><\/span><\/p>\n<p dir=\"ltr\"><span style=\"font-size: 16px;\">Handy:\u00a0<strong><a href=\"tel:+491721570178\">+491721570178<\/a><\/strong><\/span><\/p>\n<p dir=\"ltr\"><span style=\"font-size: 16px;\">E-Mail:<strong>\u00a0<a href=\"mailto:info@twitting.eu\">info@twitting.eu<\/a><\/strong><\/span><\/p>\n<p dir=\"ltr\"><span style=\"font-size: 16px;\"><strong><a href=\"https:\/\/wa.me\/491721570178\">WhatsApp<\/a><\/strong><\/span><\/p>\n","protected":false},"excerpt":{"rendered":"<p>Ein zentraler Unterschied zum deutschen Scheidungsrecht Wenn Sie sich nach chinesischem Recht scheiden lassen, hat das erhebliche Auswirkungen auf Ihre wirtschaftliche Situation nach der Scheidung. Viele Mandanten erwarten automatisch Regelungen wie im deutschen Recht \u2013 insbesondere: nachehelichen Unterhalt Versorgungsausgleich (Rententeilung) &hellip; <a href=\"https:\/\/scheidung-beratung-online.de\/?page_id=4214\">Weiterlesen <span class=\"meta-nav\">&rarr;<\/span><\/a><\/p>\n","protected":false},"author":1,"featured_media":0,"parent":0,"menu_order":0,"comment_status":"closed","ping_status":"closed","template":"","meta":[],"aioseo_notices":[],"acf":[],"_links":{"self":[{"href":"https:\/\/scheidung-beratung-online.de\/index.php?rest_route=\/wp\/v2\/pages\/4214"}],"collection":[{"href":"https:\/\/scheidung-beratung-online.de\/index.php?rest_route=\/wp\/v2\/pages"}],"about":[{"href":"https:\/\/scheidung-beratung-online.de\/index.php?rest_route=\/wp\/v2\/types\/page"}],"author":[{"embeddable":true,"href":"https:\/\/scheidung-beratung-online.de\/index.php?rest_route=\/wp\/v2\/users\/1"}],"replies":[{"embeddable":true,"href":"https:\/\/scheidung-beratung-online.de\/index.php?rest_route=%2Fwp%2Fv2%2Fcomments&post=4214"}],"version-history":[{"count":11,"href":"https:\/\/scheidung-beratung-online.de\/index.php?rest_route=\/wp\/v2\/pages\/4214\/revisions"}],"predecessor-version":[{"id":4226,"href":"https:\/\/scheidung-beratung-online.de\/index.php?rest_route=\/wp\/v2\/pages\/4214\/revisions\/4226"}],"wp:attachment":[{"href":"https:\/\/scheidung-beratung-online.de\/index.php?rest_route=%2Fwp%2Fv2%2Fmedia&parent=4214"}],"curies":[{"name":"wp","href":"https:\/\/api.w.org\/{rel}","templated":true}]}}