{"id":4318,"date":"2026-05-03T18:48:37","date_gmt":"2026-05-03T17:48:37","guid":{"rendered":"https:\/\/scheidung-beratung-online.de\/?page_id=4318"},"modified":"2026-05-03T18:48:38","modified_gmt":"2026-05-03T17:48:38","slug":"ukrainische-scheidung-in-deutschland-wie-teuer-ohne-verfahrenskostenhilfe","status":"publish","type":"page","link":"https:\/\/scheidung-beratung-online.de\/?page_id=4318","title":{"rendered":"Ukrainische Scheidung in Deutschland &#8211; wie teuer ohne Verfahrenskostenhilfe"},"content":{"rendered":"\n<h1 data-section-id=\"gpz5zw\" data-start=\"129\" data-end=\"225\"><span style=\"font-size: 16px;\">Ukrainische Scheidung in Deutschland \u2013 was kostet die Scheidung, wenn sie nicht kostenlos ist?<\/span><\/h1>\n<p data-start=\"227\" data-end=\"554\"><span style=\"font-size: 16px;\">Nicht jede Ukrainerin und nicht jeder Ukrainer in Deutschland erh\u00e4lt Verfahrenskostenhilfe. Wenn Sie arbeiten, ein regelm\u00e4\u00dfiges Einkommen haben oder \u00fcber ausreichendes Verm\u00f6gen verf\u00fcgen, kann das Familiengericht entscheiden, dass Sie die Kosten Ihrer Scheidung selbst tragen m\u00fcssen oder nur eine Ratenzahlung in Betracht kommt.<\/span><\/p>\n<p data-start=\"556\" data-end=\"829\"><span style=\"font-size: 16px;\">Das bedeutet aber nicht, dass Ihre Scheidung kompliziert oder un\u00fcbersichtlich sein muss. Gerade wenn Sie vorab wissen m\u00f6chten, welche Kosten entstehen, wie lange das Verfahren dauert und ob deutsches oder ukrainisches Recht gilt, sollten Sie sich fr\u00fchzeitig beraten lassen. <a href=\"https:\/\/scheidung-beratung-online.de\/wp-content\/uploads\/2026\/05\/ukrainisch_Unterseite_blond_Bild_Couuele_ChatGPT-Image-3.-Mai-2026-19_41_17.png\"><img decoding=\"async\" loading=\"lazy\" class=\"alignright wp-image-4333\" src=\"https:\/\/scheidung-beratung-online.de\/wp-content\/uploads\/2026\/05\/ukrainisch_Unterseite_blond_Bild_Couuele_ChatGPT-Image-3.-Mai-2026-19_41_17-300x169.png\" alt=\"\" width=\"400\" height=\"225\" srcset=\"https:\/\/scheidung-beratung-online.de\/wp-content\/uploads\/2026\/05\/ukrainisch_Unterseite_blond_Bild_Couuele_ChatGPT-Image-3.-Mai-2026-19_41_17-300x169.png 300w, https:\/\/scheidung-beratung-online.de\/wp-content\/uploads\/2026\/05\/ukrainisch_Unterseite_blond_Bild_Couuele_ChatGPT-Image-3.-Mai-2026-19_41_17-1024x576.png 1024w, https:\/\/scheidung-beratung-online.de\/wp-content\/uploads\/2026\/05\/ukrainisch_Unterseite_blond_Bild_Couuele_ChatGPT-Image-3.-Mai-2026-19_41_17-768x432.png 768w, https:\/\/scheidung-beratung-online.de\/wp-content\/uploads\/2026\/05\/ukrainisch_Unterseite_blond_Bild_Couuele_ChatGPT-Image-3.-Mai-2026-19_41_17-1536x864.png 1536w, https:\/\/scheidung-beratung-online.de\/wp-content\/uploads\/2026\/05\/ukrainisch_Unterseite_blond_Bild_Couuele_ChatGPT-Image-3.-Mai-2026-19_41_17-500x281.png 500w, https:\/\/scheidung-beratung-online.de\/wp-content\/uploads\/2026\/05\/ukrainisch_Unterseite_blond_Bild_Couuele_ChatGPT-Image-3.-Mai-2026-19_41_17.png 1672w\" sizes=\"(max-width: 400px) 100vw, 400px\" \/><\/a><\/span><\/p>\n<p data-start=\"831\" data-end=\"1227\"><span style=\"font-size: 16px;\">Wir pr\u00fcfen f\u00fcr Sie zun\u00e4chst, ob <a href=\"https:\/\/scheidung-beratung-online.de\/?page_id=3135\" target=\"_blank\" rel=\"noopener\">Verfahrenskostenhilfe<\/a> trotzdem m\u00f6glich ist. Denn es gibt keine starre Einkommensgrenze. Das Gericht ber\u00fccksichtigt nicht nur Ihr Einkommen, sondern auch Ihre Ausgaben, zum Beispiel Miete, Versicherungen, Unterhaltspflichten, Kredite und die Kosten f\u00fcr Kinder. Verfahrenskostenhilfe kann auch als Ratenzahlung bewilligt werden.<\/span><\/p>\n<h2 data-section-id=\"16fo4au\" data-start=\"1229\" data-end=\"1262\"><span style=\"font-size: 16px;\">Was kostet mich die Scheidung?<\/span><\/h2>\n<p data-start=\"1264\" data-end=\"1669\"><span style=\"font-size: 16px;\">Die Kosten einer Scheidung h\u00e4ngen in Deutschland vom sogenannten Verfahrenswert ab. Dieser richtet sich vor allem nach dem Nettoeinkommen beider Ehegatten. F\u00fcr die Einkommensverh\u00e4ltnisse wird grunds\u00e4tzlich das Nettoeinkommen der Ehegatten aus drei Monaten zugrunde gelegt. Au\u00dferdem k\u00f6nnen Verm\u00f6gen, Versorgungsausgleich und weitere Antr\u00e4ge den Verfahrenswert erh\u00f6hen.<\/span><\/p>\n<p data-start=\"1671\" data-end=\"2055\"><span style=\"font-size: 16px;\">Eine pauschale Zahl w\u00e4re deshalb unseri\u00f6s, bevor wir Ihre pers\u00f6nlichen Angaben kennen. Als grobe Orientierung weist die Justiz Nordrhein-Westfalen darauf hin, dass bei einer Scheidung mindestens etwa 1.200,00 EUR f\u00fcr Gerichts- und Anwaltskosten anfallen. Die tats\u00e4chlichen Kosten h\u00e4ngen jedoch vom Verfahrenswert ab, der insbesondere durch das Einkommen der Ehegatten, den Versorgungsausgleich und m\u00f6gliche Folgesachen beeinflusst wird. Die Kosten k\u00f6nnen daher auch deutlich h\u00f6her ausfallen, als von der Justiz NRW oben als Mindestwert angegeben.<\/span><\/p>\n<p data-start=\"2057\" data-end=\"2552\"><span style=\"font-size: 16px;\">Wenn Sie und Ihr Ehepartner sich \u00fcber die Scheidung einig sind, kann das Verfahren g\u00fcnstiger bleiben. In vielen F\u00e4llen reicht es aus, wenn nur eine Seite einen Rechtsanwalt beauftragt und der andere Ehegatte der Scheidung zustimmt. Wichtig ist aber: Der Rechtsanwalt vertritt immer nur eine Partei. Einen gemeinsamen Anwalt f\u00fcr beide Ehegatten gibt es rechtlich nicht. Wenn sp\u00e4ter Streit entsteht, sollte jeder Ehegatte eigene anwaltliche Beratung erhalten.<\/span><\/p>\n<p data-start=\"2554\" data-end=\"2668\"><span style=\"font-size: 16px;\">Vor Einreichung des Scheidungsantrags teilen wir Ihnen mit, mit welchen Kosten Sie voraussichtlich rechnen m\u00fcssen.<\/span><\/p>\n<h2 data-section-id=\"1uf0xe5\" data-start=\"2670\" data-end=\"2714\"><span style=\"font-size: 16px;\">Wie lange dauert das Scheidungsverfahren?<\/span><\/h2>\n<p data-start=\"2716\" data-end=\"3006\"><span style=\"font-size: 16px;\">Eine einvernehmliche Scheidung dauert meistens 2-3 Monate. Wie lange das Verfahren genau dauert, h\u00e4ngt vom zust\u00e4ndigen Familiengericht, von der Zustellung an den anderen Ehegatten, von der Vollst\u00e4ndigkeit der Unterlagen und davon ab, ob der Versorgungsausgleich durchgef\u00fchrt werden muss.<\/span><\/p>\n<p data-start=\"3008\" data-end=\"3443\"><span style=\"font-size: 16px;\">Der Versorgungsausgleich betrifft die w\u00e4hrend der Ehe erworbenen Rentenanrechte. Das Familiengericht holt hierzu Ausk\u00fcnfte bei den Versorgungstr\u00e4gern ein, zum Beispiel bei der Deutschen Rentenversicherung. Gerade dieser Punkt kann das Verfahren verl\u00e4ngern. Sie k\u00f6nnen das Verfahren beschleunigen, indem Sie gerichtliche Frageb\u00f6gen vollst\u00e4ndig ausf\u00fcllen und fehlende Unterlagen schnell nachreichen. <strong>Bei einer Scheidung nach ukrainischem Recht findet der Versorgungsausgleich nicht statt.<\/strong><\/span><\/p>\n<p data-start=\"3445\" data-end=\"3632\"><span style=\"font-size: 16px;\">Wenn Ihr Ehepartner im Ausland lebt, seine Anschrift unbekannt ist oder \u00fcber Unterhalt, Verm\u00f6gen, Wohnung, Kinder oder Zugewinn gestritten wird, kann das Verfahren deutlich l\u00e4nger dauern.<\/span><\/p>\n<h2 data-section-id=\"fuunpa\" data-start=\"3634\" data-end=\"3682\"><span style=\"font-size: 16px;\">Muss mein Ehepartner der Scheidung zustimmen?<\/span><\/h2>\n<p data-start=\"3684\" data-end=\"3832\"><span style=\"font-size: 16px;\">Nein, die Zustimmung Ihres Ehepartners ist nicht in jedem Fall erforderlich. Sie macht das Verfahren aber einfacher, schneller und h\u00e4ufig g\u00fcnstiger.<\/span><\/p>\n<p data-start=\"3834\" data-end=\"4218\"><span style=\"font-size: 16px;\">Wenn ukrainisches Recht angewendet wird, kann die Ehe geschieden werden, wenn das Gericht feststellt, dass das weitere gemeinsame Leben und die Aufrechterhaltung der Ehe den wesentlichen Interessen eines Ehegatten oder der Kinder widersprechen. Die Zustimmung des anderen Ehegatten ist dann hilfreich, aber nicht zwingend die einzige M\u00f6glichkeit.<\/span><\/p>\n<p data-start=\"4220\" data-end=\"4482\"><span style=\"font-size: 16px;\">Wenn deutsches Recht gilt, gelten andere Voraussetzungen. Dann spielt insbesondere die Trennung der Ehegatten eine wichtige Rolle. Auch hier kann eine Scheidung gegen den Willen des anderen Ehegatten m\u00f6glich sein, wenn die gesetzlichen Voraussetzungen vorliegen.<\/span><\/p>\n<p data-start=\"4484\" data-end=\"4775\"><span style=\"font-size: 16px;\">Wichtig ist: Der andere Ehegatte muss grunds\u00e4tzlich am Verfahren beteiligt werden. Das Gericht muss ihm den Scheidungsantrag zustellen. Deshalb ist eine aktuelle Anschrift des Ehepartners sehr hilfreich. Wenn die Anschrift unbekannt ist, pr\u00fcfen wir, welche Zustellungsm\u00f6glichkeiten bestehen.<\/span><\/p>\n<h2 data-section-id=\"iadkxy\" data-start=\"4777\" data-end=\"4812\"><span style=\"font-size: 16px;\">Muss ich pers\u00f6nlich zum Gericht?<\/span><\/h2>\n<p data-start=\"4814\" data-end=\"5102\"><span style=\"font-size: 16px;\">In der Regel ja. Das Familiengericht ordnet normalerweise das pers\u00f6nliche Erscheinen der Ehegatten an und h\u00f6rt beide Ehegatten im Scheidungstermin an. Das bedeutet: Auch bei einer sogenannten Online-Scheidung findet meistens ein Gerichtstermin statt.<\/span><\/p>\n<p data-start=\"5104\" data-end=\"5308\"><span style=\"font-size: 16px;\">Der Termin ist bei einer einvernehmlichen Scheidung meist kurz. Das Gericht fragt insbesondere, ob die Ehe gescheitert ist, ob Sie geschieden werden m\u00f6chten und ob es gemeinsame minderj\u00e4hrige Kinder gibt.<\/span><\/p>\n<p data-start=\"5310\" data-end=\"5502\"><span style=\"font-size: 16px;\">Wenn Sie weit entfernt wohnen, krank sind oder sich im Ausland aufhalten, kann im Einzelfall gepr\u00fcft werden, ob eine andere Form der Anh\u00f6rung &#8211; Videokonferenz oder Erkl\u00e4rung gegen\u00fcber dem Konsulat &#8211; m\u00f6glich ist. Dar\u00fcber entscheidet aber das Gericht.<\/span><\/p>\n<h2 data-section-id=\"mi7ibx\" data-start=\"5504\" data-end=\"5541\"><span style=\"font-size: 16px;\">Welche Unterlagen werden ben\u00f6tigt?<\/span><\/h2>\n<p data-start=\"5543\" data-end=\"5626\"><span style=\"font-size: 16px;\">F\u00fcr die Scheidung ukrainischer Ehegatten in Deutschland ben\u00f6tigen wir in der Regel:<\/span><\/p>\n<ul data-start=\"5628\" data-end=\"6213\">\n<li data-section-id=\"1bti1k2\" data-start=\"5628\" data-end=\"5645\"><span style=\"font-size: 16px;\">Heiratsurkunde,<\/span><\/li>\n<li data-section-id=\"boesjs\" data-start=\"5646\" data-end=\"5708\"><span style=\"font-size: 16px;\">deutsche \u00dcbersetzung der Heiratsurkunde, falls erforderlich,<\/span><\/li>\n<li data-section-id=\"ow04wp\" data-start=\"5709\" data-end=\"5752\"><span style=\"font-size: 16px;\">Kopie Ihres Passes oder Ausweisdokuments,<\/span><\/li>\n<li data-section-id=\"jfr99r\" data-start=\"5753\" data-end=\"5807\"><span style=\"font-size: 16px;\">aktuelle Anschrift beider Ehegatten, soweit bekannt,<\/span><\/li>\n<li data-section-id=\"1pjfweq\" data-start=\"5808\" data-end=\"5860\"><span style=\"font-size: 16px;\">Geburtsurkunden gemeinsamer minderj\u00e4hriger Kinder,<\/span><\/li>\n<li data-section-id=\"1pxevrn\" data-start=\"5861\" data-end=\"5902\"><span style=\"font-size: 16px;\">Angaben zum Einkommen beider Ehegatten,<\/span><\/li>\n<li data-section-id=\"hm87x3\" data-start=\"5903\" data-end=\"5998\"><span style=\"font-size: 16px;\">Angaben zu Renten- und Versorgungsanrechten, wenn der Versorgungsausgleich durchzuf\u00fchren ist,<\/span><\/li>\n<li data-section-id=\"16a51sv\" data-start=\"5999\" data-end=\"6119\"><span style=\"font-size: 16px;\">Unterlagen zu Miete, Versicherungen, Krediten und Unterhaltspflichten, wenn Verfahrenskostenhilfe gepr\u00fcft werden soll,<\/span><\/li>\n<li data-section-id=\"19gepek\" data-start=\"6120\" data-end=\"6213\"><span style=\"font-size: 16px;\">gegebenenfalls eine Rechtswahlvereinbarung, wenn ukrainisches Recht angewendet werden soll.<\/span><\/li>\n<\/ul>\n<p data-start=\"6215\" data-end=\"6573\"><span style=\"font-size: 16px;\">Ausl\u00e4ndische Heiratsurkunden werden von deutschen Beh\u00f6rden oder Gerichten h\u00e4ufig nur anerkannt, wenn Echtheit oder Beweiswert gesichert sind; je nach Staat kann eine Apostille oder Legalisation erforderlich sein. Bei ukrainischen Urkunden pr\u00fcfen wir, welche Anforderungen das zust\u00e4ndige Gericht im konkreten Fall stellt.<\/span><\/p>\n<h2 data-section-id=\"1nx8d38\" data-start=\"6575\" data-end=\"6627\"><span style=\"font-size: 16px;\">Gilt deutsches oder ukrainisches Scheidungsrecht?<\/span><\/h2>\n<p data-start=\"6629\" data-end=\"6723\"><span style=\"font-size: 16px;\">Das ist eine der wichtigsten Fragen bei einer Scheidung ukrainischer Ehegatten in Deutschland.<\/span><\/p>\n<p data-start=\"6725\" data-end=\"7219\"><span style=\"font-size: 16px;\">Ukrainisches Recht gilt nicht automatisch nur deshalb, weil beide Ehegatten ukrainische Staatsangeh\u00f6rige sind. In Deutschland wird das anwendbare Scheidungsrecht nach der europ\u00e4ischen Rom-III-Verordnung bestimmt. Danach k\u00f6nnen Ehegatten unter bestimmten Voraussetzungen selbst w\u00e4hlen, welches Recht auf die Scheidung angewendet werden soll. M\u00f6glich ist zum Beispiel die Wahl des Rechts eines Staates, dessen Staatsangeh\u00f6rigkeit einer der Ehegatten besitzt.<\/span><\/p>\n<p data-start=\"7221\" data-end=\"7661\"><span style=\"font-size: 16px;\">Wenn keine wirksame Rechtswahl getroffen wurde, kommt es vor allem auf den gew\u00f6hnlichen Aufenthalt der Ehegatten an. Leben beide Ehegatten bereits l\u00e4nger in Deutschland, kann deutsches Recht anwendbar sein, auch wenn beide ukrainische Staatsangeh\u00f6rige sind. Wenn ukrainisches Recht angewendet werden soll, sollte deshalb rechtzeitig gepr\u00fcft werden, ob eine wirksame Rechtswahl m\u00f6glich und sinnvoll ist.<\/span><\/p>\n<p data-start=\"7663\" data-end=\"7980\"><span style=\"font-size: 16px;\">Das kann einen erheblichen Unterschied machen. Nach ukrainischem Recht gibt es kein deutsches Trennungsjahr. Die Ehe kann geschieden werden, wenn sie endg\u00fcltig gescheitert ist und die Fortsetzung der Ehe den wesentlichen Interessen eines Ehegatten oder der Kinder widerspricht.<\/span><\/p>\n<p data-start=\"7982\" data-end=\"8005\"><span style=\"font-size: 16px;\">Wir pr\u00fcfen daher vorab:<\/span><\/p>\n<p data-start=\"8007\" data-end=\"8037\"><span style=\"font-size: 16px;\">Welches Gericht ist zust\u00e4ndig?<\/span><\/p>\n<p data-start=\"8039\" data-end=\"8078\"><span style=\"font-size: 16px;\">Gilt deutsches oder ukrainisches Recht?<\/span><\/p>\n<p data-start=\"8080\" data-end=\"8142\"><span style=\"font-size: 16px;\">Ist eine Rechtswahl zugunsten des ukrainischen Rechts m\u00f6glich?<\/span><\/p>\n<p data-start=\"8144\" data-end=\"8179\"><span style=\"font-size: 16px;\">Muss der andere Ehegatte zustimmen?<\/span><\/p>\n<p data-start=\"8181\" data-end=\"8205\"><span style=\"font-size: 16px;\">Welche Kosten entstehen?<\/span><\/p>\n<p data-start=\"8207\" data-end=\"8269\"><span style=\"font-size: 16px;\">Kann Verfahrenskostenhilfe oder Ratenzahlung beantragt werden?<\/span><\/p>\n<h2 data-section-id=\"6soew5\" data-start=\"8271\" data-end=\"8326\"><span style=\"font-size: 16px;\">Scheidung auch ohne kostenlose Verfahrenskostenhilfe<\/span><\/h2>\n<p data-start=\"8328\" data-end=\"8497\"><span style=\"font-size: 16px;\">Auch wenn Sie keinen Anspruch auf eine vollst\u00e4ndig kostenlose Scheidung haben, kann Ihre Scheidung in Deutschland planbar, transparent und bezahlbar durchgef\u00fchrt werden.<\/span><\/p>\n<p data-start=\"8499\" data-end=\"8788\"><span style=\"font-size: 16px;\">Wir pr\u00fcfen zun\u00e4chst, ob Verfahrenskostenhilfe m\u00f6glich ist. Wenn Sie die Kosten selbst tragen m\u00fcssen, erhalten Sie vorab eine Einsch\u00e4tzung der voraussichtlichen Gerichts- und Anwaltskosten. Wenn eine einvernehmliche Scheidung m\u00f6glich ist, vermeiden wir unn\u00f6tigen Streit und unn\u00f6tige Kosten.<\/span><\/p>\n<p data-start=\"8790\" data-end=\"9040\"><span style=\"font-size: 16px;\">F\u00fcllen Sie einfach unser Scheidungsformular aus oder nehmen Sie direkt <a href=\"https:\/\/scheidung-beratung-online.de\/?page_id=2\" target=\"_blank\" rel=\"noopener\">Kontakt<\/a> zu uns auf. Wir kl\u00e4ren f\u00fcr Sie, ob Ihre Scheidung in Deutschland nach deutschem oder ukrainischem Recht durchgef\u00fchrt werden kann und welche Kosten in Ihrem Fall entstehen.<\/span><\/p>\n<p dir=\"ltr\"><span style=\"font-size: 16px;\">Festnetz aus Deutschland:\u00a0<a href=\"tel:+492331409319\"><strong>02331 409319<\/strong><\/a><\/span><\/p>\n<p dir=\"ltr\"><span style=\"font-size: 16px;\">Festnetz aus dem Ausland:\u00a0<a href=\"tel:+492331409319\"><strong>+492331409319<\/strong><\/a><\/span><\/p>\n<p dir=\"ltr\"><span style=\"font-size: 16px;\">Handy:\u00a0<strong><a href=\"tel:+491721570178\">+491721570178<\/a><\/strong><\/span><\/p>\n<p dir=\"ltr\"><span style=\"font-size: 16px;\">E-Mail:<strong>\u00a0<a href=\"mailto:info@twitting.eu\">info@twitting.eu<\/a><\/strong><\/span><\/p>\n<p dir=\"ltr\"><span style=\"font-size: 16px;\"><strong><a href=\"https:\/\/wa.me\/491721570178\">WhatsApp<\/a><\/strong><\/span><\/p>\n","protected":false},"excerpt":{"rendered":"<p>Ukrainische Scheidung in Deutschland \u2013 was kostet die Scheidung, wenn sie nicht kostenlos ist? Nicht jede Ukrainerin und nicht jeder Ukrainer in Deutschland erh\u00e4lt Verfahrenskostenhilfe. Wenn Sie arbeiten, ein regelm\u00e4\u00dfiges Einkommen haben oder \u00fcber ausreichendes Verm\u00f6gen verf\u00fcgen, kann das Familiengericht &hellip; <a href=\"https:\/\/scheidung-beratung-online.de\/?page_id=4318\">Weiterlesen <span class=\"meta-nav\">&rarr;<\/span><\/a><\/p>\n","protected":false},"author":1,"featured_media":0,"parent":0,"menu_order":0,"comment_status":"closed","ping_status":"closed","template":"","meta":[],"aioseo_notices":[],"acf":[],"_links":{"self":[{"href":"https:\/\/scheidung-beratung-online.de\/index.php?rest_route=\/wp\/v2\/pages\/4318"}],"collection":[{"href":"https:\/\/scheidung-beratung-online.de\/index.php?rest_route=\/wp\/v2\/pages"}],"about":[{"href":"https:\/\/scheidung-beratung-online.de\/index.php?rest_route=\/wp\/v2\/types\/page"}],"author":[{"embeddable":true,"href":"https:\/\/scheidung-beratung-online.de\/index.php?rest_route=\/wp\/v2\/users\/1"}],"replies":[{"embeddable":true,"href":"https:\/\/scheidung-beratung-online.de\/index.php?rest_route=%2Fwp%2Fv2%2Fcomments&post=4318"}],"version-history":[{"count":13,"href":"https:\/\/scheidung-beratung-online.de\/index.php?rest_route=\/wp\/v2\/pages\/4318\/revisions"}],"predecessor-version":[{"id":4336,"href":"https:\/\/scheidung-beratung-online.de\/index.php?rest_route=\/wp\/v2\/pages\/4318\/revisions\/4336"}],"wp:attachment":[{"href":"https:\/\/scheidung-beratung-online.de\/index.php?rest_route=%2Fwp%2Fv2%2Fmedia&parent=4318"}],"curies":[{"name":"wp","href":"https:\/\/api.w.org\/{rel}","templated":true}]}}